{"id":11179,"date":"2023-04-05T15:26:50","date_gmt":"2023-04-05T15:26:50","guid":{"rendered":"https:\/\/xometry.pro\/datenschutzrichtlinie\/"},"modified":"2024-03-27T15:52:33","modified_gmt":"2024-03-27T14:52:33","slug":"datenschutzrichtlinie","status":"publish","type":"page","link":"https:\/\/xometry.pro\/de\/datenschutzrichtlinie\/","title":{"rendered":"Datenschutzerkl\u00e4rung"},"content":{"rendered":"<h1 class=\"wp-block-heading has-text-align-center\" id=\"h-datenschutzerklarung\"><br>Datenschutzerkl\u00e4rung<\/h1>\n\n\n<p class=\"has-text-align-center\" style=\"font-size:18px\">Xometry Europe GmbH, Ada-Lovelace-Str. 9, 85521 Ottobrunn, Deutschland<\/p>\n\n\n\n<div style=\"height:48px\" aria-hidden=\"true\" class=\"wp-block-spacer\"><\/div>\n\n\n\n<p>Verantwortliche Stelle im Sinne der \u00a7\u00a7 3 Abs. 7 und 4 Abs. 3 Bundesdatenschutzgesetz ist die Xometry Europe GmbH, vertreten durch ihren Gesch\u00e4ftsf\u00fchrer Hr. Dmitry Kafidov.<\/p>\n\n\n\n<p>Wir erheben und speichern Daten, die wir von unseren Kunden und Lieferanten erhalten. Dabei handelt es sich um personenbezogene Daten von Kunden und\/oder Daten eines Unternehmens, mit dem wir gesch\u00e4ftlichen Kontakt haben. Hierunter fallen gegebenenfalls auch Nutzungsdaten wie IP-Adressen.<\/p>\n\n\n\n<p>Die Daten dienen dazu, Auftr\u00e4ge, die wir vom Kunden erhalten, in deren Interesse abzuwickeln. Dabei ist es erforderlich, dass Daten von Kunden an in unserem Auftrag ausf\u00fchrende Unternehmen weitergegeben werden. Dies betrifft insbesondere die Weitergabe von Zeichnungen und\/oder Konstruktionspl\u00e4nen sowie Objektbeschreibungen.<\/p>\n\n\n\n<p>Au\u00dfer im Rahmen der Auftragserf\u00fcllung verwenden wir die Daten von Kunden auch, soweit wir Dritte mit der Erf\u00fcllung von Aufgaben betrauen, etwa Paketlieferungen, Abwicklung von Zahlungen u. \u00e4.. Soweit Dritte pers\u00f6nliche Daten von Kunden und\/oder anderen Unternehmen erhalten, d\u00fcrfen diese nicht weitergegeben werden.<\/p>\n\n\n\n<p>Der Kunde und\/oder das Unternehmen erh\u00e4lt jederzeit ohne Angabe von Gr\u00fcnden kostenfreie Auskunft \u00fcber die Daten, die bei uns gespeichert sind. Es besteht jederzeit die M\u00f6glichkeit, die bei uns erhobenen Daten sperren, berichtigen oder l\u00f6schen zu lassen. Sollte ein Kunde die L\u00f6schung der von Xometry aufbewahrten Daten w\u00fcnschen, so m\u00fcssen sie diese Anfrage schriftlich an <a href=\"mailto:in**@*****ry.eu\" data-original-string=\"6DeFgGWapLbHa8c5R3VfCg==0227Pno5N\/eaUsc1AzZaRka\/w==\" title=\"Dieser Kontakt wurde von Anti-Spam by CleanTalk verschl\u00fcsselt. Klicken Sie hier, um ihn zu entschl\u00fcsseln. Um die Entschl\u00fcsselung abzuschlie\u00dfen, stellen Sie sicher, dass JavaScript in Ihrem Browser aktiviert ist.\" target=\"_blank\" rel=\"noreferrer noopener\"><span \n                data-original-string='zJkeWjy7\/QVnNalbWXiL4g==02205SG6UWIH6vSvtOnAH5sGg=='\n                class='apbct-email-encoder'\n                title='Dieser Kontakt wurde von Anti-Spam by CleanTalk verschl\u00fcsselt. Klicken Sie hier, um ihn zu entschl\u00fcsseln. Um die Entschl\u00fcsselung abzuschlie\u00dfen, stellen Sie sicher, dass JavaScript in Ihrem Browser aktiviert ist.'>in<span class=\"apbct-blur\">**<\/span>@<span class=\"apbct-blur\">*****<\/span>ry.eu<\/span><\/a> \u00fcbermitteln. Die uns gegebene Einwilligung zur Datenerhebung oder zur Verwendung der Daten kann jederzeit ohne Angabe von Gr\u00fcnden gegen\u00fcber der verantwortlichen Stelle widerrufen werden.<\/p>\n\n\n\n<p>Zum Schutz Ihrer bei uns vorgehaltenen personenbezogenen Daten vor unberechtigtem Zugriff und Missbrauch haben wir umfangreiche technische und betriebliche Sicherheitsvorkehrungen getroffen. Unsere Sicherheitsverfahren zum Schutz gegen Besch\u00e4digungen, Zerst\u00f6rung oder den unberechtigten Zugriff werden regelm\u00e4\u00dfig \u00fcberpr\u00fcft und dem technologischen Fortschritt angepasst.<\/p>\n\n\n\n<p>Wir speichern den Vertragstext und senden Ihnen die Bestelldaten per E-Mail zu. Die AGB k\u00f6nnen Sie jederzeit unter (www.xometry.de\/de\/conditions) einsehen.<\/p>\n\n\n\n<p>Diese Website verf\u00fcgt \u00fcber Links zu externen Seiten. Wenn Sie diese Links anklicken, wird die IP-Adresse in den meisten F\u00e4llen ebenfalls im Protokoll dieser Websites auftauchen. Diese Datenschutzerkl\u00e4rung gilt nur f\u00fcr diese Website und nicht f\u00fcr Websites Dritter.<\/p>\n\n\n\n<p>Um den Besuch unserer Website attraktiv zu gestalten und die Nutzung bestimmter Funktionen zu erm\u00f6glichen, verwenden wir auf verschiedenen Seiten sogenannte Cookies. Hierbei handelt es sich um kleine Textdateien, die auf Ihrem Endger\u00e4t abgelegt werden. Einige der von uns verwendeten Cookies werden nach dem Ende der Browser-Sitzung, also nach Schlie\u00dfen Ihres Browsers, wieder gel\u00f6scht (sog. Sitzungs-Cookies). Andere Cookies verbleiben auf Ihrem Endger\u00e4t und erm\u00f6glichen uns oder unseren Partnerunternehmen, Ihren Browser beim n\u00e4chsten Besuch wiederzuerkennen (persistente Cookies).<\/p>\n\n\n\n<p>Sie k\u00f6nnen Ihren Browser so einstellen, dass Sie \u00fcber das Setzen von Cookies informiert werden und einzeln \u00fcber deren Annahme entscheiden oder die Annahme von Cookies f\u00fcr bestimmte F\u00e4lle oder generell ausschlie\u00dfen. Bei der Nichtannahme von Cookies kann die Funktionalit\u00e4t unserer Website eingeschr\u00e4nkt sein.<\/p>\n\n\n\n<div style=\"height:16px\" aria-hidden=\"true\" class=\"wp-block-spacer\"><\/div>\n\n\n<h3 class=\"wp-block-heading\" id=\"h-google-analytics\">Google Analytics<\/h3>\n\n\n<p>Diese Website benutzt Google Analytics, einen Webanalysedienst der Google Inc. (Google). Google Analytics verwendet sog. Cookies, Textdateien, die auf Ihrem Computer gespeichert werden und die eine Analyse der Benutzung der Website durch Sie erm\u00f6glichen. Die durch den Cookie erzeugten Informationen \u00fcber Ihre Benutzung dieser Website werden in der Regel an einen Server von Google in den USA \u00fcbertragen und dort gespeichert. Im Falle der Aktivierung der IP-Anonymisierung auf dieser Webseite, wird Ihre IP-Adresse von Google jedoch innerhalb von Mitgliedstaaten der Europ\u00e4ischen Union oder in anderen Vertragsstaaten des Abkommens \u00fcber den Europ\u00e4ischen Wirtschaftsraum zuvor gek\u00fcrzt. Nur in Ausnahmef\u00e4llen wird die volle IP-Adresse an einen Server von Google in den USA \u00fcbertragen und dort gek\u00fcrzt. Im Auftrag des Betreibers dieser Website wird Google diese Informationen benutzen, um Ihre Nutzung der Website auszuwerten, um Reports \u00fcber die Websiteaktivit\u00e4ten zusammenzustellen und um weitere mit der Websitenutzung und der Internetnutzung verbundene Dienstleistungen gegen\u00fcber dem Websitebetreiber zu erbringen. Die im Rahmen von Google Analytics von Ihrem Browser \u00fcbermittelte IP-Adresse wird nicht mit anderen Daten von Google zusammengef\u00fchrt. Sie k\u00f6nnen die Speicherung der Cookies durch eine entsprechende Einstellung Ihrer Browser-Software verhindern; wir weisen Sie jedoch darauf hin, dass Sie in diesem Fall gegebenenfalls nicht s\u00e4mtliche Funktionen dieser Website vollumf\u00e4nglich werden nutzen k\u00f6nnen. Sie k\u00f6nnen dar\u00fcber hinaus die Erfassung der durch das Cookie erzeugten und auf Ihre Nutzung der Website bezogenen Daten (inkl. Ihrer IP-Adresse) an Google sowie die Verarbeitung dieser Daten durch Google verhindern, indem sie das unter dem folgenden Link http:\/\/tools.google.com\/dlpage\/gaoptout?hl=de verf\u00fcgbare Browser-Plugin herunterladen und installieren.<\/p>\n\n\n\n<p>N\u00e4here Informationen zu Nutzungsbedingungen und Datenschutz finden Sie unter&nbsp;<a href=\"http:\/\/www.google.com\/analytics\/terms\/de.html\">http:\/\/www.google.com\/analytics\/terms\/de.html<\/a>&nbsp;bzw. unter&nbsp;<a href=\"http:\/\/support.google.com\/analytics\/answer\/6004245?hl=de\">http:\/\/support.google.com\/analytics\/answer\/6004245?hl=de<\/a>. Wir weisen Sie darauf hin, dass auf dieser Webseite Google Analytics um den Code gat._anonymizeIp(); erweitert wurde, um eine anonymisierte Erfassung von IP-Adressen (sog. IP-Masking) zu gew\u00e4hrleisten. (Quelle:<a href=\"http:\/\/www.datenschutzbeauftragter-info.de\/\">http:\/\/www.datenschutzbeauftragter-info.de<\/a>)<\/p>\n\n\n\n<div style=\"height:16px\" aria-hidden=\"true\" class=\"wp-block-spacer\"><\/div>\n\n\n<h3 class=\"wp-block-heading\" id=\"h-amplitude\">Amplitude<\/h3>\n\n\n<p>Ein bestimmter Teil dieser Website (\u201cPartnerbereich\u201d) verwendet Amplitude Web Analytics von Amplitude, Inc., 501 2nd Street, Suite 100, San Francisco, CA 94107, USA (im Folgenden \u201cAmplitude\u201d genannt).<\/p>\n\n\n\n<p>Amplitude verwendet \u201cCookies\u201d, kleine Textdateien, die auf den Computern der Benutzer gespeichert werden, um die Benutzeraktivit\u00e4t zu analysieren. Informationen werden nur im \u201cPartnerbereich\u201d gesammelt, wo alle Benutzer mit ihrem Login und Passwort angemeldet sind. Ihre Identit\u00e4t (n\u00e4mlich Firmenname, Benutzername und E-Mail-Adresse) wird zusammen mit Ihren Aktivit\u00e4ten im Bereich \u201cPartnerbereich\u201d der Website aus Gr\u00fcnden der \u00dcberpr\u00fcfung von UX und zur Verbesserung unserer Website gespeichert. Informationen \u00fcber Ihre Nutzung dieser Website, die durch Cookies gesammelt werden, werden an Amplitude \u00fcbertragen und auf dem Server von Amplitude in der EU und den USA gespeichert. Amplitude wird diese Informationen verarbeiten, um f\u00fcr uns Berichte \u00fcber den Betrieb unserer Website zu erstellen und andere Dienstleistungen anzubieten. Amplitude verarbeitet diese Informationen wie in den Nutzungsbedingungen f\u00fcr Amplitude Service beschrieben.<\/p>\n\n\n\n<p>Keine anderen Teile unserer Website, au\u00dfer dem Partnerbereich, sammeln Daten mit Amplitude Service. Mit der Nutzung des Partnerbereichs dieser Website stimmen Sie zu, dass Amplitude Ihre Daten.&nbsp;<\/p>\n\n\n\n<div style=\"height:16px\" aria-hidden=\"true\" class=\"wp-block-spacer\"><\/div>\n\n\n<h3 class=\"wp-block-heading\" id=\"h-lead-forensics\">Lead Forensics<\/h3>\n\n\n<p style=\"font-size:18px\">Wir verwenden ein Drittanbieter-Cookie namens _lfuuid. Der Cookie wird im Zustimmungsbanner, der bei Ihrem ersten Besuch auf unserer Website erscheint, akzeptiert oder abgelehnt. Der Cookie erm\u00f6glicht es einer Website, das Besucherverhalten auf den Seiten, auf denen der Cookie installiert ist, zu verfolgen. Die Verfolgung findet anonym statt, bis sich ein Benutzer durch das Absenden eines Formulars identifiziert. Der Cookie ist f\u00fcr 10 Jahre best\u00e4ndig, bevor er abl\u00e4uft.<\/p>\n\n\n\n<div style=\"height:98px\" aria-hidden=\"true\" class=\"wp-block-spacer\"><\/div>\n","protected":false},"excerpt":{"rendered":"<p>Datenschutzerkl\u00e4rung Xometry Europe GmbH, Ada-Lovelace-Str. 9, 85521 Ottobrunn, Deutschland Verantwortliche Stelle im Sinne der \u00a7\u00a7 3 Abs. 7 und 4 Abs. 3 Bundesdatenschutzgesetz ist die Xometry Europe GmbH, vertreten durch ihren Gesch\u00e4ftsf\u00fchrer Hr. Dmitry Kafidov. Wir erheben und speichern Daten, die wir von unseren Kunden und Lieferanten erhalten. Dabei handelt es sich um personenbezogene Daten [&hellip;]<\/p>\n","protected":false},"author":1,"featured_media":0,"parent":0,"menu_order":38,"comment_status":"closed","ping_status":"open","template":"tpl-page.php","meta":{"_acf_changed":false,"_bbp_topic_count":0,"_bbp_reply_count":0,"_bbp_total_topic_count":0,"_bbp_total_reply_count":0,"_bbp_voice_count":0,"_bbp_anonymous_reply_count":0,"_bbp_topic_count_hidden":0,"_bbp_reply_count_hidden":0,"_bbp_forum_subforum_count":0,"inline_featured_image":false,"footnotes":""},"class_list":["post-11179","page","type-page","status-publish","hentry"],"acf":[],"yoast_head":"<!-- This site is optimized with the Yoast SEO Premium plugin v26.7 (Yoast SEO v27.3) - https:\/\/yoast.com\/product\/yoast-seo-premium-wordpress\/ -->\n<title>Datenschutzerkl\u00e4rung | Xometry Pro<\/title>\n<meta name=\"robots\" content=\"index, follow, max-snippet:-1, max-image-preview:large, max-video-preview:-1\" \/>\n<link rel=\"canonical\" href=\"https:\/\/xometry.pro\/de\/datenschutzrichtlinie\/\" \/>\n<meta property=\"og:locale\" content=\"de_DE\" \/>\n<meta property=\"og:type\" content=\"article\" \/>\n<meta property=\"og:title\" content=\"Datenschutzerkl\u00e4rung\" \/>\n<meta property=\"og:description\" content=\"Datenschutzerkl\u00e4rung Xometry Europe GmbH, Ada-Lovelace-Str. 9, 85521 Ottobrunn, Deutschland Verantwortliche Stelle im Sinne der \u00a7\u00a7 3 Abs. 7 und 4 Abs. 3 Bundesdatenschutzgesetz ist die Xometry Europe GmbH, vertreten durch ihren Gesch\u00e4ftsf\u00fchrer Hr. Dmitry Kafidov. Wir erheben und speichern Daten, die wir von unseren Kunden und Lieferanten erhalten. Dabei handelt es sich um personenbezogene Daten [&hellip;]\" \/>\n<meta property=\"og:url\" content=\"https:\/\/xometry.pro\/de\/datenschutzrichtlinie\/\" \/>\n<meta property=\"og:site_name\" content=\"Xometry Pro\" \/>\n<meta property=\"article:modified_time\" content=\"2024-03-27T14:52:33+00:00\" \/>\n<meta name=\"twitter:card\" content=\"summary_large_image\" \/>\n<meta name=\"twitter:label1\" content=\"Gesch\u00e4tzte Lesezeit\" \/>\n\t<meta name=\"twitter:data1\" content=\"5\u00a0Minute\" \/>\n<script type=\"application\/ld+json\" class=\"yoast-schema-graph\">{\"@context\":\"https:\\\/\\\/schema.org\",\"@graph\":[{\"@type\":\"WebPage\",\"@id\":\"https:\\\/\\\/xometry.pro\\\/de\\\/datenschutzrichtlinie\\\/\",\"url\":\"https:\\\/\\\/xometry.pro\\\/de\\\/datenschutzrichtlinie\\\/\",\"name\":\"Datenschutzerkl\u00e4rung | Xometry Pro\",\"isPartOf\":{\"@id\":\"https:\\\/\\\/xometry.pro\\\/de\\\/#website\"},\"datePublished\":\"2023-04-05T15:26:50+00:00\",\"dateModified\":\"2024-03-27T14:52:33+00:00\",\"breadcrumb\":{\"@id\":\"https:\\\/\\\/xometry.pro\\\/de\\\/datenschutzrichtlinie\\\/#breadcrumb\"},\"inLanguage\":\"de\",\"potentialAction\":[{\"@type\":\"ReadAction\",\"target\":[\"https:\\\/\\\/xometry.pro\\\/de\\\/datenschutzrichtlinie\\\/\"]}]},{\"@type\":\"BreadcrumbList\",\"@id\":\"https:\\\/\\\/xometry.pro\\\/de\\\/datenschutzrichtlinie\\\/#breadcrumb\",\"itemListElement\":[{\"@type\":\"ListItem\",\"position\":1,\"name\":\"Startseite\",\"item\":\"https:\\\/\\\/xometry.pro\\\/de\\\/\"},{\"@type\":\"ListItem\",\"position\":2,\"name\":\"Datenschutzerkl\u00e4rung\"}]},{\"@type\":\"WebSite\",\"@id\":\"https:\\\/\\\/xometry.pro\\\/de\\\/#website\",\"url\":\"https:\\\/\\\/xometry.pro\\\/de\\\/\",\"name\":\"Xometry Pro\",\"description\":\"Knowledge &amp; Community For Engineers &amp; Product Designers\",\"potentialAction\":[{\"@type\":\"SearchAction\",\"target\":{\"@type\":\"EntryPoint\",\"urlTemplate\":\"https:\\\/\\\/xometry.pro\\\/de\\\/?s={search_term_string}\"},\"query-input\":{\"@type\":\"PropertyValueSpecification\",\"valueRequired\":true,\"valueName\":\"search_term_string\"}}],\"inLanguage\":\"de\"}]}<\/script>\n<!-- \/ Yoast SEO Premium plugin. -->","yoast_head_json":{"title":"Datenschutzerkl\u00e4rung | Xometry Pro","robots":{"index":"index","follow":"follow","max-snippet":"max-snippet:-1","max-image-preview":"max-image-preview:large","max-video-preview":"max-video-preview:-1"},"canonical":"https:\/\/xometry.pro\/de\/datenschutzrichtlinie\/","og_locale":"de_DE","og_type":"article","og_title":"Datenschutzerkl\u00e4rung","og_description":"Datenschutzerkl\u00e4rung Xometry Europe GmbH, Ada-Lovelace-Str. 9, 85521 Ottobrunn, Deutschland Verantwortliche Stelle im Sinne der \u00a7\u00a7 3 Abs. 7 und 4 Abs. 3 Bundesdatenschutzgesetz ist die Xometry Europe GmbH, vertreten durch ihren Gesch\u00e4ftsf\u00fchrer Hr. Dmitry Kafidov. Wir erheben und speichern Daten, die wir von unseren Kunden und Lieferanten erhalten. Dabei handelt es sich um personenbezogene Daten [&hellip;]","og_url":"https:\/\/xometry.pro\/de\/datenschutzrichtlinie\/","og_site_name":"Xometry Pro","article_modified_time":"2024-03-27T14:52:33+00:00","twitter_card":"summary_large_image","twitter_misc":{"Gesch\u00e4tzte Lesezeit":"5\u00a0Minute"},"schema":{"@context":"https:\/\/schema.org","@graph":[{"@type":"WebPage","@id":"https:\/\/xometry.pro\/de\/datenschutzrichtlinie\/","url":"https:\/\/xometry.pro\/de\/datenschutzrichtlinie\/","name":"Datenschutzerkl\u00e4rung | Xometry Pro","isPartOf":{"@id":"https:\/\/xometry.pro\/de\/#website"},"datePublished":"2023-04-05T15:26:50+00:00","dateModified":"2024-03-27T14:52:33+00:00","breadcrumb":{"@id":"https:\/\/xometry.pro\/de\/datenschutzrichtlinie\/#breadcrumb"},"inLanguage":"de","potentialAction":[{"@type":"ReadAction","target":["https:\/\/xometry.pro\/de\/datenschutzrichtlinie\/"]}]},{"@type":"BreadcrumbList","@id":"https:\/\/xometry.pro\/de\/datenschutzrichtlinie\/#breadcrumb","itemListElement":[{"@type":"ListItem","position":1,"name":"Startseite","item":"https:\/\/xometry.pro\/de\/"},{"@type":"ListItem","position":2,"name":"Datenschutzerkl\u00e4rung"}]},{"@type":"WebSite","@id":"https:\/\/xometry.pro\/de\/#website","url":"https:\/\/xometry.pro\/de\/","name":"Xometry Pro","description":"Knowledge &amp; Community For Engineers &amp; Product Designers","potentialAction":[{"@type":"SearchAction","target":{"@type":"EntryPoint","urlTemplate":"https:\/\/xometry.pro\/de\/?s={search_term_string}"},"query-input":{"@type":"PropertyValueSpecification","valueRequired":true,"valueName":"search_term_string"}}],"inLanguage":"de"}]}},"_links":{"self":[{"href":"https:\/\/xometry.pro\/de\/wp-json\/wp\/v2\/pages\/11179","targetHints":{"allow":["GET"]}}],"collection":[{"href":"https:\/\/xometry.pro\/de\/wp-json\/wp\/v2\/pages"}],"about":[{"href":"https:\/\/xometry.pro\/de\/wp-json\/wp\/v2\/types\/page"}],"author":[{"embeddable":true,"href":"https:\/\/xometry.pro\/de\/wp-json\/wp\/v2\/users\/1"}],"replies":[{"embeddable":true,"href":"https:\/\/xometry.pro\/de\/wp-json\/wp\/v2\/comments?post=11179"}],"version-history":[{"count":0,"href":"https:\/\/xometry.pro\/de\/wp-json\/wp\/v2\/pages\/11179\/revisions"}],"wp:attachment":[{"href":"https:\/\/xometry.pro\/de\/wp-json\/wp\/v2\/media?parent=11179"}],"curies":[{"name":"wp","href":"https:\/\/api.w.org\/{rel}","templated":true}]}}