{"id":29320,"date":"2024-01-11T11:26:39","date_gmt":"2024-01-11T11:26:39","guid":{"rendered":"https:\/\/xometry.pro\/about\/"},"modified":"2024-03-26T12:53:39","modified_gmt":"2024-03-26T11:53:39","slug":"uber-xometry-pro","status":"publish","type":"page","link":"https:\/\/xometry.pro\/de\/uber-xometry-pro\/","title":{"rendered":"\u00dcber Xometry Pro"},"content":{"rendered":"<h1 class=\"wp-block-heading\" id=\"wissen-und-gemeinschaft-fuer-den-maschinenbau-die-fertigung-und-das-produktdesign\">Wissen und Gemeinschaft f\u00fcr den Maschinenbau, die Fertigung und das Produktdesign<\/h1>\n\n\n<div style=\"height:47px\" aria-hidden=\"true\" class=\"wp-block-spacer\"><\/div>\n\n\n\n<p>Xometry ist eine mediale Plattform, die von <a href=\"https:\/\/xometry.eu\/de\/\">Xometry<\/a> erstellt und moderiert wird, der KI-gest\u00fctzten Plattform f\u00fcr Beschaffung und kundenspezifische Fertigungsl\u00f6sungen. Die Xometry Pro-Website ist dabei f\u00fcr Ingenieure, Produktentwickler und Technikbegeisterte erstellt worden.<\/p>\n\n\n\n<p>Auf dieser Seite erfahren Sie, wie unsere Website funktioniert und erkunden ihre verschiedenen Abschnitte:<\/p>\n\n\n\n<ul class=\"wp-block-list\">\n<li>Community<\/li>\n\n\n\n<li>Materialbibliothek<\/li>\n\n\n\n<li>Artikel<\/li>\n\n\n\n<li>E-Books und Ratgeber<\/li>\n\n\n\n<li>Webinare<\/li>\n\n\n\n<li>Kostenlose Kurse<\/li>\n\n\n\n<li>Erfolgsgeschichten und Fallstudien\n<ul class=\"wp-block-list\">\n<li>Wie k\u00f6nnen Sie Ihre Geschichte teilen?<\/li>\n<\/ul>\n<\/li>\n\n\n\n<li>Kostenlose Tools<\/li>\n\n\n\n<li>Ihr pers\u00f6nliches Konto<\/li>\n<\/ul>\n\n\n<h2 class=\"wp-block-heading\" id=\"community\"><strong>Community<\/strong><\/h2>\n\n\n<p>Unsere <a href=\"https:\/\/xometry.pro\/de\/community\/\">Community<\/a> ist Ihre erste Anlaufstelle f\u00fcr das Teilen von Erfahrungen, den Gedankenaustausch und um nach Rat zu fragen. Erstellen Sie individuelle Diskussionsthemen, stellen Sie Fragen und nehmen Sie an Gespr\u00e4chen teil, die von anderen Community-Mitgliedern initiiert wurden. Um teilzunehmen, ben\u00f6tigen Sie nur einen kostenloses Xometry Pro-Konto. Alternativ k\u00f6nnen Sie sich \u00fcber Ihre sozialen Medien einloggen, oder Ihr Konto bei get.xometry.eu, get.xometry.uk oder get.xometry.tr verwenden.<\/p>\n\n\n<h2 class=\"wp-block-heading\" id=\"materialbibliothek\"><strong>Materialbibliothek<\/strong><\/h2>\n\n\n<p>Eine umfangreiche <a href=\"https:\/\/xometry.pro\/de\/materialien\/\">Bibliothek \u00fcber Materialien<\/a>, wie sie in verschiedenen Fertigungsverfahren eingesetzt werden. Komplett mit detaillierten Angaben zu Eigenschaften und Spezifikationen.<\/p>\n\n\n<h2 class=\"wp-block-heading\" id=\"artikel\"><strong>Artikel<\/strong><\/h2>\n\n\n<p>Eine <a href=\"https:\/\/xometry.pro\/de\/artikel\/\">Sammlung von Artikeln<\/a>, die von den Experten und Ingenieuren bei Xometry geschrieben wurden, um Ihnen wertvolle Einblicke und Fachwissen zu bieten.<\/p>\n\n\n<h2 class=\"wp-block-heading\" id=\"ebooks-und-ratgeber\"><strong>E-Books und Ratgeber<\/strong><\/h2>\n\n\n<p>Laden Sie sich aufschlussreiche <a href=\"https:\/\/xometry.pro\/de\/leitfaeden\/\">E-Books und Ratgeber<\/a> herunter, die Ihnen sowohl fundiertes Wissen als auch praktische Ratschl\u00e4ge bieten.<\/p>\n\n\n<h2 class=\"wp-block-heading\" id=\"webinare\"><strong>Webinare<\/strong><\/h2>\n\n\n<p>Nehmen Sie an informativen <a href=\"https:\/\/xometry.pro\/de\/webinare\/\">Webinaren<\/a> teil, in denen Branchenexperten die neuesten Trends, Technologien und Best Practices diskutieren.<\/p>\n\n\n<h2 class=\"wp-block-heading\" id=\"kostenlose-kurse\"><strong>Kostenlose Kurse<\/strong><\/h2>\n\n\n<p>Melden Sie sich f\u00fcr <a href=\"https:\/\/xometry.pro\/de\/kurse\/\">unsere Kurse<\/a> an, um praktische Erfahrungen und F\u00e4higkeiten zu erwerben, die Ihnen in strukturierten Unterrichtseinheiten und \u00fcber interaktive Lernerfahrungen n\u00e4her gebracht werden. F\u00fcr den Zugriff auf diese Kurse ben\u00f6tigen Sie ein kostenloses Xometry Pro-Konto (bzw. einen Zugang \u00fcber die alternativen Zugriffsm\u00f6glichkeiten).<\/p>\n\n\n<h2 class=\"wp-block-heading\" id=\"erfolgsgeschichten-und-fallstudien\"><strong>Erfolgsgeschichten und Fallstudien<\/strong><\/h2>\n\n\n<ul class=\"wp-block-list\">\n<li>Entdecken Sie <a href=\"https:\/\/xometry.pro\/en-eu\/stories\/\">Erfolgsgeschichten und Fallstudien aus der Fertigung<\/a> in der echten Welt, die Ihnen sowohl innovative L\u00f6sungen als auch Best Practices zeigt.<\/li>\n\n\n\n<li>Teilen Sie Ihr Produktdesign und Fertigungsgeschichte mit uns<\/li>\n<\/ul>\n\n\n<h3 class=\"wp-block-heading\" id=\"wie-koennen-sie-ihre-geschichte-auf-xometry-pro-teilen\"><strong>Wie k\u00f6nnen Sie Ihre Geschichte auf Xometry Pro teilen?<\/strong><\/h3>\n\n\n<p>Falls Sie hier Ihre Geschichte dar\u00fcber teilen m\u00f6chten, wie Sie etwas Cooles entwickelt haben, und es dann hergestellt wurde, k\u00f6nnen Sie <a href=\"https:\/\/xometry.pro\/de\/stories\/\" target=\"_blank\" rel=\"noreferrer noopener\">diese Vorlage<\/a> ausf\u00fcllen, und unsere Content-Manager f\u00fchren Sie durch den Ver\u00f6ffentlichungsprozess.<\/p>\n\n\n<h2 class=\"wp-block-heading\" id=\"kostenlose-tools\"><strong>Kostenlose Tools<\/strong><\/h2>\n\n\n<p>Entdecken Sie die <a href=\"https:\/\/xometry.pro\/de\/hilfsmittel\/\">kostenlosen Tools<\/a>, die dazu entwickelt wurden, die Produktivit\u00e4t von Ingenieuren und Produktentwicklern zu steigern.<\/p>\n\n\n<h2 class=\"wp-block-heading\" id=\"ihr-persoenliches-konto\">Ihr pers\u00f6nliches Konto<\/h2>\n\n\n<ul class=\"wp-block-list\">\n<li>Um Kommentare zu hinterlassen, an Diskussionen teilzunehmen, Community-Threads zu erstellen oder Ihre Lieblingsartikel mit Lesezeichen zu versehen, loggen Sie sich bitte in Ihr Xometry Pro-Konto mit Ihrer E-Mail-Adresse, Ihrem Xometry-Kundenkonto oder \u00fcber Ihre sozialen Medien ein. Auf diesem Weg werden Sie automatisch registriert, und wir erhalten auf Xometry Pro Ihren Namen, Ihr Foto und Ihre E-Mail-Adresse.<br><img decoding=\"async\" width=\"370\" height=\"395\" src=\"https:\/\/lh7-us.googleusercontent.com\/8WLL4_5R6hq_6QTkKQKWiUuPgEDR9ZxqpQ7FNt7kPW0ctR98rwMXNjAb-DTaN674EjgmgHhcbKbyFG_x7RpiUqk1IG9vjlNfjhSQFM3c64-wTErsAwmFRjXFx2pSxyIZ6uxXZyqKXoWyKVfXlXpw6uk\"><\/li>\n\n\n\n<li>Es ist sehr wichtig f\u00fcr uns sicherzustellen, dass Sie und niemand anderes auf Xometry Pro liest und schreibt. Aus diesem Grund bitten wir Sie darum, dass Sie echte Daten im Rahmen der Registrierung angeben. Bei Bedarf k\u00f6nnen Sie immer einen Spitznamen bzw. Alias in Ihren <a href=\"https:\/\/xometry.pro\/account\/?tab=preferences\">Kontoeinstellungen<\/a> angeben. Mit diesem Spitznamen k\u00f6nnen Sie auf Wunsch Ihren Namen vor anderen Nutzern geheim halten.<\/li>\n<\/ul>\n\n\n\n<figure class=\"wp-block-image is-resized\"><img decoding=\"async\" src=\"https:\/\/lh7-us.googleusercontent.com\/uuRd5EwwFdrJ7bOPtWU4SLGhfB2CXIL5ItO4jKhtApBppYjg-2OM1xD_rg-dyGVsUBWgFP3ToSNVtfJzAuYK2F0rvC4prDzhJoeH2M7CzJLat7NTEAtP0Mey22aWVvYOpxB5PDf7pTRn5_CSKfMdbcU\" alt=\"\" style=\"max-width:434px;height:auto\"\/><\/figure>\n\n\n<h2 class=\"wp-block-heading\" id=\"unsere-regeln-fuer-die-website\">Unsere Regeln f\u00fcr die Website<\/h2>\n\n\n<p>By reading Xometry Pro, you agree to our terms and conditions available at <a href=\"https:\/\/xometry.pro\/de\/terms\/\">https:\/\/xometry.pro\/en\/terms\/<\/a>. These rules form a contract between you as a Xometry Pro user and the site&#8217;s editorial staff. Their key points in simple terms include:<\/p>\n\n\n\n<ul class=\"wp-block-list\">\n<li>Posting requires login via email, Xometry account, or social network.<\/li>\n\n\n\n<li>Real data for registration is essential to verify user identity.<\/li>\n\n\n\n<li>Users must own or have permission to use text and images in their comments or posts.<\/li>\n\n\n\n<li>Xometry may use stories or commentary for editorial and marketing purposes after careful editing.<\/li>\n\n\n\n<li>Prohibited content includes defamation, violence, pornography, solicitation, discrimination, abuse, insults, and harassment.<\/li>\n\n\n\n<li>No fake accounts, illegal information, spam, or damage to the site is allowed.<\/li>\n\n\n\n<li>Disputes will be resolved through negotiation before court involvement.<\/li>\n\n\n\n<li>Complaints about comments or posts are the responsibility of the person under whose name the text was published.<\/li>\n\n\n\n<li>Xometry Pro is not an instruction manual, and the site is not responsible for consequences.<\/li>\n\n\n\n<li>Rules become binding upon visiting Xometry Pro, and users automatically agree to any changes.<\/li>\n<\/ul>\n\n\n\n<p>For inquiries, contact the administrators at <a href=\"mailto:ad***@*****ry.pro\" data-original-string=\"bMMUhV1RuSHIcChTuWY5AQ==022O\/7oPJTzMowc3NtdyDNqWx23a7YKmSnNzkCWrXcUwwM=\" title=\"Dieser Kontakt wurde von Anti-Spam by CleanTalk verschl\u00fcsselt. Klicken Sie hier, um ihn zu entschl\u00fcsseln. Um die Entschl\u00fcsselung abzuschlie\u00dfen, stellen Sie sicher, dass JavaScript in Ihrem Browser aktiviert ist.\"><span \n                data-original-string='EZ5H9Kj+IxO52wMRfB3IWg==022Y4Ip52yMehIoDB9kLsxDFfXc+cmmUotc1lmQH404zF0='\n                class='apbct-email-encoder'\n                title='Dieser Kontakt wurde von Anti-Spam by CleanTalk verschl\u00fcsselt. Klicken Sie hier, um ihn zu entschl\u00fcsseln. Um die Entschl\u00fcsselung abzuschlie\u00dfen, stellen Sie sicher, dass JavaScript in Ihrem Browser aktiviert ist.'>ad<span class=\"apbct-blur\">***<\/span>@<span class=\"apbct-blur\">*****<\/span>ry.pro<\/span><\/a>.<\/p>\n\n\n\n<p><\/p>\n","protected":false},"excerpt":{"rendered":"<p>Wissen und Gemeinschaft f\u00fcr den Maschinenbau, die Fertigung und das Produktdesign Xometry ist eine mediale Plattform, die von Xometry erstellt und moderiert wird, der KI-gest\u00fctzten Plattform f\u00fcr Beschaffung und kundenspezifische Fertigungsl\u00f6sungen. Die Xometry Pro-Website ist dabei f\u00fcr Ingenieure, Produktentwickler und Technikbegeisterte erstellt worden. Auf dieser Seite erfahren Sie, wie unsere Website funktioniert und erkunden ihre [&hellip;]<\/p>\n","protected":false},"author":49,"featured_media":0,"parent":0,"menu_order":87,"comment_status":"closed","ping_status":"closed","template":"tpl-page.php","meta":{"_acf_changed":false,"_bbp_topic_count":0,"_bbp_reply_count":0,"_bbp_total_topic_count":0,"_bbp_total_reply_count":0,"_bbp_voice_count":0,"_bbp_anonymous_reply_count":0,"_bbp_topic_count_hidden":0,"_bbp_reply_count_hidden":0,"_bbp_forum_subforum_count":0,"inline_featured_image":false,"footnotes":""},"class_list":["post-29320","page","type-page","status-publish","hentry"],"acf":[],"yoast_head":"<!-- This site is optimized with the Yoast SEO Premium plugin v26.7 (Yoast SEO v27.3) - https:\/\/yoast.com\/product\/yoast-seo-premium-wordpress\/ -->\n<title>\u00dcber die Plattform | Xometry Pro<\/title>\n<meta name=\"description\" content=\"Xometry Pro ist eine Wissensdatenbank und Internet-Community, die sich auf den Maschinenbau, die Fertigung und das Produktdesign konzentriert, die Xometry m\u00f6glich macht, eine KI-gest\u00fctzte Plattform f\u00fcr die Beschaffung und kundenspezifische Fertigungsl\u00f6sungen.\" \/>\n<meta name=\"robots\" content=\"index, follow, max-snippet:-1, max-image-preview:large, max-video-preview:-1\" \/>\n<link rel=\"canonical\" href=\"https:\/\/xometry.pro\/de\/uber-xometry-pro\/\" \/>\n<meta property=\"og:locale\" content=\"de_DE\" \/>\n<meta property=\"og:type\" content=\"article\" \/>\n<meta property=\"og:title\" content=\"\u00dcber Xometry Pro\" \/>\n<meta property=\"og:description\" content=\"Xometry Pro ist eine Wissensdatenbank und Internet-Community, die sich auf den Maschinenbau, die Fertigung und das Produktdesign konzentriert, die Xometry m\u00f6glich macht, eine KI-gest\u00fctzte Plattform f\u00fcr die Beschaffung und kundenspezifische Fertigungsl\u00f6sungen.\" \/>\n<meta property=\"og:url\" content=\"https:\/\/xometry.pro\/de\/uber-xometry-pro\/\" \/>\n<meta property=\"og:site_name\" content=\"Xometry Pro\" \/>\n<meta property=\"article:modified_time\" content=\"2024-03-26T11:53:39+00:00\" \/>\n<meta property=\"og:image\" content=\"https:\/\/lh7-us.googleusercontent.com\/8WLL4_5R6hq_6QTkKQKWiUuPgEDR9ZxqpQ7FNt7kPW0ctR98rwMXNjAb-DTaN674EjgmgHhcbKbyFG_x7RpiUqk1IG9vjlNfjhSQFM3c64-wTErsAwmFRjXFx2pSxyIZ6uxXZyqKXoWyKVfXlXpw6uk\" \/>\n<meta name=\"twitter:card\" content=\"summary_large_image\" \/>\n<meta name=\"twitter:label1\" content=\"Gesch\u00e4tzte Lesezeit\" \/>\n\t<meta name=\"twitter:data1\" content=\"4\u00a0Minute\" \/>\n<script type=\"application\/ld+json\" class=\"yoast-schema-graph\">{\"@context\":\"https:\\\/\\\/schema.org\",\"@graph\":[{\"@type\":\"WebPage\",\"@id\":\"https:\\\/\\\/xometry.pro\\\/de\\\/uber-xometry-pro\\\/\",\"url\":\"https:\\\/\\\/xometry.pro\\\/de\\\/uber-xometry-pro\\\/\",\"name\":\"\u00dcber die Plattform | Xometry Pro\",\"isPartOf\":{\"@id\":\"https:\\\/\\\/xometry.pro\\\/de\\\/#website\"},\"primaryImageOfPage\":{\"@id\":\"https:\\\/\\\/xometry.pro\\\/de\\\/uber-xometry-pro\\\/#primaryimage\"},\"image\":{\"@id\":\"https:\\\/\\\/xometry.pro\\\/de\\\/uber-xometry-pro\\\/#primaryimage\"},\"thumbnailUrl\":\"https:\\\/\\\/lh7-us.googleusercontent.com\\\/8WLL4_5R6hq_6QTkKQKWiUuPgEDR9ZxqpQ7FNt7kPW0ctR98rwMXNjAb-DTaN674EjgmgHhcbKbyFG_x7RpiUqk1IG9vjlNfjhSQFM3c64-wTErsAwmFRjXFx2pSxyIZ6uxXZyqKXoWyKVfXlXpw6uk\",\"datePublished\":\"2024-01-11T11:26:39+00:00\",\"dateModified\":\"2024-03-26T11:53:39+00:00\",\"description\":\"Xometry Pro ist eine Wissensdatenbank und Internet-Community, die sich auf den Maschinenbau, die Fertigung und das Produktdesign konzentriert, die Xometry m\u00f6glich macht, eine KI-gest\u00fctzte Plattform f\u00fcr die Beschaffung und kundenspezifische Fertigungsl\u00f6sungen.\",\"breadcrumb\":{\"@id\":\"https:\\\/\\\/xometry.pro\\\/de\\\/uber-xometry-pro\\\/#breadcrumb\"},\"inLanguage\":\"de\",\"potentialAction\":[{\"@type\":\"ReadAction\",\"target\":[\"https:\\\/\\\/xometry.pro\\\/de\\\/uber-xometry-pro\\\/\"]}]},{\"@type\":\"ImageObject\",\"inLanguage\":\"de\",\"@id\":\"https:\\\/\\\/xometry.pro\\\/de\\\/uber-xometry-pro\\\/#primaryimage\",\"url\":\"https:\\\/\\\/lh7-us.googleusercontent.com\\\/8WLL4_5R6hq_6QTkKQKWiUuPgEDR9ZxqpQ7FNt7kPW0ctR98rwMXNjAb-DTaN674EjgmgHhcbKbyFG_x7RpiUqk1IG9vjlNfjhSQFM3c64-wTErsAwmFRjXFx2pSxyIZ6uxXZyqKXoWyKVfXlXpw6uk\",\"contentUrl\":\"https:\\\/\\\/lh7-us.googleusercontent.com\\\/8WLL4_5R6hq_6QTkKQKWiUuPgEDR9ZxqpQ7FNt7kPW0ctR98rwMXNjAb-DTaN674EjgmgHhcbKbyFG_x7RpiUqk1IG9vjlNfjhSQFM3c64-wTErsAwmFRjXFx2pSxyIZ6uxXZyqKXoWyKVfXlXpw6uk\"},{\"@type\":\"BreadcrumbList\",\"@id\":\"https:\\\/\\\/xometry.pro\\\/de\\\/uber-xometry-pro\\\/#breadcrumb\",\"itemListElement\":[{\"@type\":\"ListItem\",\"position\":1,\"name\":\"Startseite\",\"item\":\"https:\\\/\\\/xometry.pro\\\/de\\\/\"},{\"@type\":\"ListItem\",\"position\":2,\"name\":\"\u00dcber Xometry Pro\"}]},{\"@type\":\"WebSite\",\"@id\":\"https:\\\/\\\/xometry.pro\\\/de\\\/#website\",\"url\":\"https:\\\/\\\/xometry.pro\\\/de\\\/\",\"name\":\"Xometry Pro\",\"description\":\"Knowledge &amp; Community For Engineers &amp; Product Designers\",\"potentialAction\":[{\"@type\":\"SearchAction\",\"target\":{\"@type\":\"EntryPoint\",\"urlTemplate\":\"https:\\\/\\\/xometry.pro\\\/de\\\/?s={search_term_string}\"},\"query-input\":{\"@type\":\"PropertyValueSpecification\",\"valueRequired\":true,\"valueName\":\"search_term_string\"}}],\"inLanguage\":\"de\"}]}<\/script>\n<!-- \/ Yoast SEO Premium plugin. -->","yoast_head_json":{"title":"\u00dcber die Plattform | Xometry Pro","description":"Xometry Pro ist eine Wissensdatenbank und Internet-Community, die sich auf den Maschinenbau, die Fertigung und das Produktdesign konzentriert, die Xometry m\u00f6glich macht, eine KI-gest\u00fctzte Plattform f\u00fcr die Beschaffung und kundenspezifische Fertigungsl\u00f6sungen.","robots":{"index":"index","follow":"follow","max-snippet":"max-snippet:-1","max-image-preview":"max-image-preview:large","max-video-preview":"max-video-preview:-1"},"canonical":"https:\/\/xometry.pro\/de\/uber-xometry-pro\/","og_locale":"de_DE","og_type":"article","og_title":"\u00dcber Xometry Pro","og_description":"Xometry Pro ist eine Wissensdatenbank und Internet-Community, die sich auf den Maschinenbau, die Fertigung und das Produktdesign konzentriert, die Xometry m\u00f6glich macht, eine KI-gest\u00fctzte Plattform f\u00fcr die Beschaffung und kundenspezifische Fertigungsl\u00f6sungen.","og_url":"https:\/\/xometry.pro\/de\/uber-xometry-pro\/","og_site_name":"Xometry Pro","article_modified_time":"2024-03-26T11:53:39+00:00","og_image":[{"url":"https:\/\/lh7-us.googleusercontent.com\/8WLL4_5R6hq_6QTkKQKWiUuPgEDR9ZxqpQ7FNt7kPW0ctR98rwMXNjAb-DTaN674EjgmgHhcbKbyFG_x7RpiUqk1IG9vjlNfjhSQFM3c64-wTErsAwmFRjXFx2pSxyIZ6uxXZyqKXoWyKVfXlXpw6uk","type":"","width":"","height":""}],"twitter_card":"summary_large_image","twitter_misc":{"Gesch\u00e4tzte Lesezeit":"4\u00a0Minute"},"schema":{"@context":"https:\/\/schema.org","@graph":[{"@type":"WebPage","@id":"https:\/\/xometry.pro\/de\/uber-xometry-pro\/","url":"https:\/\/xometry.pro\/de\/uber-xometry-pro\/","name":"\u00dcber die Plattform | Xometry Pro","isPartOf":{"@id":"https:\/\/xometry.pro\/de\/#website"},"primaryImageOfPage":{"@id":"https:\/\/xometry.pro\/de\/uber-xometry-pro\/#primaryimage"},"image":{"@id":"https:\/\/xometry.pro\/de\/uber-xometry-pro\/#primaryimage"},"thumbnailUrl":"https:\/\/lh7-us.googleusercontent.com\/8WLL4_5R6hq_6QTkKQKWiUuPgEDR9ZxqpQ7FNt7kPW0ctR98rwMXNjAb-DTaN674EjgmgHhcbKbyFG_x7RpiUqk1IG9vjlNfjhSQFM3c64-wTErsAwmFRjXFx2pSxyIZ6uxXZyqKXoWyKVfXlXpw6uk","datePublished":"2024-01-11T11:26:39+00:00","dateModified":"2024-03-26T11:53:39+00:00","description":"Xometry Pro ist eine Wissensdatenbank und Internet-Community, die sich auf den Maschinenbau, die Fertigung und das Produktdesign konzentriert, die Xometry m\u00f6glich macht, eine KI-gest\u00fctzte Plattform f\u00fcr die Beschaffung und kundenspezifische Fertigungsl\u00f6sungen.","breadcrumb":{"@id":"https:\/\/xometry.pro\/de\/uber-xometry-pro\/#breadcrumb"},"inLanguage":"de","potentialAction":[{"@type":"ReadAction","target":["https:\/\/xometry.pro\/de\/uber-xometry-pro\/"]}]},{"@type":"ImageObject","inLanguage":"de","@id":"https:\/\/xometry.pro\/de\/uber-xometry-pro\/#primaryimage","url":"https:\/\/lh7-us.googleusercontent.com\/8WLL4_5R6hq_6QTkKQKWiUuPgEDR9ZxqpQ7FNt7kPW0ctR98rwMXNjAb-DTaN674EjgmgHhcbKbyFG_x7RpiUqk1IG9vjlNfjhSQFM3c64-wTErsAwmFRjXFx2pSxyIZ6uxXZyqKXoWyKVfXlXpw6uk","contentUrl":"https:\/\/lh7-us.googleusercontent.com\/8WLL4_5R6hq_6QTkKQKWiUuPgEDR9ZxqpQ7FNt7kPW0ctR98rwMXNjAb-DTaN674EjgmgHhcbKbyFG_x7RpiUqk1IG9vjlNfjhSQFM3c64-wTErsAwmFRjXFx2pSxyIZ6uxXZyqKXoWyKVfXlXpw6uk"},{"@type":"BreadcrumbList","@id":"https:\/\/xometry.pro\/de\/uber-xometry-pro\/#breadcrumb","itemListElement":[{"@type":"ListItem","position":1,"name":"Startseite","item":"https:\/\/xometry.pro\/de\/"},{"@type":"ListItem","position":2,"name":"\u00dcber Xometry Pro"}]},{"@type":"WebSite","@id":"https:\/\/xometry.pro\/de\/#website","url":"https:\/\/xometry.pro\/de\/","name":"Xometry Pro","description":"Knowledge &amp; Community For Engineers &amp; Product Designers","potentialAction":[{"@type":"SearchAction","target":{"@type":"EntryPoint","urlTemplate":"https:\/\/xometry.pro\/de\/?s={search_term_string}"},"query-input":{"@type":"PropertyValueSpecification","valueRequired":true,"valueName":"search_term_string"}}],"inLanguage":"de"}]}},"_links":{"self":[{"href":"https:\/\/xometry.pro\/de\/wp-json\/wp\/v2\/pages\/29320","targetHints":{"allow":["GET"]}}],"collection":[{"href":"https:\/\/xometry.pro\/de\/wp-json\/wp\/v2\/pages"}],"about":[{"href":"https:\/\/xometry.pro\/de\/wp-json\/wp\/v2\/types\/page"}],"author":[{"embeddable":true,"href":"https:\/\/xometry.pro\/de\/wp-json\/wp\/v2\/users\/49"}],"replies":[{"embeddable":true,"href":"https:\/\/xometry.pro\/de\/wp-json\/wp\/v2\/comments?post=29320"}],"version-history":[{"count":0,"href":"https:\/\/xometry.pro\/de\/wp-json\/wp\/v2\/pages\/29320\/revisions"}],"wp:attachment":[{"href":"https:\/\/xometry.pro\/de\/wp-json\/wp\/v2\/media?parent=29320"}],"curies":[{"name":"wp","href":"https:\/\/api.w.org\/{rel}","templated":true}]}}