{"id":29337,"date":"2024-01-12T10:00:32","date_gmt":"2024-01-12T10:00:32","guid":{"rendered":"https:\/\/xometry.pro\/terms\/"},"modified":"2025-09-23T10:30:06","modified_gmt":"2025-09-23T08:30:06","slug":"terms","status":"publish","type":"page","link":"https:\/\/xometry.pro\/de\/terms\/","title":{"rendered":"Allgemeine Verkaufsbedingungen"},"content":{"rendered":"<h1 class=\"wp-block-heading\" id=\"h-allgemeine-geschaftsbedingungen-fur-die-nutzung-von-xometry-pro\">Allgemeine Gesch\u00e4ftsbedingungen f\u00fcr die Nutzung von Xometry Pro<\/h1>\n\n\n<p>Diese Regeln (im Folgenden als &#8222;Regeln&#8220; bezeichnet) definieren den ordnungsgem\u00e4\u00dfen Zugang und die Nutzungsbedingungen der <a href=\"https:\/\/xometry.pro\/de\"><strong>Xometry Pro<\/strong><\/a>-Website, im Eigentum der Xometry Europe GmbH (im Folgenden als &#8222;Xometry&#8220; bezeichnet), f\u00fcr ihre Besucher und autorisierten Nutzer (im Folgenden als &#8222;Nutzer&#8220; bezeichnet), um auf der Website platzierte Informationen basierend auf den Interessen der Benutzer anzuzeigen, Inhalte zu ver\u00f6ffentlichen und andere Funktionen der Website zu nutzen.<\/p>\n\n\n\n<p>Durch den Zugriff auf oder die Nutzung von Funktionen der Website erkl\u00e4ren sich die Nutzer unabh\u00e4ngig von der Registrierung mit den Regeln einverstanden. Falls die Nutzer mit den Bestimmungen der Regeln nicht einverstanden sind, sind sie verpflichtet, die Nutzung der Website einzustellen.<\/p>\n\n\n\n<p>Die aktuelle Version dieser Regeln ist auf der Website unter folgender Adresse abrufbar: https:\/\/xometry.pro\/en\/terms\/.<\/p>\n\n\n<h2 class=\"wp-block-heading\" id=\"h-1-registrierung-von-nutzern-auf-der-website\"><strong>1. Registrierung von Nutzern auf der Website<\/strong><\/h2>\n\n\n<p>1.1. Um Zugriff auf die volle Funktionalit\u00e4t der Website zu erhalten, sollten die Benutzer das Registrierungsverfahren auf eine der folgenden Arten durchlaufen: per E-Mail-Adresse, \u00fcber ihr bestehendes Xometry-Kundenkonto oder soziale Netzwerke. Nachdem die Benutzer die Registrierung abgeschlossen haben, erstellt die Site automatisch ein Konto, indem sie je nach Registrierungsmethode den Namen, das Foto, die E-Mail-Adresse oder die Telefonnummer importiert.<\/p>\n\n\n\n<p>1.2. Mit dem Durchlaufen des Registrierungsverfahrens verpflichtet sich der Nutzer, wahrheitsgem\u00e4\u00dfe Informationen \u00fcber sich selbst anzugeben, die f\u00fcr das Registrierungsverfahren ausreichend sind.<\/p>\n\n\n\n<p>1.3. Alle Aktionen, die unter Verwendung eines Kontos eines Nutzers ausgef\u00fchrt werden, gelten als vom Nutzer ausgef\u00fchrt. Es ist nicht erlaubt, die Daten f\u00fcr den Zugriff auf das Nutzerkonto an Dritte weiterzugeben.<\/p>\n\n\n<h2 class=\"wp-block-heading\" id=\"h-2-veroffentlichen-von-inhalten-auf-der-website\"><strong>2. Ver\u00f6ffentlichen von Inhalten auf der Website<\/strong><\/h2>\n\n\n<p>2.1. Die Nutzer k\u00f6nnen Kommentare, Antworten auf Fragen anderer Nutzer, eigene Texte in einer speziellen Form und andere Informationen (im Folgenden als &#8222;Inhalte&#8220; bezeichnet) auf der Website ver\u00f6ffentlichen.<\/p>\n\n\n\n<p>2.2. Mit der Ver\u00f6ffentlichung von Inhalten auf der Website garantiert der Nutzer, dass er \u00fcber alle erforderlichen Rechte verf\u00fcgt. Der Nutzer garantiert zudem, dass die Inhalte keine illegalen Anleihen enth\u00e4lt, dass die Rechte an allen Objekten, einschlie\u00dflich der ausschlie\u00dflichen Rechte an Objekten des geistigen Eigentums und der Rechte zur Nutzung des im Inhalt verwendeten Bildes eines B\u00fcrgers, den Nutzern geh\u00f6ren und\/oder die Nutzer die erforderliche Genehmigung vom Inhaber der Rechte an diesem Objekt erhalten haben. Der Nutzer ist unabh\u00e4ngig davon f\u00fcr jegliche Informationen, die auf die Website hochladen werden oder anderweitig \u00f6ffentlich bekannt (publiziert) werden, verantwortlich. Dies schlie\u00dft die Platzierung von Links zu Websites und Ressourcen von Drittanbietern ein.&nbsp; Im Streitfall liegt die Beweislast f\u00fcr die Unversehrtheit der Rechte von Beteiligten und Dritten durch das Einstellen von Inhalten beim Nutzer.<\/p>\n\n\n\n<p>2.3. Mit der Ver\u00f6ffentlichung von Inhalten auf der Website gew\u00e4hrt der Nutzer Xometry automatisch eine nicht ausschlie\u00dfliche Lizenz zur vollst\u00e4ndigen oder teilweisen Nutzung der Inhalte, einschlie\u00dflich Vervielf\u00e4ltigung, Vervielf\u00e4ltigung, Auswahl, Systematisierung, Umwandlung, \u00c4nderung, Bearbeitung, \u00dcbersetzung und sonstiger Verarbeitung, Offenlegung und Verbreitung. Die Bereitstellung f\u00fcr die \u00d6ffentlichkeit erfolgt kostenlos, bedingungslos und unwiderruflich. Xometry ist ebenfalls dazu berechtigt, die vorstehenden Rechte auf Dritte zu \u00fcbertragen. Der Nutzer erkl\u00e4rt sich damit einverstanden, dass die auf der Website eingestellten Inhalte von Xometry auf der Website f\u00fcr Werbe- oder Marketingzwecke verwendet werden d\u00fcrfen.<\/p>\n\n\n\n<p>2.4. Der Nutzer erkl\u00e4rt sich damit einverstanden, dass durch das Posten von Inhalten auf der Website standardm\u00e4\u00dfig anderen Nutzern der Zugriff darauf zur Ansicht gew\u00e4hrt wird.<\/p>\n\n\n\n<p>2.5 Durch das Posten von Inhalten best\u00e4tigt der Nutzer, dass entsprechenden Berechtigungen der Urheber oder Rechteinhaber vorliegen (bzw. der Nutzer Urheber und Rechteinhaber ist). Der Nutzer ist nicht dazu berechtigt, Informationen hochzuladen, zu \u00fcbermitteln oder zu ver\u00f6ffentlichen, wenn er nicht \u00fcber die entsprechenden Rechte verf\u00fcgt, um solche Handlungen durchzuf\u00fchren, oder diese nicht erworben oder dem Nutzer \u00fcbertragen wurden.<\/p>\n\n\n\n<p>2.6. Der Nutzer verpflichtet sich, die in den Regeln festgelegten Verbote in Bezug auf die von ihm ver\u00f6ffentlichten Inhalte einzuhalten und keine Informationen zu ver\u00f6ffentlichen, die:<\/p>\n\n\n\n<ul class=\"wp-block-list\">\n<li>Urheberrechte, Markenrechte, Individualisierungsmittel (z.b. Werktitel) und\/oder Rechte an anderen Objekten des geistigen Eigentums Dritter sowie Informationen, die die Nutzer der Website irref\u00fchren, verletzen;<\/li>\n\n\n\n<li>Kompromittierend, verleumderisch, absichtlich irref\u00fchrend, gegen die Moral versto\u00dfend ist, Gewalt und Grausamkeit demonstriert oder verherrlicht, Hass und \/ oder Diskriminierung von Menschen aus irgendeinem Grund f\u00f6rdert, \u00fcble Sprache enth\u00e4lt, Personen oder Organisationen beleidigt;<\/li>\n\n\n\n<li>\u00d6ffentliche Aufrufe zur Durchf\u00fchrung terroristischer Aktivit\u00e4ten enth\u00e4lt oder \u00f6ffentlich Terrorismus rechtfertigt oder andere Materialien extremistischer Natur enth\u00e4lt; Elemente von Pornografie, Kinderpornografie enth\u00e4lt; eine Werbung f\u00fcr intime Dienste, einschlie\u00dflich versteckter Natur, enth\u00e4lt oder Verfahren f\u00fcr die Herstellung, Verwendung oder andere Verwendung von Bet\u00e4ubungsmitteln und Zubereitungen, Sprengstoffen, Waffen enth\u00e4lt oder beschreibt;<\/li>\n\n\n\n<li>illegal erworbene Informationen \u00fcber Dritte enth\u00e4lt (z.b. Doxing);<\/li>\n\n\n\n<li>Gegen Werbe- und\/oder Wettbewerbsschutzgesetze der Bundesrepublik Deutschland verst\u00f6\u00dft;<\/li>\n\n\n\n<li>Computerviren oder andere sch\u00e4dliche Computerdateien, Codes oder Programme enth\u00e4lt.<\/li>\n<\/ul>\n\n\n\n<p>2.7. Xometry kann nicht alle auf der Website ver\u00f6ffentlichten Inhalte kontrollieren. Die Inhalte werden nicht dauerhaft moderiert, und Xometry beh\u00e4lt sich das Recht vor, Inhalte zu \u00fcberpr\u00fcfen und im Falle eines Versto\u00dfes gegen die Regeln und \/ oder Gesetze ganz oder teilweise zu entfernen, ohne die Gr\u00fcnde f\u00fcr eine solche Entfernung zu erl\u00e4utern.<\/p>\n\n\n<h2 class=\"wp-block-heading\" id=\"h-3-was-bei-der-nutzung-der-website-nicht-erlaubt-ist\"><strong>3. Was bei der Nutzung der Website nicht erlaubt ist<\/strong><\/h2>\n\n\n<p>3.1. Sich im Namen oder anstelle einer anderen Person als Nutzer registrieren (&#8222;Fake-Account&#8220;) oder eine Gruppe (Vereinigung) von Personen oder eine juristische Person als Nutzer registrieren.<\/p>\n\n\n\n<p>3.2. Das Hochladen, Speichern, Ver\u00f6ffentlichen, Verbreiten und Bereitstellen des Zugriffs auf oder die anderweitige Verwendung von Informationen, die nicht den Gesetzen der Bundesrepublik Deutschland und den Regeln in diesem Dokument entsprechen.<\/p>\n\n\n\n<p>3.3. Einen Massenversand (&#8222;Spam&#8220;) von Nachrichten an andere Nutzer der Website ohne deren Zustimmung erfolgt.&nbsp;<\/p>\n\n\n\n<p>3.4. Die Verwendung von Software oder anderweitigen Handlungen, die darauf abzielen, die normale Funktion der Website zu st\u00f6ren.<\/p>\n\n\n\n<p>3.5. Die Verwendung automatisierter Skripte zur Sammlung von Informationen auf der Website (&#8222;Crawling&#8220;) und \/ oder die Interaktion mit der Website und ihren Funktionen ohne die spezifische Erlaubnis von Xometry.<\/p>\n\n\n\n<p>3.6. Das Vornehmen anderer Handlungen, die nach Ansicht von Xometry unerw\u00fcnscht sind, nicht den Zwecken der Erstellung und des Betriebs der Website entsprechen oder die Rechte anderer Nutzer oder Dritter verletzen.<\/p>\n\n\n<h2 class=\"wp-block-heading\" id=\"h-4-schlussbestimmungen\"><strong>4. Schlussbestimmungen<\/strong><\/h2>\n\n\n<p>Die Regeln stellen eine Vereinbarung zwischen den Nutzern und Xometry \u00fcber die ordnungsgem\u00e4\u00dfe Nutzung der Website und ihrer Funktionen dar.<\/p>\n\n\n\n<p>4.2 Die Regeln werden in \u00dcbereinstimmungen mit den Gesetzen und Verordnungen der Bundesrepublik Deutschland angewendet und ausgelegt.<\/p>\n\n\n\n<p>4.3. Im Falle von Streitigkeiten oder Meinungsverschiedenheiten im Zusammenhang mit der Erf\u00fcllung dieser Regeln werden die Nutzer als auch die Mitarbeiter von Xometry alle Anstrengungen unternehmen, um diese durch Verhandlungen zu l\u00f6sen. Wenn die Streitigkeiten auf diese Weise nicht beigelegt werden k\u00f6nnen, sind sie gem\u00e4\u00df der geltenden Rechtsprechung der Bundesrepublik Deutschland beizulegen. Sollte keine Einigung erreicht werden k\u00f6nnen, wenden sich die beteiligten Parteien an das zust\u00e4ndige Gericht.<\/p>\n\n\n\n<p>4.4. Der Nutzer ist verpflichtet, Xometry, die verbundenen Unternehmen und Partner von Xometry, ihre Mitarbeiter und Gegenparteien unabh\u00e4ngig und auf eigene Kosten vor Anspr\u00fcchen, Klagen und\/oder Beschwerden Dritter im Zusammenhang mit den Handlungen des Nutzers bei der Nutzung der Website zu sch\u00fctzen und zu bewahren sowie Ersatz f\u00fcr Verluste und Aufwendungen (einschlie\u00dflich angemessener Rechtskosten) zu leisten, die durch solche Anspr\u00fcche, Klagen und\/oder Beschwerden verursacht werden.<\/p>\n\n\n\n<p>4.5. Der Nutzer erkennt an und stimmt zu, dass Xometry gegen\u00fcber dem Nutzer nicht f\u00fcr m\u00f6gliche Verluste haftet, die dem Nutzer durch die Nutzung der Website oder der Links und Inhalte Dritter entstehen k\u00f6nnen.<\/p>\n\n\n\n<p>4.6. Die Regeln treten f\u00fcr den Nutzer ab dem Zeitpunkt ihres Zugriffs darauf in Kraft, der durch den Zeitpunkt des Beginns der Nutzung der Website bestimmt wird, und gelten auf unbestimmte Zeit.<\/p>\n\n\n\n<p>4.7 Sollten aus dem einen oder anderen Grund eine oder mehrere Bestimmungen der Regeln f\u00fcr ung\u00fcltig oder nicht durchsetzbar erkl\u00e4rt werden, ber\u00fchrt dies nicht die G\u00fcltigkeit oder Anwendbarkeit der \u00fcbrigen Bestimmungen.<\/p>\n\n\n\n<p>4.8. Xometry hat das Recht, diese Vorschriften zu \u00e4ndern. Durch die weitere Nutzung der Website erkl\u00e4ren sich die Nutzer mit den genannten \u00c4nderungen einverstanden.<br>4.9. Bei Fragen k\u00f6nnen Sie sich an die Administratoren der Website unter <a href=\"mailto:ad***@*****ry.pro\" data-original-string=\"ItfDh8kslcuRQZpF34kOGw==02291Jfv1g0K3RCqSj985xJv1y\/cGS3\/4nZMJbb9PhwlG0=\" title=\"Dieser Kontakt wurde von Anti-Spam by CleanTalk verschl\u00fcsselt. Klicken Sie hier, um ihn zu entschl\u00fcsseln. Um die Entschl\u00fcsselung abzuschlie\u00dfen, stellen Sie sicher, dass JavaScript in Ihrem Browser aktiviert ist.\"><span \n                data-original-string='PaFjFTbqfIysqwczI57Zmg==022kqNm59bvpgLHmB97uerVCywArbNNJP5to1pZcfucgFQ='\n                class='apbct-email-encoder'\n                title='Dieser Kontakt wurde von Anti-Spam by CleanTalk verschl\u00fcsselt. Klicken Sie hier, um ihn zu entschl\u00fcsseln. Um die Entschl\u00fcsselung abzuschlie\u00dfen, stellen Sie sicher, dass JavaScript in Ihrem Browser aktiviert ist.'>ad<span class=\"apbct-blur\">***<\/span>@<span class=\"apbct-blur\">*****<\/span>ry.pro<\/span><\/a> wenden.<\/p>\n","protected":false},"excerpt":{"rendered":"<p>Allgemeine Gesch\u00e4ftsbedingungen f\u00fcr die Nutzung von Xometry Pro Diese Regeln (im Folgenden als &#8222;Regeln&#8220; bezeichnet) definieren den ordnungsgem\u00e4\u00dfen Zugang und die Nutzungsbedingungen der Xometry Pro-Website, im Eigentum der Xometry Europe GmbH (im Folgenden als &#8222;Xometry&#8220; bezeichnet), f\u00fcr ihre Besucher und autorisierten Nutzer (im Folgenden als &#8222;Nutzer&#8220; bezeichnet), um auf der Website platzierte Informationen basierend auf [&hellip;]<\/p>\n","protected":false},"author":49,"featured_media":0,"parent":0,"menu_order":12,"comment_status":"closed","ping_status":"closed","template":"tpl-page.php","meta":{"_acf_changed":false,"_bbp_topic_count":0,"_bbp_reply_count":0,"_bbp_total_topic_count":0,"_bbp_total_reply_count":0,"_bbp_voice_count":0,"_bbp_anonymous_reply_count":0,"_bbp_topic_count_hidden":0,"_bbp_reply_count_hidden":0,"_bbp_forum_subforum_count":0,"inline_featured_image":false,"footnotes":""},"class_list":["post-29337","page","type-page","status-publish","hentry"],"acf":[],"yoast_head":"<!-- This site is optimized with the Yoast SEO Premium plugin v26.7 (Yoast SEO v27.3) - https:\/\/yoast.com\/product\/yoast-seo-premium-wordpress\/ -->\n<title>Nutzungsbedingungen der Website | Xometry Pro<\/title>\n<meta name=\"description\" content=\"Diese Regeln definieren die Nutzungsbedingungen Xometry Pro-Website f\u00fcr Besucher und autorisierte Nutzer.\" \/>\n<meta name=\"robots\" content=\"index, follow, max-snippet:-1, max-image-preview:large, max-video-preview:-1\" \/>\n<link rel=\"canonical\" href=\"https:\/\/xometry.pro\/de\/terms\/\" \/>\n<meta property=\"og:locale\" content=\"de_DE\" \/>\n<meta property=\"og:type\" content=\"article\" \/>\n<meta property=\"og:title\" content=\"Allgemeine Verkaufsbedingungen\" \/>\n<meta property=\"og:description\" content=\"Diese Regeln definieren die Nutzungsbedingungen Xometry Pro-Website f\u00fcr Besucher und autorisierte Nutzer.\" \/>\n<meta property=\"og:url\" content=\"https:\/\/xometry.pro\/de\/terms\/\" \/>\n<meta property=\"og:site_name\" content=\"Xometry Pro\" \/>\n<meta property=\"article:modified_time\" content=\"2025-09-23T08:30:06+00:00\" \/>\n<meta name=\"twitter:card\" content=\"summary_large_image\" \/>\n<meta name=\"twitter:label1\" content=\"Gesch\u00e4tzte Lesezeit\" \/>\n\t<meta name=\"twitter:data1\" content=\"6\u00a0Minute\" \/>\n<script type=\"application\/ld+json\" class=\"yoast-schema-graph\">{\"@context\":\"https:\\\/\\\/schema.org\",\"@graph\":[{\"@type\":\"WebPage\",\"@id\":\"https:\\\/\\\/xometry.pro\\\/de\\\/terms\\\/\",\"url\":\"https:\\\/\\\/xometry.pro\\\/de\\\/terms\\\/\",\"name\":\"Nutzungsbedingungen der Website | Xometry Pro\",\"isPartOf\":{\"@id\":\"https:\\\/\\\/xometry.pro\\\/de\\\/#website\"},\"datePublished\":\"2024-01-12T10:00:32+00:00\",\"dateModified\":\"2025-09-23T08:30:06+00:00\",\"description\":\"Diese Regeln definieren die Nutzungsbedingungen Xometry Pro-Website f\u00fcr Besucher und autorisierte Nutzer.\",\"breadcrumb\":{\"@id\":\"https:\\\/\\\/xometry.pro\\\/de\\\/terms\\\/#breadcrumb\"},\"inLanguage\":\"de\",\"potentialAction\":[{\"@type\":\"ReadAction\",\"target\":[\"https:\\\/\\\/xometry.pro\\\/de\\\/terms\\\/\"]}]},{\"@type\":\"BreadcrumbList\",\"@id\":\"https:\\\/\\\/xometry.pro\\\/de\\\/terms\\\/#breadcrumb\",\"itemListElement\":[{\"@type\":\"ListItem\",\"position\":1,\"name\":\"Startseite\",\"item\":\"https:\\\/\\\/xometry.pro\\\/de\\\/\"},{\"@type\":\"ListItem\",\"position\":2,\"name\":\"Allgemeine Verkaufsbedingungen\"}]},{\"@type\":\"WebSite\",\"@id\":\"https:\\\/\\\/xometry.pro\\\/de\\\/#website\",\"url\":\"https:\\\/\\\/xometry.pro\\\/de\\\/\",\"name\":\"Xometry Pro\",\"description\":\"Knowledge &amp; Community For Engineers &amp; Product Designers\",\"potentialAction\":[{\"@type\":\"SearchAction\",\"target\":{\"@type\":\"EntryPoint\",\"urlTemplate\":\"https:\\\/\\\/xometry.pro\\\/de\\\/?s={search_term_string}\"},\"query-input\":{\"@type\":\"PropertyValueSpecification\",\"valueRequired\":true,\"valueName\":\"search_term_string\"}}],\"inLanguage\":\"de\"}]}<\/script>\n<!-- \/ Yoast SEO Premium plugin. -->","yoast_head_json":{"title":"Nutzungsbedingungen der Website | Xometry Pro","description":"Diese Regeln definieren die Nutzungsbedingungen Xometry Pro-Website f\u00fcr Besucher und autorisierte Nutzer.","robots":{"index":"index","follow":"follow","max-snippet":"max-snippet:-1","max-image-preview":"max-image-preview:large","max-video-preview":"max-video-preview:-1"},"canonical":"https:\/\/xometry.pro\/de\/terms\/","og_locale":"de_DE","og_type":"article","og_title":"Allgemeine Verkaufsbedingungen","og_description":"Diese Regeln definieren die Nutzungsbedingungen Xometry Pro-Website f\u00fcr Besucher und autorisierte Nutzer.","og_url":"https:\/\/xometry.pro\/de\/terms\/","og_site_name":"Xometry Pro","article_modified_time":"2025-09-23T08:30:06+00:00","twitter_card":"summary_large_image","twitter_misc":{"Gesch\u00e4tzte Lesezeit":"6\u00a0Minute"},"schema":{"@context":"https:\/\/schema.org","@graph":[{"@type":"WebPage","@id":"https:\/\/xometry.pro\/de\/terms\/","url":"https:\/\/xometry.pro\/de\/terms\/","name":"Nutzungsbedingungen der Website | Xometry Pro","isPartOf":{"@id":"https:\/\/xometry.pro\/de\/#website"},"datePublished":"2024-01-12T10:00:32+00:00","dateModified":"2025-09-23T08:30:06+00:00","description":"Diese Regeln definieren die Nutzungsbedingungen Xometry Pro-Website f\u00fcr Besucher und autorisierte Nutzer.","breadcrumb":{"@id":"https:\/\/xometry.pro\/de\/terms\/#breadcrumb"},"inLanguage":"de","potentialAction":[{"@type":"ReadAction","target":["https:\/\/xometry.pro\/de\/terms\/"]}]},{"@type":"BreadcrumbList","@id":"https:\/\/xometry.pro\/de\/terms\/#breadcrumb","itemListElement":[{"@type":"ListItem","position":1,"name":"Startseite","item":"https:\/\/xometry.pro\/de\/"},{"@type":"ListItem","position":2,"name":"Allgemeine Verkaufsbedingungen"}]},{"@type":"WebSite","@id":"https:\/\/xometry.pro\/de\/#website","url":"https:\/\/xometry.pro\/de\/","name":"Xometry Pro","description":"Knowledge &amp; Community For Engineers &amp; Product Designers","potentialAction":[{"@type":"SearchAction","target":{"@type":"EntryPoint","urlTemplate":"https:\/\/xometry.pro\/de\/?s={search_term_string}"},"query-input":{"@type":"PropertyValueSpecification","valueRequired":true,"valueName":"search_term_string"}}],"inLanguage":"de"}]}},"_links":{"self":[{"href":"https:\/\/xometry.pro\/de\/wp-json\/wp\/v2\/pages\/29337","targetHints":{"allow":["GET"]}}],"collection":[{"href":"https:\/\/xometry.pro\/de\/wp-json\/wp\/v2\/pages"}],"about":[{"href":"https:\/\/xometry.pro\/de\/wp-json\/wp\/v2\/types\/page"}],"author":[{"embeddable":true,"href":"https:\/\/xometry.pro\/de\/wp-json\/wp\/v2\/users\/49"}],"replies":[{"embeddable":true,"href":"https:\/\/xometry.pro\/de\/wp-json\/wp\/v2\/comments?post=29337"}],"version-history":[{"count":0,"href":"https:\/\/xometry.pro\/de\/wp-json\/wp\/v2\/pages\/29337\/revisions"}],"wp:attachment":[{"href":"https:\/\/xometry.pro\/de\/wp-json\/wp\/v2\/media?parent=29337"}],"curies":[{"name":"wp","href":"https:\/\/api.w.org\/{rel}","templated":true}]}}