{"id":29328,"date":"2024-01-11T11:26:39","date_gmt":"2024-01-11T11:26:39","guid":{"rendered":"https:\/\/xometry.pro\/about\/"},"modified":"2024-02-28T15:27:34","modified_gmt":"2024-02-28T15:27:34","slug":"about","status":"publish","type":"page","link":"https:\/\/xometry.pro\/es\/about\/","title":{"rendered":"Sobre Xometry Pro"},"content":{"rendered":"<h1 class=\"wp-block-heading\" id=\"knowledge-andnbspcommunity-on-mechanical-engineering-manufacturing-and-product-design\">Knowledge and community on mechanical engineering, manufacturing, and product design<\/h1>\n\n\n<div style=\"height:47px\" aria-hidden=\"true\" class=\"wp-block-spacer\"><\/div>\n\n\n\n<p>Xometry Pro es una plataforma de contenidos creada y moderada por <a href=\"https:\/\/xometry.eu\/es\/\">Xometry<\/a>, una plataforma impulsada por inteligencia artificial para el aprovisionamiento de fabricaci\u00f3n bajo demanda. El sitio web de Xometry Pro est\u00e1 dirigido a ingenieros, dise\u00f1adores de productos y entusiastas de la tecnolog\u00eda.<\/p>\n\n\n\n<p>En esta p\u00e1gina aprender\u00e1 c\u00f3mo funciona nuestro sitio web y explorar\u00e1 sus distintas secciones:<\/p>\n\n\n\n<ul class=\"wp-block-list\">\n<li>Comunidad<\/li>\n\n\n\n<li>Biblioteca de materiales<\/li>\n\n\n\n<li>Art\u00edculos<\/li>\n\n\n\n<li>Libros electr\u00f3nicos y gu\u00edas<\/li>\n\n\n\n<li>Webinars<\/li>\n\n\n\n<li>Cursos gratuitos<\/li>\n\n\n\n<li>Historias y casos de fabricaci\u00f3n\n<ul class=\"wp-block-list\">\n<li>\u00bfC\u00f3mo compartir su historia?<\/li>\n<\/ul>\n<\/li>\n\n\n\n<li>Herramientas gratuitas<\/li>\n\n\n\n<li>Su cuenta personal<\/li>\n<\/ul>\n\n\n<h2 class=\"wp-block-heading\" id=\"comunidad\"><strong>Comunidad<\/strong><\/h2>\n\n\n<p>Nuestra <a href=\"https:\/\/xometry.pro\/es\/community\/\">Comunidad<\/a> es su primera opci\u00f3n para compartir experiencias, pensamientos y buscar consejo. Cree sus propios temas de debate, formule preguntas y participe en conversaciones iniciadas por otros miembros de la comunidad. Para contribuir, debe crear una cuenta gratuita de Xometry Pro o iniciar sesi\u00f3n mediante las redes sociales o su cuenta en get.xometry.eu, get.xometry.uk o get.xometry.com.tr.<\/p>\n\n\n<h2 class=\"wp-block-heading\" id=\"biblioteca-de-materiales\"><strong>Biblioteca de materiales<\/strong><\/h2>\n\n\n<p>Una completa biblioteca de materiales utilizados en las diversas tecnolog\u00edas de fabricaci\u00f3n, con propiedades y especificaciones detalladas..<\/p>\n\n\n<h2 class=\"wp-block-heading\" id=\"articulos\"><strong>Art\u00edculos<\/strong><\/h2>\n\n\n<p>Una <a href=\"https:\/\/xometry.pro\/es\/articulos\/\">colecci\u00f3n de art\u00edculos<\/a> escritos por ingenieros y profesionales de Xometry, que aportan valiosos conocimientos y experiencia.<\/p>\n\n\n<h2 class=\"wp-block-heading\" id=\"libros-electronicos-y-guias\"><strong>Libros electr\u00f3nicos y gu\u00edas<\/strong><\/h2>\n\n\n<p>Descargue interesantes <a href=\"https:\/\/xometry.pro\/es\/guias\/\">libros electr\u00f3nicos y gu\u00edas<\/a> que ofrecen conocimientos profundos y consejos pr\u00e1cticos.<\/p>\n\n\n<h2 class=\"wp-block-heading\" id=\"webinars\"><strong>Webinars<\/strong><\/h2>\n\n\n<p>Participe en <a href=\"https:\/\/xometry.pro\/es\/seminarios-web\/\">webinars<\/a> informativos en los que expertos del sector debaten las \u00faltimas tendencias, tecnolog\u00edas y mejores pr\u00e1cticas.<\/p>\n\n\n<h2 class=\"wp-block-heading\" id=\"cursos-gratis\"><strong>Cursos gratis<\/strong><\/h2>\n\n\n<p>Inscr\u00edbase en nuestros cursos para adquirir conocimientos y habilidades pr\u00e1cticas, con lecciones estructuradas y experiencias de aprendizaje interactivas. Para acceder a los cursos, necesita una cuenta gratuita de Xometry Pro.<\/p>\n\n\n<h2 class=\"wp-block-heading\" id=\"casos-e-historias-de-fabricacion\"><strong>Casos e historias de fabricaci\u00f3n<\/strong><\/h2>\n\n\n<ul class=\"wp-block-list\">\n<li>Descubra <a href=\"https:\/\/xometry.pro\/es\/historias\/\">casos reales de \u00e9xito en la fabricaci\u00f3n<\/a>, con soluciones innovadoras y mejores pr\u00e1cticas<\/li>\n\n\n\n<li>Comparta sus propias historias de dise\u00f1o y fabricaci\u00f3n de productos.<\/li>\n<\/ul>\n\n\n<h3 class=\"wp-block-heading\" id=\"como-compartir-tu-historia-en-xometry-pro\"><strong>\u00bfC\u00f3mo compartir tu historia en Xometry Pro?<\/strong><\/h3>\n\n\n<p>Si quiere compartir una historia sobre c\u00f3mo dise\u00f1\u00f3 y fabric\u00f3 algo genial, puede <a href=\"https:\/\/xometry.pro\/es\/historias\/\" target=\"_blank\" rel=\"noreferrer noopener\">rellenar este resumen<\/a> y nuestro gestor de contenidos le guiar\u00e1 por el proceso de publicaci\u00f3n.<\/p>\n\n\n<h2 class=\"wp-block-heading\" id=\"herramientas-gratuitas\"><strong>Herramientas gratuitas<\/strong><\/h2>\n\n\n<p>Explore las<a href=\"https:\/\/xometry.pro\/es\/herramientas\/\"> herramientas gratuitas<\/a> dise\u00f1adas para ayudar a ingenieros y dise\u00f1adores de productos en su trabajo, mejorando la productividad.<\/p>\n\n\n<h2 class=\"wp-block-heading\" id=\"su-cuenta-personal\"><strong>Su cuenta personal<\/strong><\/h2>\n\n\n<ul class=\"wp-block-list\">\n<li>Para dejar comentarios, participar en debates, crear hilos comunitarios y marcar sus art\u00edculos favoritos, inicie sesi\u00f3n en Xometry Pro con su direcci\u00f3n de correo electr\u00f3nico, cuenta de Xometry o red social. De esta forma quedar\u00e1 registrado autom\u00e1ticamente: obtendremos su nombre, foto y direcci\u00f3n de correo electr\u00f3nico.<br><img decoding=\"async\" width=\"370\" height=\"395\" src=\"https:\/\/lh7-us.googleusercontent.com\/8WLL4_5R6hq_6QTkKQKWiUuPgEDR9ZxqpQ7FNt7kPW0ctR98rwMXNjAb-DTaN674EjgmgHhcbKbyFG_x7RpiUqk1IG9vjlNfjhSQFM3c64-wTErsAwmFRjXFx2pSxyIZ6uxXZyqKXoWyKVfXlXpw6uk\"><\/li>\n\n\n\n<li>Es importante para nosotros asegurarnos de que es usted y no otra persona quien lee y escribe en Xometry Pro. Por eso le pedimos que proporcione datos reales para registrarse. Si es necesario, siempre puede utilizar un alias en <a href=\"https:\/\/xometry.pro\/es\/cuenta-cliente\/?tab=preferences\">la configuraci\u00f3n de su cuenta<\/a>. Si lo prefiere, puede utilizar un alias, manteniendo su nombre en privado de otros usuarios.<\/li>\n<\/ul>\n\n\n\n<figure class=\"wp-block-image is-resized\"><img decoding=\"async\" src=\"https:\/\/lh7-us.googleusercontent.com\/uuRd5EwwFdrJ7bOPtWU4SLGhfB2CXIL5ItO4jKhtApBppYjg-2OM1xD_rg-dyGVsUBWgFP3ToSNVtfJzAuYK2F0rvC4prDzhJoeH2M7CzJLat7NTEAtP0Mey22aWVvYOpxB5PDf7pTRn5_CSKfMdbcU\" alt=\"\" style=\"max-width:434px;height:auto\"\/><\/figure>\n\n\n<h2 class=\"wp-block-heading\" id=\"normas-de-nuestro-sitio-web\"><strong>Normas de nuestro sitio web<\/strong><\/h2>\n\n\n<p>Al leer Xometry Pro, usted acepta nuestros t\u00e9rminos y condiciones disponibles en<a href=\"https:\/\/xometry.pro\/es\/terms\/\"> https:\/\/xometry.pro\/es\/terms\/<\/a>. Estas normas constituyen un contrato entre usted como usuario de Xometry Pro y la redacci\u00f3n del sitio. Sus puntos clave en t\u00e9rminos sencillos incluyen:<\/p>\n\n\n\n<ul class=\"wp-block-list\">\n<li>Para publicar es necesario iniciar sesi\u00f3n mediante correo electr\u00f3nico, cuenta de Xometry o red social.<\/li>\n\n\n\n<li>Datos reales para el registro son esenciales para verificar la identidad del usuario.<\/li>\n\n\n\n<li>Los usuarios deben poseer o tener permiso para utilizar texto e im\u00e1genes en sus comentarios o entradas.<\/li>\n\n\n\n<li>Xometry puede utilizar historias o comentarios con fines editoriales y de marketing tras una cuidadosa edici\u00f3n.<\/li>\n\n\n\n<li>Los contenidos prohibidos incluyen difamaci\u00f3n, violencia, pornograf\u00eda, incitaci\u00f3n, discriminaci\u00f3n, abuso, insultos y acoso.<\/li>\n\n\n\n<li>No se permiten cuentas falsas, informaci\u00f3n ilegal, spam o da\u00f1os al sitio.<\/li>\n\n\n\n<li>Los litigios se resolver\u00e1n mediante negociaci\u00f3n antes de llegar a los tribunales.<\/li>\n\n\n\n<li>Las quejas sobre comentarios o entradas son responsabilidad de la persona bajo cuyo nombre se public\u00f3 el texto.<\/li>\n\n\n\n<li>Xometry Pro no es un manual de instrucciones, y el sitio no es responsable de las consecuencias.<\/li>\n\n\n\n<li>Las normas son vinculantes al visitar Xometry Pro, y los usuarios aceptan autom\u00e1ticamente cualquier cambio.<\/li>\n\n\n\n<li>Para cualquier consulta, p\u00f3ngase en contacto con los administradores en <a href=\"mailto:ad***@*****ry.pro\" data-original-string=\"7Amav2DUsMT3luHdlOOcRg==022\/LJ0C5FAh\/LGwekuavmzBSM3axnZziFNt03ycFWtKEo=\" title=\"Este contacto ha sido codificado por Anti-Spam by CleanTalk. Haz clic para decodificar. Para finalizar la decodificaci\u00f3n, aseg\u00farate de que JavaScript est\u00e1 activado en tu navegador.\"><span \n                data-original-string='X\/MhCkNsKd\/oRTxeCcMY3A==022bwoLU8O7\/SK3Um1bUN\/yagtKOIoMltoYonhUDwDfnPE='\n                class='apbct-email-encoder'\n                title='Este contacto ha sido codificado por Anti-Spam by CleanTalk. Haz clic para decodificar. Para finalizar la decodificaci\u00f3n, aseg\u00farate de que JavaScript est\u00e1 activado en tu navegador.'>ad<span class=\"apbct-blur\">***<\/span>@<span class=\"apbct-blur\">*****<\/span>ry.pro<\/span><\/a>.<\/li>\n<\/ul>\n\n\n\n<p><\/p>\n","protected":false},"excerpt":{"rendered":"<p>Knowledge and&nbsp;community on mechanical engineering, manufacturing, and product design Xometry Pro es una plataforma de contenidos creada y moderada por Xometry, una plataforma impulsada por inteligencia artificial para el aprovisionamiento de fabricaci\u00f3n bajo demanda. El sitio web de Xometry Pro est\u00e1 dirigido a ingenieros, dise\u00f1adores de productos y entusiastas de la tecnolog\u00eda. En esta p\u00e1gina [&hellip;]<\/p>\n","protected":false},"author":49,"featured_media":0,"parent":0,"menu_order":66,"comment_status":"closed","ping_status":"closed","template":"tpl-page.php","meta":{"_acf_changed":false,"_bbp_topic_count":0,"_bbp_reply_count":0,"_bbp_total_topic_count":0,"_bbp_total_reply_count":0,"_bbp_voice_count":0,"_bbp_anonymous_reply_count":0,"_bbp_topic_count_hidden":0,"_bbp_reply_count_hidden":0,"_bbp_forum_subforum_count":0,"inline_featured_image":false,"footnotes":""},"class_list":["post-29328","page","type-page","status-publish","hentry"],"acf":[],"yoast_head":"<!-- This site is optimized with the Yoast SEO Premium plugin v26.7 (Yoast SEO v27.3) - https:\/\/yoast.com\/product\/yoast-seo-premium-wordpress\/ -->\n<title>Acerca de Xometry Pro<\/title>\n<meta name=\"description\" content=\"Xometry Pro es una base de conocimientos y una comunidad dedicada a la ingenier\u00eda mec\u00e1nica, la fabricaci\u00f3n y el dise\u00f1o de productos, creada por Xometry, una plataforma basada en inteligencia artificial para el aprovisionamiento de fabricaci\u00f3n bajo demanda.\" \/>\n<meta name=\"robots\" content=\"index, follow, max-snippet:-1, max-image-preview:large, max-video-preview:-1\" \/>\n<link rel=\"canonical\" href=\"https:\/\/xometry.pro\/es\/about\/\" \/>\n<meta property=\"og:locale\" content=\"es_ES\" \/>\n<meta property=\"og:type\" content=\"article\" \/>\n<meta property=\"og:title\" content=\"Sobre Xometry Pro\" \/>\n<meta property=\"og:description\" content=\"Xometry Pro es una base de conocimientos y una comunidad dedicada a la ingenier\u00eda mec\u00e1nica, la fabricaci\u00f3n y el dise\u00f1o de productos, creada por Xometry, una plataforma basada en inteligencia artificial para el aprovisionamiento de fabricaci\u00f3n bajo demanda.\" \/>\n<meta property=\"og:url\" content=\"https:\/\/xometry.pro\/es\/about\/\" \/>\n<meta property=\"og:site_name\" content=\"Xometry Pro\" \/>\n<meta property=\"article:modified_time\" content=\"2024-02-28T15:27:34+00:00\" \/>\n<meta property=\"og:image\" content=\"https:\/\/lh7-us.googleusercontent.com\/8WLL4_5R6hq_6QTkKQKWiUuPgEDR9ZxqpQ7FNt7kPW0ctR98rwMXNjAb-DTaN674EjgmgHhcbKbyFG_x7RpiUqk1IG9vjlNfjhSQFM3c64-wTErsAwmFRjXFx2pSxyIZ6uxXZyqKXoWyKVfXlXpw6uk\" \/>\n<meta name=\"twitter:card\" content=\"summary_large_image\" \/>\n<meta name=\"twitter:label1\" content=\"Tiempo de lectura\" \/>\n\t<meta name=\"twitter:data1\" content=\"4 minuto\" \/>\n<script type=\"application\/ld+json\" class=\"yoast-schema-graph\">{\"@context\":\"https:\\\/\\\/schema.org\",\"@graph\":[{\"@type\":\"WebPage\",\"@id\":\"https:\\\/\\\/xometry.pro\\\/es\\\/about\\\/\",\"url\":\"https:\\\/\\\/xometry.pro\\\/es\\\/about\\\/\",\"name\":\"Acerca de Xometry Pro\",\"isPartOf\":{\"@id\":\"https:\\\/\\\/xometry.pro\\\/es\\\/#website\"},\"primaryImageOfPage\":{\"@id\":\"https:\\\/\\\/xometry.pro\\\/es\\\/about\\\/#primaryimage\"},\"image\":{\"@id\":\"https:\\\/\\\/xometry.pro\\\/es\\\/about\\\/#primaryimage\"},\"thumbnailUrl\":\"https:\\\/\\\/lh7-us.googleusercontent.com\\\/8WLL4_5R6hq_6QTkKQKWiUuPgEDR9ZxqpQ7FNt7kPW0ctR98rwMXNjAb-DTaN674EjgmgHhcbKbyFG_x7RpiUqk1IG9vjlNfjhSQFM3c64-wTErsAwmFRjXFx2pSxyIZ6uxXZyqKXoWyKVfXlXpw6uk\",\"datePublished\":\"2024-01-11T11:26:39+00:00\",\"dateModified\":\"2024-02-28T15:27:34+00:00\",\"description\":\"Xometry Pro es una base de conocimientos y una comunidad dedicada a la ingenier\u00eda mec\u00e1nica, la fabricaci\u00f3n y el dise\u00f1o de productos, creada por Xometry, una plataforma basada en inteligencia artificial para el aprovisionamiento de fabricaci\u00f3n bajo demanda.\",\"breadcrumb\":{\"@id\":\"https:\\\/\\\/xometry.pro\\\/es\\\/about\\\/#breadcrumb\"},\"inLanguage\":\"es\",\"potentialAction\":[{\"@type\":\"ReadAction\",\"target\":[\"https:\\\/\\\/xometry.pro\\\/es\\\/about\\\/\"]}]},{\"@type\":\"ImageObject\",\"inLanguage\":\"es\",\"@id\":\"https:\\\/\\\/xometry.pro\\\/es\\\/about\\\/#primaryimage\",\"url\":\"https:\\\/\\\/lh7-us.googleusercontent.com\\\/8WLL4_5R6hq_6QTkKQKWiUuPgEDR9ZxqpQ7FNt7kPW0ctR98rwMXNjAb-DTaN674EjgmgHhcbKbyFG_x7RpiUqk1IG9vjlNfjhSQFM3c64-wTErsAwmFRjXFx2pSxyIZ6uxXZyqKXoWyKVfXlXpw6uk\",\"contentUrl\":\"https:\\\/\\\/lh7-us.googleusercontent.com\\\/8WLL4_5R6hq_6QTkKQKWiUuPgEDR9ZxqpQ7FNt7kPW0ctR98rwMXNjAb-DTaN674EjgmgHhcbKbyFG_x7RpiUqk1IG9vjlNfjhSQFM3c64-wTErsAwmFRjXFx2pSxyIZ6uxXZyqKXoWyKVfXlXpw6uk\"},{\"@type\":\"BreadcrumbList\",\"@id\":\"https:\\\/\\\/xometry.pro\\\/es\\\/about\\\/#breadcrumb\",\"itemListElement\":[{\"@type\":\"ListItem\",\"position\":1,\"name\":\"Inicio\",\"item\":\"https:\\\/\\\/xometry.pro\\\/es\\\/\"},{\"@type\":\"ListItem\",\"position\":2,\"name\":\"Sobre Xometry Pro\"}]},{\"@type\":\"WebSite\",\"@id\":\"https:\\\/\\\/xometry.pro\\\/es\\\/#website\",\"url\":\"https:\\\/\\\/xometry.pro\\\/es\\\/\",\"name\":\"Xometry Pro\",\"description\":\"Knowledge &amp; Community For Engineers &amp; Product Designers\",\"potentialAction\":[{\"@type\":\"SearchAction\",\"target\":{\"@type\":\"EntryPoint\",\"urlTemplate\":\"https:\\\/\\\/xometry.pro\\\/es\\\/?s={search_term_string}\"},\"query-input\":{\"@type\":\"PropertyValueSpecification\",\"valueRequired\":true,\"valueName\":\"search_term_string\"}}],\"inLanguage\":\"es\"}]}<\/script>\n<!-- \/ Yoast SEO Premium plugin. -->","yoast_head_json":{"title":"Acerca de Xometry Pro","description":"Xometry Pro es una base de conocimientos y una comunidad dedicada a la ingenier\u00eda mec\u00e1nica, la fabricaci\u00f3n y el dise\u00f1o de productos, creada por Xometry, una plataforma basada en inteligencia artificial para el aprovisionamiento de fabricaci\u00f3n bajo demanda.","robots":{"index":"index","follow":"follow","max-snippet":"max-snippet:-1","max-image-preview":"max-image-preview:large","max-video-preview":"max-video-preview:-1"},"canonical":"https:\/\/xometry.pro\/es\/about\/","og_locale":"es_ES","og_type":"article","og_title":"Sobre Xometry Pro","og_description":"Xometry Pro es una base de conocimientos y una comunidad dedicada a la ingenier\u00eda mec\u00e1nica, la fabricaci\u00f3n y el dise\u00f1o de productos, creada por Xometry, una plataforma basada en inteligencia artificial para el aprovisionamiento de fabricaci\u00f3n bajo demanda.","og_url":"https:\/\/xometry.pro\/es\/about\/","og_site_name":"Xometry Pro","article_modified_time":"2024-02-28T15:27:34+00:00","og_image":[{"url":"https:\/\/lh7-us.googleusercontent.com\/8WLL4_5R6hq_6QTkKQKWiUuPgEDR9ZxqpQ7FNt7kPW0ctR98rwMXNjAb-DTaN674EjgmgHhcbKbyFG_x7RpiUqk1IG9vjlNfjhSQFM3c64-wTErsAwmFRjXFx2pSxyIZ6uxXZyqKXoWyKVfXlXpw6uk","type":"","width":"","height":""}],"twitter_card":"summary_large_image","twitter_misc":{"Tiempo de lectura":"4 minuto"},"schema":{"@context":"https:\/\/schema.org","@graph":[{"@type":"WebPage","@id":"https:\/\/xometry.pro\/es\/about\/","url":"https:\/\/xometry.pro\/es\/about\/","name":"Acerca de Xometry Pro","isPartOf":{"@id":"https:\/\/xometry.pro\/es\/#website"},"primaryImageOfPage":{"@id":"https:\/\/xometry.pro\/es\/about\/#primaryimage"},"image":{"@id":"https:\/\/xometry.pro\/es\/about\/#primaryimage"},"thumbnailUrl":"https:\/\/lh7-us.googleusercontent.com\/8WLL4_5R6hq_6QTkKQKWiUuPgEDR9ZxqpQ7FNt7kPW0ctR98rwMXNjAb-DTaN674EjgmgHhcbKbyFG_x7RpiUqk1IG9vjlNfjhSQFM3c64-wTErsAwmFRjXFx2pSxyIZ6uxXZyqKXoWyKVfXlXpw6uk","datePublished":"2024-01-11T11:26:39+00:00","dateModified":"2024-02-28T15:27:34+00:00","description":"Xometry Pro es una base de conocimientos y una comunidad dedicada a la ingenier\u00eda mec\u00e1nica, la fabricaci\u00f3n y el dise\u00f1o de productos, creada por Xometry, una plataforma basada en inteligencia artificial para el aprovisionamiento de fabricaci\u00f3n bajo demanda.","breadcrumb":{"@id":"https:\/\/xometry.pro\/es\/about\/#breadcrumb"},"inLanguage":"es","potentialAction":[{"@type":"ReadAction","target":["https:\/\/xometry.pro\/es\/about\/"]}]},{"@type":"ImageObject","inLanguage":"es","@id":"https:\/\/xometry.pro\/es\/about\/#primaryimage","url":"https:\/\/lh7-us.googleusercontent.com\/8WLL4_5R6hq_6QTkKQKWiUuPgEDR9ZxqpQ7FNt7kPW0ctR98rwMXNjAb-DTaN674EjgmgHhcbKbyFG_x7RpiUqk1IG9vjlNfjhSQFM3c64-wTErsAwmFRjXFx2pSxyIZ6uxXZyqKXoWyKVfXlXpw6uk","contentUrl":"https:\/\/lh7-us.googleusercontent.com\/8WLL4_5R6hq_6QTkKQKWiUuPgEDR9ZxqpQ7FNt7kPW0ctR98rwMXNjAb-DTaN674EjgmgHhcbKbyFG_x7RpiUqk1IG9vjlNfjhSQFM3c64-wTErsAwmFRjXFx2pSxyIZ6uxXZyqKXoWyKVfXlXpw6uk"},{"@type":"BreadcrumbList","@id":"https:\/\/xometry.pro\/es\/about\/#breadcrumb","itemListElement":[{"@type":"ListItem","position":1,"name":"Inicio","item":"https:\/\/xometry.pro\/es\/"},{"@type":"ListItem","position":2,"name":"Sobre Xometry Pro"}]},{"@type":"WebSite","@id":"https:\/\/xometry.pro\/es\/#website","url":"https:\/\/xometry.pro\/es\/","name":"Xometry Pro","description":"Knowledge &amp; Community For Engineers &amp; Product Designers","potentialAction":[{"@type":"SearchAction","target":{"@type":"EntryPoint","urlTemplate":"https:\/\/xometry.pro\/es\/?s={search_term_string}"},"query-input":{"@type":"PropertyValueSpecification","valueRequired":true,"valueName":"search_term_string"}}],"inLanguage":"es"}]}},"_links":{"self":[{"href":"https:\/\/xometry.pro\/es\/wp-json\/wp\/v2\/pages\/29328","targetHints":{"allow":["GET"]}}],"collection":[{"href":"https:\/\/xometry.pro\/es\/wp-json\/wp\/v2\/pages"}],"about":[{"href":"https:\/\/xometry.pro\/es\/wp-json\/wp\/v2\/types\/page"}],"author":[{"embeddable":true,"href":"https:\/\/xometry.pro\/es\/wp-json\/wp\/v2\/users\/49"}],"replies":[{"embeddable":true,"href":"https:\/\/xometry.pro\/es\/wp-json\/wp\/v2\/comments?post=29328"}],"version-history":[{"count":0,"href":"https:\/\/xometry.pro\/es\/wp-json\/wp\/v2\/pages\/29328\/revisions"}],"wp:attachment":[{"href":"https:\/\/xometry.pro\/es\/wp-json\/wp\/v2\/media?parent=29328"}],"curies":[{"name":"wp","href":"https:\/\/api.w.org\/{rel}","templated":true}]}}