{"id":29346,"date":"2024-01-12T10:00:32","date_gmt":"2024-01-12T10:00:32","guid":{"rendered":"https:\/\/xometry.pro\/terms\/"},"modified":"2025-09-23T10:40:29","modified_gmt":"2025-09-23T08:40:29","slug":"terms","status":"publish","type":"page","link":"https:\/\/xometry.pro\/es\/terms\/","title":{"rendered":"T\u00e9rminos y condiciones"},"content":{"rendered":"<h1 class=\"wp-block-heading\" id=\"h-condiciones-de-uso-de-xometry-pro\">Condiciones de uso de Xometry Pro<\/h1>\n\n\n<p>Estas normas (en lo sucesivo denominadas \u00abNormas\u00bb) definen el orden de acceso y las condiciones de uso del sitio <a href=\"https:\/\/xometry.pro\/es\/\">Xometry Pro<\/a>, propiedad de Xometry Europe GmbH (en lo sucesivo denominado \u00abXometry\u00bb), para sus visitantes y usuarios autorizados (en lo sucesivo denominados \u00abUsuarios\u00bb) con el fin de consultar la informaci\u00f3n colocada en el sitio, en funci\u00f3n de los intereses de los usuarios, publicar contenidos y utilizar otras funciones del sitio.<\/p>\n\n\n\n<p>Al acceder o utilizar cualquiera de las funciones del sitio, los Usuarios expresan su consentimiento a las Normas, independientemente de su registro. Si los Usuarios no est\u00e1n de acuerdo con alguna de las disposiciones de las Normas, se comprometen a dejar de utilizar el sitio.<\/p>\n\n\n\n<p>La versi\u00f3n actualizada del Reglamento est\u00e1 disponible en el sitio web: https:\/\/xometry.pro\/en\/terms\/.<\/p>\n\n\n<h2 class=\"wp-block-heading\" id=\"h-1-registro-de-usuarios-en-el-sitio-web\"><strong>1. Registro de Usuarios en el sitio web<\/strong><\/h2>\n\n\n<p>1.1. Para acceder a todas las funciones del sitio, los Usuarios deben registrarse de una de las siguientes maneras: por correo electr\u00f3nico, a trav\u00e9s de la cuenta Xometry o de las redes sociales. Una vez que los Usuarios se hayan registrado, el sitio crear\u00e1 autom\u00e1ticamente una cuenta importando, en funci\u00f3n del m\u00e9todo de registro, el nombre, la foto, la direcci\u00f3n de correo electr\u00f3nico o el n\u00famero de tel\u00e9fono.<\/p>\n\n\n\n<p>1.2. Al pasar por el procedimiento de registro, los Usuarios se comprometen a proporcionar informaci\u00f3n exacta sobre s\u00ed mismos suficiente para el procedimiento de registro.<\/p>\n\n\n\n<p>1.3. Todas las acciones realizadas bajo las cuentas de los Usuarios se consideran realizadas por los Usuarios. Queda prohibida la cesi\u00f3n a terceros de los datos de acceso a la cuenta de los Usuarios.<\/p>\n\n\n<h2 class=\"wp-block-heading\" id=\"h-2-publicacion-de-contenidos-en-el-sitio-web\"><strong>2. Publicaci\u00f3n de contenidos en el sitio web<\/strong><\/h2>\n\n\n<p>2.1. Los Usuarios pueden publicar comentarios, respuestas a las preguntas de otros usuarios, sus propios textos en un formulario especial y otra informaci\u00f3n (en adelante \u00abContenido\u00bb) en el sitio Web.<\/p>\n\n\n\n<p>2.2. Al publicar Contenido en el sitio Web, los Usuarios garantizan que disponen de todos los derechos necesarios para hacerlo. Los Usuarios tambi\u00e9n garantizan que el Contenido no contiene pr\u00e9stamos prohibidos, que los derechos sobre todos los objetos, incluidos los derechos exclusivos sobre objetos de propiedad intelectual y los derechos de uso de la imagen de un ciudadano utilizada en el Contenido, pertenecen a los Usuarios y\/o los Usuarios han obtenido la autorizaci\u00f3n necesaria del propietario de los derechos sobre este objeto. Los Usuarios son responsables de forma independiente de cualquier informaci\u00f3n que carguen en el sitio o que de otro modo pongan en conocimiento p\u00fablico (publiquen) desde su cuenta, incluida la colocaci\u00f3n de enlaces a sitios y recursos de terceros. En caso de litigio, la carga de la prueba de que el Contenido publicado no viola los derechos de nadie recae en los Usuarios.<\/p>\n\n\n\n<p>2.3. Al publicar Contenido en el sitio Web, los Usuarios conceden autom\u00e1ticamente a Xometry una licencia no exclusiva para utilizar el Contenido, en su totalidad o en parte, incluyendo la reproducci\u00f3n, copia, selecci\u00f3n, sistematizaci\u00f3n, transformaci\u00f3n, modificaci\u00f3n, edici\u00f3n, traducci\u00f3n y otros procesamientos, divulgaci\u00f3n, distribuci\u00f3n, puesta a disposici\u00f3n del p\u00fablico, de forma gratuita, incondicional e irrevocable. Xometry tambi\u00e9n tiene derecho a transferir los derechos anteriores a terceros. Los Usuarios aceptan que los Contenidos publicados en el sitio Web puedan ser utilizados por Xometry en el sitio Web con fines publicitarios o de marketing.<\/p>\n\n\n\n<p>2.4. Los Usuarios aceptan que al publicar Contenidos en el sitio web, por defecto, proporcionan acceso a los mismos para su visualizaci\u00f3n a otros Usuarios.<\/p>\n\n\n\n<p>2.5 Al publicar Contenido, los Usuarios confirman que cuentan con las autorizaciones pertinentes del autor o del titular de los derechos (si los Usuarios no son el autor o el titular de los derechos). Los Usuarios no est\u00e1n autorizados a cargar, transmitir o publicar informaci\u00f3n si no tienen los derechos pertinentes para realizar tales acciones adquiridos o transferidos a ellos.<\/p>\n\n\n\n<p>2.6. Los Usuarios se comprometen a cumplir las prohibiciones establecidas por las Normas en relaci\u00f3n con los Contenidos publicados por ellos mismos y a no publicar informaci\u00f3n que:<\/p>\n\n\n\n<ul class=\"wp-block-list\">\n<li>Viole los derechos de autor, derechos sobre marcas, medios de individualizaci\u00f3n y\/o derechos sobre otros objetos de propiedad intelectual pertenecientes a terceros, as\u00ed como informaci\u00f3n que induzca a error a los Usuarios del sitio web,<\/li>\n\n\n\n<li>Sea comprometedor, difamatorio, enga\u00f1oso a prop\u00f3sito, ofensivo para la moral, demuestre violencia y crueldad, promueva el odio y\/o la discriminaci\u00f3n de personas por cualquier motivo, contenga lenguaje soez, insulte a cualquier persona u organizaci\u00f3n,<\/li>\n\n\n\n<li>Contenga llamamientos p\u00fablicos a realizar actividades terroristas o justifique p\u00fablicamente el terrorismo u otros materiales de car\u00e1cter extremista, contenga elementos de pornograf\u00eda, er\u00f3tica infantil, sea un anuncio de servicios \u00edntimos, incluso de car\u00e1cter oculto, describa el procedimiento para la fabricaci\u00f3n, utilizaci\u00f3n u otro uso de sustancias y preparados estupefacientes, explosivos, armas,<\/li>\n\n\n\n<li>Contiene informaci\u00f3n obtenida ilegalmente sobre terceros,<\/li>\n\n\n\n<li>Viola las leyes de publicidad y\/o protecci\u00f3n de la competencia de Alemania,<\/li>\n\n\n\n<li>Contenga virus inform\u00e1ticos u otros archivos, c\u00f3digos o programas inform\u00e1ticos da\u00f1inos.<\/li>\n<\/ul>\n\n\n\n<p>2.7. Xometry no puede controlar todo el Contenido publicado en el sitio Web. El Contenido no se modera de forma permanente, y Xometry se reserva el derecho de revisar cualquier Contenido y eliminarlo en caso de infracci\u00f3n de las Normas y\/o la legislaci\u00f3n, total o parcialmente, sin explicar los motivos de dicha eliminaci\u00f3n.<\/p>\n\n\n<h2 class=\"wp-block-heading\" id=\"h-3-que-no-esta-permitido-hacer-al-utilizar-el-sitio-web\"><strong>3. Qu\u00e9 no est\u00e1 permitido hacer al utilizar el sitio web<\/strong><\/h2>\n\n\n<p>3.1. Registrarse como Usuario en nombre o en lugar de otra persona (\u00abcuenta falsa\u00bb) o registrar como Usuario a un grupo (asociaci\u00f3n) de personas o a una entidad jur\u00eddica.<\/p>\n\n\n\n<p>3.2. Cargar, almacenar, publicar, distribuir y proporcionar acceso o utilizar de cualquier otro modo cualquier informaci\u00f3n que no cumpla las leyes de Alemania y las Normas.<\/p>\n\n\n\n<p>3.3. Realizar env\u00edos masivos de mensajes a otros Usuarios del sitio sin su consentimiento.<\/p>\n\n\n\n<p>3.4. Utilizar programas inform\u00e1ticos y realizar acciones destinadas a perturbar el funcionamiento normal del sitio.<\/p>\n\n\n\n<p>3.5. Utilizar scripts automatizados para recopilar informaci\u00f3n en el sitio web y\/o interactuar con el Sitio Web y sus funciones sin el permiso especial de Xometry.<\/p>\n\n\n\n<p>3.6. Realizar otras acciones que, a juicio de Xometry, no sean deseables, no se correspondan con los fines de creaci\u00f3n del sitio web, violen los derechos de otros Usuarios.<\/p>\n\n\n<h2 class=\"wp-block-heading\" id=\"h-4-disposiciones-finales\"><strong>4. Disposiciones finales<\/strong><\/h2>\n\n\n<p>4.1 Las Normas constituyen un acuerdo entre los Usuarios y Xometry sobre el orden de utilizaci\u00f3n del sitio y sus funciones.<\/p>\n\n\n\n<p>4.2 Las Normas se regular\u00e1n e interpretar\u00e1n de conformidad con la legislaci\u00f3n alemana.<\/p>\n\n\n\n<p>4.3. En caso de disputas o desacuerdos relacionados con la ejecuci\u00f3n del Reglamento, los Usuarios y los empleados de Xometry har\u00e1n todo lo posible para resolverlos a trav\u00e9s de negociaciones. Si las disputas no se resuelven de esta manera, se resolver\u00e1n de la forma prescrita por la legislaci\u00f3n vigente en Alemania. En caso de no llegar a un acuerdo, las partes se dirigir\u00e1n al tribunal competente.<\/p>\n\n\n\n<p>4.4. Los Usuarios deber\u00e1n, de forma independiente y a sus expensas, resolver y proporcionar a Xometry, a los afiliados y asociados de Xometry, a sus empleados y contrapartes protecci\u00f3n frente a cualquier reclamaci\u00f3n, acci\u00f3n y\/o queja de terceros relacionada con las acciones de los Usuarios al utilizar el sitio web, as\u00ed como proporcionar compensaci\u00f3n por cualquier p\u00e9rdida y gasto (incluidos los costes legales razonables) causados por dichas reclamaciones, acciones y\/o quejas.<\/p>\n\n\n\n<p>4.5. Los Usuarios reconocen y aceptan que Xometry no ser\u00e1 responsable ante los Usuarios de las posibles p\u00e9rdidas en que \u00e9stos puedan incurrir como consecuencia de la utilizaci\u00f3n del sitio web o de los enlaces o Contenidos de terceros.<\/p>\n\n\n\n<p>4.6. Las Normas entran en vigor para los Usuarios desde el momento de su adhesi\u00f3n a las mismas, que viene determinada por el momento de inicio de la utilizaci\u00f3n del sitio web, y tienen una vigencia indefinida.<\/p>\n\n\n\n<p>4.7 Si, por una raz\u00f3n u otra, una o varias disposiciones de las Normas fueran declaradas inv\u00e1lidas o inaplicables, ello no afectar\u00e1 a la validez o aplicabilidad de las restantes disposiciones.<\/p>\n\n\n\n<p>4.8. Xometry se reserva el derecho de modificar el Reglamento. Al continuar utilizando el sitio web, los Usuarios expresan su consentimiento a dichas modificaciones.<br>4.9. En caso de dudas, puede ponerse en contacto con los administradores del sitio en la direcci\u00f3n <a href=\"mailto:ad***@*****ry.pro\" data-original-string=\"qh\/+wCQnJ7BC96wcXaRxyg==022TQVflZVA6zv9CfFa7yH8xozMuNBpqAHCFnj+\/QH6GyA=\" title=\"Este contacto ha sido codificado por Anti-Spam by CleanTalk. Haz clic para decodificar. Para finalizar la decodificaci\u00f3n, aseg\u00farate de que JavaScript est\u00e1 activado en tu navegador.\"><span \n                data-original-string='0c361FQvR9NT5igdukvndg==022bPZLCxrwF6fA7NaJJvKA8kGowre2MesaZBLuEcKI7Sk='\n                class='apbct-email-encoder'\n                title='Este contacto ha sido codificado por Anti-Spam by CleanTalk. Haz clic para decodificar. Para finalizar la decodificaci\u00f3n, aseg\u00farate de que JavaScript est\u00e1 activado en tu navegador.'>ad<span class=\"apbct-blur\">***<\/span>@<span class=\"apbct-blur\">*****<\/span>ry.pro<\/span><\/a>.<\/p>\n\n\n\n<p><\/p>\n","protected":false},"excerpt":{"rendered":"<p>Condiciones de uso de Xometry Pro Estas normas (en lo sucesivo denominadas \u00abNormas\u00bb) definen el orden de acceso y las condiciones de uso del sitio Xometry Pro, propiedad de Xometry Europe GmbH (en lo sucesivo denominado \u00abXometry\u00bb), para sus visitantes y usuarios autorizados (en lo sucesivo denominados \u00abUsuarios\u00bb) con el fin de consultar la informaci\u00f3n [&hellip;]<\/p>\n","protected":false},"author":49,"featured_media":0,"parent":0,"menu_order":69,"comment_status":"closed","ping_status":"closed","template":"tpl-page.php","meta":{"_acf_changed":false,"_bbp_topic_count":0,"_bbp_reply_count":0,"_bbp_total_topic_count":0,"_bbp_total_reply_count":0,"_bbp_voice_count":0,"_bbp_anonymous_reply_count":0,"_bbp_topic_count_hidden":0,"_bbp_reply_count_hidden":0,"_bbp_forum_subforum_count":0,"inline_featured_image":false,"footnotes":""},"class_list":["post-29346","page","type-page","status-publish","hentry"],"acf":[],"yoast_head":"<!-- This site is optimized with the Yoast SEO Premium plugin v26.7 (Yoast SEO v27.3) - https:\/\/yoast.com\/product\/yoast-seo-premium-wordpress\/ -->\n<title>Condiciones de uso del sitio web | Xometry Pro<\/title>\n<meta name=\"description\" content=\"Estas normas definen las condiciones de uso del sitio web Xometry Pro para sus visitantes y usuarios autorizados.\" \/>\n<meta name=\"robots\" content=\"index, follow, max-snippet:-1, max-image-preview:large, max-video-preview:-1\" \/>\n<link rel=\"canonical\" href=\"https:\/\/xometry.pro\/es\/terms\/\" \/>\n<meta property=\"og:locale\" content=\"es_ES\" \/>\n<meta property=\"og:type\" content=\"article\" \/>\n<meta property=\"og:title\" content=\"T\u00e9rminos y condiciones\" \/>\n<meta property=\"og:description\" content=\"Estas normas definen las condiciones de uso del sitio web Xometry Pro para sus visitantes y usuarios autorizados.\" \/>\n<meta property=\"og:url\" content=\"https:\/\/xometry.pro\/es\/terms\/\" \/>\n<meta property=\"og:site_name\" content=\"Xometry Pro\" \/>\n<meta property=\"article:modified_time\" content=\"2025-09-23T08:40:29+00:00\" \/>\n<meta name=\"twitter:card\" content=\"summary_large_image\" \/>\n<meta name=\"twitter:label1\" content=\"Tiempo de lectura\" \/>\n\t<meta name=\"twitter:data1\" content=\"6 minuto\" \/>\n<script type=\"application\/ld+json\" class=\"yoast-schema-graph\">{\"@context\":\"https:\\\/\\\/schema.org\",\"@graph\":[{\"@type\":\"WebPage\",\"@id\":\"https:\\\/\\\/xometry.pro\\\/es\\\/terms\\\/\",\"url\":\"https:\\\/\\\/xometry.pro\\\/es\\\/terms\\\/\",\"name\":\"Condiciones de uso del sitio web | Xometry Pro\",\"isPartOf\":{\"@id\":\"https:\\\/\\\/xometry.pro\\\/es\\\/#website\"},\"datePublished\":\"2024-01-12T10:00:32+00:00\",\"dateModified\":\"2025-09-23T08:40:29+00:00\",\"description\":\"Estas normas definen las condiciones de uso del sitio web Xometry Pro para sus visitantes y usuarios autorizados.\",\"breadcrumb\":{\"@id\":\"https:\\\/\\\/xometry.pro\\\/es\\\/terms\\\/#breadcrumb\"},\"inLanguage\":\"es\",\"potentialAction\":[{\"@type\":\"ReadAction\",\"target\":[\"https:\\\/\\\/xometry.pro\\\/es\\\/terms\\\/\"]}]},{\"@type\":\"BreadcrumbList\",\"@id\":\"https:\\\/\\\/xometry.pro\\\/es\\\/terms\\\/#breadcrumb\",\"itemListElement\":[{\"@type\":\"ListItem\",\"position\":1,\"name\":\"Inicio\",\"item\":\"https:\\\/\\\/xometry.pro\\\/es\\\/\"},{\"@type\":\"ListItem\",\"position\":2,\"name\":\"T\u00e9rminos y condiciones\"}]},{\"@type\":\"WebSite\",\"@id\":\"https:\\\/\\\/xometry.pro\\\/es\\\/#website\",\"url\":\"https:\\\/\\\/xometry.pro\\\/es\\\/\",\"name\":\"Xometry Pro\",\"description\":\"Knowledge &amp; Community For Engineers &amp; Product Designers\",\"potentialAction\":[{\"@type\":\"SearchAction\",\"target\":{\"@type\":\"EntryPoint\",\"urlTemplate\":\"https:\\\/\\\/xometry.pro\\\/es\\\/?s={search_term_string}\"},\"query-input\":{\"@type\":\"PropertyValueSpecification\",\"valueRequired\":true,\"valueName\":\"search_term_string\"}}],\"inLanguage\":\"es\"}]}<\/script>\n<!-- \/ Yoast SEO Premium plugin. -->","yoast_head_json":{"title":"Condiciones de uso del sitio web | Xometry Pro","description":"Estas normas definen las condiciones de uso del sitio web Xometry Pro para sus visitantes y usuarios autorizados.","robots":{"index":"index","follow":"follow","max-snippet":"max-snippet:-1","max-image-preview":"max-image-preview:large","max-video-preview":"max-video-preview:-1"},"canonical":"https:\/\/xometry.pro\/es\/terms\/","og_locale":"es_ES","og_type":"article","og_title":"T\u00e9rminos y condiciones","og_description":"Estas normas definen las condiciones de uso del sitio web Xometry Pro para sus visitantes y usuarios autorizados.","og_url":"https:\/\/xometry.pro\/es\/terms\/","og_site_name":"Xometry Pro","article_modified_time":"2025-09-23T08:40:29+00:00","twitter_card":"summary_large_image","twitter_misc":{"Tiempo de lectura":"6 minuto"},"schema":{"@context":"https:\/\/schema.org","@graph":[{"@type":"WebPage","@id":"https:\/\/xometry.pro\/es\/terms\/","url":"https:\/\/xometry.pro\/es\/terms\/","name":"Condiciones de uso del sitio web | Xometry Pro","isPartOf":{"@id":"https:\/\/xometry.pro\/es\/#website"},"datePublished":"2024-01-12T10:00:32+00:00","dateModified":"2025-09-23T08:40:29+00:00","description":"Estas normas definen las condiciones de uso del sitio web Xometry Pro para sus visitantes y usuarios autorizados.","breadcrumb":{"@id":"https:\/\/xometry.pro\/es\/terms\/#breadcrumb"},"inLanguage":"es","potentialAction":[{"@type":"ReadAction","target":["https:\/\/xometry.pro\/es\/terms\/"]}]},{"@type":"BreadcrumbList","@id":"https:\/\/xometry.pro\/es\/terms\/#breadcrumb","itemListElement":[{"@type":"ListItem","position":1,"name":"Inicio","item":"https:\/\/xometry.pro\/es\/"},{"@type":"ListItem","position":2,"name":"T\u00e9rminos y condiciones"}]},{"@type":"WebSite","@id":"https:\/\/xometry.pro\/es\/#website","url":"https:\/\/xometry.pro\/es\/","name":"Xometry Pro","description":"Knowledge &amp; Community For Engineers &amp; Product Designers","potentialAction":[{"@type":"SearchAction","target":{"@type":"EntryPoint","urlTemplate":"https:\/\/xometry.pro\/es\/?s={search_term_string}"},"query-input":{"@type":"PropertyValueSpecification","valueRequired":true,"valueName":"search_term_string"}}],"inLanguage":"es"}]}},"_links":{"self":[{"href":"https:\/\/xometry.pro\/es\/wp-json\/wp\/v2\/pages\/29346","targetHints":{"allow":["GET"]}}],"collection":[{"href":"https:\/\/xometry.pro\/es\/wp-json\/wp\/v2\/pages"}],"about":[{"href":"https:\/\/xometry.pro\/es\/wp-json\/wp\/v2\/types\/page"}],"author":[{"embeddable":true,"href":"https:\/\/xometry.pro\/es\/wp-json\/wp\/v2\/users\/49"}],"replies":[{"embeddable":true,"href":"https:\/\/xometry.pro\/es\/wp-json\/wp\/v2\/comments?post=29346"}],"version-history":[{"count":0,"href":"https:\/\/xometry.pro\/es\/wp-json\/wp\/v2\/pages\/29346\/revisions"}],"wp:attachment":[{"href":"https:\/\/xometry.pro\/es\/wp-json\/wp\/v2\/media?parent=29346"}],"curies":[{"name":"wp","href":"https:\/\/api.w.org\/{rel}","templated":true}]}}