{"id":29925,"date":"2023-04-05T15:26:50","date_gmt":"2023-04-05T15:26:50","guid":{"rendered":"https:\/\/xometry.pro\/privacy-policy\/"},"modified":"2024-03-28T09:07:09","modified_gmt":"2024-03-28T08:07:09","slug":"privacy-policy","status":"publish","type":"page","link":"https:\/\/xometry.pro\/es\/privacy-policy\/","title":{"rendered":"Pol\u00edtica de protecci\u00f3n de datos"},"content":{"rendered":"<h1 class=\"wp-block-heading has-text-align-center\" id=\"h-politica-de-proteccion-de-datos\"><br><strong>Pol\u00edtica de protecci\u00f3n de datos<\/strong><\/h1>\n\n\n<p class=\"has-text-align-center\" style=\"font-size:18px\">Xometry Europe GmbH, Ada-Lovelace-Str. 9, 85521 Ottobrunn, Alemania<\/p>\n\n\n\n<div style=\"height:48px\" aria-hidden=\"true\" class=\"wp-block-spacer\"><\/div>\n\n\n\n<p>La entidad responsable en el sentido de los \u00a7\u00a7 3 Para. 7 y 4 Para. 3 de la Ley Federal de Protecci\u00f3n de Datos [Bundesdatenschutzgesetz] es Xometry Europe GmbH, representada por su director general, el el Sr. Dmitry Kafidov, Ada-Lovelace-Str. 9, 85521 Ottobrunn, Alemania.<\/p>\n\n\n\n<p>Recogemos y registramos los datos recibidos de nuestros clientes y proveedores. Estos datos comprenden los datos personales de los clientes y\/o los datos de una empresa con la que tenemos una relaci\u00f3n comercial. Tambi\u00e9n pueden incluir datos de uso, como direcciones IP.<\/p>\n\n\n\n<p>Estos datos sirven para ayudarnos a cumplir con los pedidos recibidos de los clientes en su beneficio. Es necesario que los datos de los clientes se compartan con las empresas que realizan los pedidos en nuestro nombre. Se trata, en particular, de la transmisi\u00f3n de planos y\/o esquemas de construcci\u00f3n, as\u00ed como de descripciones de objetos.<\/p>\n\n\n\n<p>Aparte del cumplimiento de los pedidos, tambi\u00e9n utilizamos los datos de los clientes en el curso de la contrataci\u00f3n de terceros para llevar a cabo tareas como la entrega de paquetes, la tramitaci\u00f3n de pagos, etc. En la medida en que estos terceros reciban datos personales de los clientes y\/o de otras empresas, esta informaci\u00f3n no podr\u00e1 ser difundida posteriormente.<\/p>\n\n\n\n<p>El cliente y\/o la empresa tienen derecho a recibir, en cualquier momento, sin causa espec\u00edfica y sin coste alguno, informaci\u00f3n relativa a sus datos almacenados en nuestros sistemas. El cliente y\/o la empresa pueden exigir en cualquier momento el bloqueo, la correcci\u00f3n o la supresi\u00f3n de los datos recogidos por nosotros. En caso de que un cliente o empresa desee solicitar la supresi\u00f3n de sus datos conservados por Xometry, deber\u00e1 presentar su solicitud por escrito a <a href=\"mailto:in**@*****ry.eu\" data-original-string=\"tWfwOCSspws1Gfpu6s1EEQ==022N+aBv45j6zByTQe2kl4sUg==\" title=\"Este contacto ha sido codificado por Anti-Spam by CleanTalk. Haz clic para decodificar. Para finalizar la decodificaci\u00f3n, aseg\u00farate de que JavaScript est\u00e1 activado en tu navegador.\" target=\"_blank\" rel=\"noreferrer noopener\"><span \n                data-original-string='Nn2vNIdlHPySuVpg6f\/4SA==022Z4wVDa5JY5OAp6RjGjj\/Qg=='\n                class='apbct-email-encoder'\n                title='Este contacto ha sido codificado por Anti-Spam by CleanTalk. Haz clic para decodificar. Para finalizar la decodificaci\u00f3n, aseg\u00farate de que JavaScript est\u00e1 activado en tu navegador.'>in<span class=\"apbct-blur\">**<\/span>@<span class=\"apbct-blur\">*****<\/span>ry.eu<\/span><\/a>. La declaraci\u00f3n de consentimiento que se nos ha proporcionado para la recogida o el uso de los datos puede ser revocada en cualquier momento, sin necesidad de una causa espec\u00edfica, poni\u00e9ndose en contacto con la entidad responsable.<\/p>\n\n\n\n<p>Hemos tomado amplias precauciones de seguridad t\u00e9cnica y operativa para proteger sus datos personales archivados con nosotros contra el acceso no autorizado y el uso indebido. Nuestros procedimientos de seguridad para la protecci\u00f3n contra el da\u00f1o, la destrucci\u00f3n y el acceso no autorizado se eval\u00faan y actualizan peri\u00f3dicamente de acuerdo con el estado de la t\u00e9cnica.<\/p>\n\n\n\n<p>Guardamos el texto del contrato y le enviamos la informaci\u00f3n del pedido por correo electr\u00f3nico. Las condiciones generales pueden consultarse en cualquier momento en www.xometry.eu\/en\/conditions.<\/p>\n\n\n\n<p>Este sitio web contiene enlaces a sitios externos. Si hace clic en estos enlaces, la direcci\u00f3n IP tambi\u00e9n aparecer\u00e1, por lo general, en los registros de acceso de estos sitios web. Esta declaraci\u00f3n de protecci\u00f3n de datos s\u00f3lo es v\u00e1lida para este sitio web, y no para los sitios web pertenecientes a terceros.<\/p>\n\n\n\n<p>Una cookie es un dato almacenado en el ordenador del usuario vinculado a informaci\u00f3n sobre el mismo. Este sitio web puede utilizar tanto cookies de identificaci\u00f3n de sesi\u00f3n como cookies persistentes. En el caso de las cookies de identificaci\u00f3n de sesi\u00f3n, una vez que se cierra el navegador o se cierra la sesi\u00f3n, la cookie termina y se borra. Una cookie persistente es un peque\u00f1o archivo de texto que se almacena en el disco duro de su ordenador durante un largo periodo de tiempo. El archivo de ayuda de su navegador contiene informaci\u00f3n e instrucciones para eliminar las cookies persistentes.<\/p>\n\n\n\n<div style=\"height:16px\" aria-hidden=\"true\" class=\"wp-block-spacer\"><\/div>\n\n\n<h3 class=\"wp-block-heading\" id=\"h-google-analytics\">Google Analytics<\/h3>\n\n\n<p>Este sitio web utiliza Google Analytics, un servicio de an\u00e1lisis web proporcionado por Google, Inc. (Google). Google Analytics utiliza cookies, que son archivos de texto ubicados en su ordenador, para ayudar al sitio web a analizar el uso que hacen los usuarios de este. La informaci\u00f3n generada por la cookie acerca de su uso del sitio web (incluyendo su direcci\u00f3n IP) ser\u00e1 transmitida y almacenada por Google en servidores en los Estados Unidos. En caso de activaci\u00f3n de la anonimizaci\u00f3n de la IP, Google truncar\u00e1\/anonimizar\u00e1 el \u00faltimo octeto de la direcci\u00f3n IP para los Estados miembros de la Uni\u00f3n Europea, as\u00ed como para otras partes del Acuerdo sobre el Espacio Econ\u00f3mico Europeo. S\u00f3lo en casos excepcionales, la direcci\u00f3n IP completa es enviada y acortada por los servidores de Google en los Estados Unidos. En nombre del proveedor del sitio web, Google utilizar\u00e1 esta informaci\u00f3n con el fin de evaluar su uso del sitio web, recopilar informes sobre la actividad del sitio web y prestar otros servicios relacionados con la actividad del sitio web y el uso de Internet al proveedor del sitio web. Google no asociar\u00e1 su direcci\u00f3n IP con ning\u00fan otro dato del que disponga Google. Usted puede rechazar el uso de cookies seleccionando la configuraci\u00f3n adecuada en su navegador. Sin embargo, tenga en cuenta que, si lo hace, es posible que no pueda utilizar todas las funciones de este sitio web. Adem\u00e1s, puede evitar la recopilaci\u00f3n y el uso de datos (cookies y direcci\u00f3n IP) por parte de Google descargando e instalando el complemento del navegador disponible en https:\/\/tools.google.com\/dlpage\/gaoptout?hl=en-GB.<\/p>\n\n\n\n<p>Puede encontrar m\u00e1s informaci\u00f3n sobre las condiciones de uso y la privacidad de los datos en http:\/\/www.google.com\/analytics\/terms\/gb.html. Tenga en cuenta que en este sitio web, el c\u00f3digo de Google Analytics se complementa con gat._anonymizeIp(); para garantizar una recopilaci\u00f3n an\u00f3nima de las direcciones IP (lo que se denomina enmascaramiento de IP). Fuente (http:\/\/www.datenschutzbeauftragter-info.de)<\/p>\n\n\n\n<div style=\"height:16px\" aria-hidden=\"true\" class=\"wp-block-spacer\"><\/div>\n\n\n<h3 class=\"wp-block-heading\" id=\"h-amplitude\">Amplitude<\/h3>\n\n\n<p>Una parte espec\u00edfica de este sitio web (la secci\u00f3n \u00ab\u00c1rea de socios\u00bb) utiliza los an\u00e1lisis web de Amplitude, proporcionados por Amplitude, Inc., 501 2nd Street, Suite 100, San Francisco, CA 94107, EE.UU. (en lo sucesivo, \u00abAmplitude\u00bb).<\/p>\n\n\n\n<p>Amplitude utiliza \u00abcookies\u00bb, peque\u00f1os archivos de texto que se colocan en los ordenadores de los usuarios para analizar su actividad. La informaci\u00f3n se recoge \u00fanicamente en el \u00ab\u00c1rea de Socios\u00bb, donde todos los usuarios est\u00e1n autorizados con su nombre de usuario y contrase\u00f1a. Por lo tanto, su identidad (es decir, el nombre de la empresa, el nombre del usuario y la direcci\u00f3n de correo electr\u00f3nico) se almacena junto con sus acciones en la secci\u00f3n \u00ab\u00c1rea de socios\u00bb del sitio web con el fin de examinar la UX y mejorar el rendimiento de nuestro sitio web.<\/p>\n\n\n\n<p>La informaci\u00f3n sobre su uso de este sitio web recopilada por las cookies se transferir\u00e1 a Amplitude y se almacenar\u00e1 en el servidor de Amplitude en la UE y Estados Unidos. Amplitude procesar\u00e1 esta informaci\u00f3n para elaborar informes sobre el funcionamiento de nuestro sitio web y prestar otros servicios. Amplitude procesa esta informaci\u00f3n tal y como se especifica en las condiciones de uso del servicio de Amplitude.<\/p>\n\n\n\n<p>Ninguna otra parte de nuestra p\u00e1gina web, excepto el \u00c1rea de Socios, recoge datos con el servicio de Amplitude. Al utilizar el \u00c1rea de Socios de este sitio web, usted acepta que Amplitude pueda procesar sus datos de la manera y con los fines antes mencionados.<\/p>\n\n\n\n<div style=\"height:16px\" aria-hidden=\"true\" class=\"wp-block-spacer\"><\/div>\n\n\n<h3 class=\"wp-block-heading\" id=\"h-lead-forensics\">Lead Forensics<\/h3>\n\n\n<p style=\"font-size:18px\">Utilizamos una cookie de terceros, llamada _lfuuid. La cookie se acepta o rechaza en el banner de consentimiento que aparecer\u00e1 en su primera visita a nuestro sitio web. La cookie permite a un sitio web rastrear el comportamiento del visitante en los sitios en los que est\u00e1 instalada la cookie. El seguimiento se realiza de forma an\u00f3nima hasta que el usuario se identifica enviando un formulario. La cookie es persistente durante 10 a\u00f1os antes de expirar.<\/p>\n\n\n\n<div style=\"height:98px\" aria-hidden=\"true\" class=\"wp-block-spacer\"><\/div>\n","protected":false},"excerpt":{"rendered":"<p>Pol\u00edtica de protecci\u00f3n de datos Xometry Europe GmbH, Ada-Lovelace-Str. 9, 85521 Ottobrunn, Alemania La entidad responsable en el sentido de los \u00a7\u00a7 3 Para. 7 y 4 Para. 3 de la Ley Federal de Protecci\u00f3n de Datos [Bundesdatenschutzgesetz] es Xometry Europe GmbH, representada por su director general, el el Sr. Dmitry Kafidov, Ada-Lovelace-Str. 9, 85521 [&hellip;]<\/p>\n","protected":false},"author":1,"featured_media":0,"parent":0,"menu_order":61,"comment_status":"closed","ping_status":"open","template":"tpl-page.php","meta":{"_acf_changed":false,"_bbp_topic_count":0,"_bbp_reply_count":0,"_bbp_total_topic_count":0,"_bbp_total_reply_count":0,"_bbp_voice_count":0,"_bbp_anonymous_reply_count":0,"_bbp_topic_count_hidden":0,"_bbp_reply_count_hidden":0,"_bbp_forum_subforum_count":0,"inline_featured_image":false,"footnotes":""},"class_list":["post-29925","page","type-page","status-publish","hentry"],"acf":[],"yoast_head":"<!-- This site is optimized with the Yoast SEO Premium plugin v26.7 (Yoast SEO v27.3) - https:\/\/yoast.com\/product\/yoast-seo-premium-wordpress\/ -->\n<title>Pol\u00edtica de protecci\u00f3n de datos | Xometry Pro<\/title>\n<meta name=\"robots\" content=\"index, follow, max-snippet:-1, max-image-preview:large, max-video-preview:-1\" \/>\n<link rel=\"canonical\" href=\"https:\/\/xometry.pro\/es\/privacy-policy\/\" \/>\n<meta property=\"og:locale\" content=\"es_ES\" \/>\n<meta property=\"og:type\" content=\"article\" \/>\n<meta property=\"og:title\" content=\"Pol\u00edtica de protecci\u00f3n de datos\" \/>\n<meta property=\"og:description\" content=\"Pol\u00edtica de protecci\u00f3n de datos Xometry Europe GmbH, Ada-Lovelace-Str. 9, 85521 Ottobrunn, Alemania La entidad responsable en el sentido de los \u00a7\u00a7 3 Para. 7 y 4 Para. 3 de la Ley Federal de Protecci\u00f3n de Datos [Bundesdatenschutzgesetz] es Xometry Europe GmbH, representada por su director general, el el Sr. Dmitry Kafidov, Ada-Lovelace-Str. 9, 85521 [&hellip;]\" \/>\n<meta property=\"og:url\" content=\"https:\/\/xometry.pro\/es\/privacy-policy\/\" \/>\n<meta property=\"og:site_name\" content=\"Xometry Pro\" \/>\n<meta property=\"article:modified_time\" content=\"2024-03-28T08:07:09+00:00\" \/>\n<meta name=\"twitter:card\" content=\"summary_large_image\" \/>\n<meta name=\"twitter:label1\" content=\"Tiempo de lectura\" \/>\n\t<meta name=\"twitter:data1\" content=\"6 minuto\" \/>\n<script type=\"application\/ld+json\" class=\"yoast-schema-graph\">{\"@context\":\"https:\\\/\\\/schema.org\",\"@graph\":[{\"@type\":\"WebPage\",\"@id\":\"https:\\\/\\\/xometry.pro\\\/es\\\/privacy-policy\\\/\",\"url\":\"https:\\\/\\\/xometry.pro\\\/es\\\/privacy-policy\\\/\",\"name\":\"Pol\u00edtica de protecci\u00f3n de datos | Xometry Pro\",\"isPartOf\":{\"@id\":\"https:\\\/\\\/xometry.pro\\\/es\\\/#website\"},\"datePublished\":\"2023-04-05T15:26:50+00:00\",\"dateModified\":\"2024-03-28T08:07:09+00:00\",\"breadcrumb\":{\"@id\":\"https:\\\/\\\/xometry.pro\\\/es\\\/privacy-policy\\\/#breadcrumb\"},\"inLanguage\":\"es\",\"potentialAction\":[{\"@type\":\"ReadAction\",\"target\":[\"https:\\\/\\\/xometry.pro\\\/es\\\/privacy-policy\\\/\"]}]},{\"@type\":\"BreadcrumbList\",\"@id\":\"https:\\\/\\\/xometry.pro\\\/es\\\/privacy-policy\\\/#breadcrumb\",\"itemListElement\":[{\"@type\":\"ListItem\",\"position\":1,\"name\":\"Inicio\",\"item\":\"https:\\\/\\\/xometry.pro\\\/es\\\/\"},{\"@type\":\"ListItem\",\"position\":2,\"name\":\"Pol\u00edtica de protecci\u00f3n de datos\"}]},{\"@type\":\"WebSite\",\"@id\":\"https:\\\/\\\/xometry.pro\\\/es\\\/#website\",\"url\":\"https:\\\/\\\/xometry.pro\\\/es\\\/\",\"name\":\"Xometry Pro\",\"description\":\"Knowledge &amp; Community For Engineers &amp; Product Designers\",\"potentialAction\":[{\"@type\":\"SearchAction\",\"target\":{\"@type\":\"EntryPoint\",\"urlTemplate\":\"https:\\\/\\\/xometry.pro\\\/es\\\/?s={search_term_string}\"},\"query-input\":{\"@type\":\"PropertyValueSpecification\",\"valueRequired\":true,\"valueName\":\"search_term_string\"}}],\"inLanguage\":\"es\"}]}<\/script>\n<!-- \/ Yoast SEO Premium plugin. -->","yoast_head_json":{"title":"Pol\u00edtica de protecci\u00f3n de datos | Xometry Pro","robots":{"index":"index","follow":"follow","max-snippet":"max-snippet:-1","max-image-preview":"max-image-preview:large","max-video-preview":"max-video-preview:-1"},"canonical":"https:\/\/xometry.pro\/es\/privacy-policy\/","og_locale":"es_ES","og_type":"article","og_title":"Pol\u00edtica de protecci\u00f3n de datos","og_description":"Pol\u00edtica de protecci\u00f3n de datos Xometry Europe GmbH, Ada-Lovelace-Str. 9, 85521 Ottobrunn, Alemania La entidad responsable en el sentido de los \u00a7\u00a7 3 Para. 7 y 4 Para. 3 de la Ley Federal de Protecci\u00f3n de Datos [Bundesdatenschutzgesetz] es Xometry Europe GmbH, representada por su director general, el el Sr. Dmitry Kafidov, Ada-Lovelace-Str. 9, 85521 [&hellip;]","og_url":"https:\/\/xometry.pro\/es\/privacy-policy\/","og_site_name":"Xometry Pro","article_modified_time":"2024-03-28T08:07:09+00:00","twitter_card":"summary_large_image","twitter_misc":{"Tiempo de lectura":"6 minuto"},"schema":{"@context":"https:\/\/schema.org","@graph":[{"@type":"WebPage","@id":"https:\/\/xometry.pro\/es\/privacy-policy\/","url":"https:\/\/xometry.pro\/es\/privacy-policy\/","name":"Pol\u00edtica de protecci\u00f3n de datos | Xometry Pro","isPartOf":{"@id":"https:\/\/xometry.pro\/es\/#website"},"datePublished":"2023-04-05T15:26:50+00:00","dateModified":"2024-03-28T08:07:09+00:00","breadcrumb":{"@id":"https:\/\/xometry.pro\/es\/privacy-policy\/#breadcrumb"},"inLanguage":"es","potentialAction":[{"@type":"ReadAction","target":["https:\/\/xometry.pro\/es\/privacy-policy\/"]}]},{"@type":"BreadcrumbList","@id":"https:\/\/xometry.pro\/es\/privacy-policy\/#breadcrumb","itemListElement":[{"@type":"ListItem","position":1,"name":"Inicio","item":"https:\/\/xometry.pro\/es\/"},{"@type":"ListItem","position":2,"name":"Pol\u00edtica de protecci\u00f3n de datos"}]},{"@type":"WebSite","@id":"https:\/\/xometry.pro\/es\/#website","url":"https:\/\/xometry.pro\/es\/","name":"Xometry Pro","description":"Knowledge &amp; Community For Engineers &amp; Product Designers","potentialAction":[{"@type":"SearchAction","target":{"@type":"EntryPoint","urlTemplate":"https:\/\/xometry.pro\/es\/?s={search_term_string}"},"query-input":{"@type":"PropertyValueSpecification","valueRequired":true,"valueName":"search_term_string"}}],"inLanguage":"es"}]}},"_links":{"self":[{"href":"https:\/\/xometry.pro\/es\/wp-json\/wp\/v2\/pages\/29925","targetHints":{"allow":["GET"]}}],"collection":[{"href":"https:\/\/xometry.pro\/es\/wp-json\/wp\/v2\/pages"}],"about":[{"href":"https:\/\/xometry.pro\/es\/wp-json\/wp\/v2\/types\/page"}],"author":[{"embeddable":true,"href":"https:\/\/xometry.pro\/es\/wp-json\/wp\/v2\/users\/1"}],"replies":[{"embeddable":true,"href":"https:\/\/xometry.pro\/es\/wp-json\/wp\/v2\/comments?post=29925"}],"version-history":[{"count":0,"href":"https:\/\/xometry.pro\/es\/wp-json\/wp\/v2\/pages\/29925\/revisions"}],"wp:attachment":[{"href":"https:\/\/xometry.pro\/es\/wp-json\/wp\/v2\/media?parent=29925"}],"curies":[{"name":"wp","href":"https:\/\/api.w.org\/{rel}","templated":true}]}}