{"id":29315,"date":"2024-01-11T11:26:39","date_gmt":"2024-01-11T11:26:39","guid":{"rendered":"https:\/\/xometry.pro\/about\/"},"modified":"2024-02-28T15:26:18","modified_gmt":"2024-02-28T15:26:18","slug":"about","status":"publish","type":"page","link":"https:\/\/xometry.pro\/fr\/about\/","title":{"rendered":"\u00c0 propos de Xometry Pro"},"content":{"rendered":"<h1 class=\"wp-block-heading\" id=\"connaissances-et-communaute-sur-lingenierie-mecanique-la-fabrication-et-le-design-de-produits\">Connaissances et communaut\u00e9 sur l&rsquo;ing\u00e9nierie m\u00e9canique, la fabrication et le design de produits<\/h1>\n\n\n<div style=\"height:47px\" aria-hidden=\"true\" class=\"wp-block-spacer\"><\/div>\n\n\n\n<p>Xometry Pro est une plate-forme multim\u00e9dia cr\u00e9\u00e9e et mod\u00e9r\u00e9e par <a href=\"https:\/\/xometry.eu\/fr\/\">Xometry<\/a>, une plate-forme bas\u00e9e sur l&rsquo;IA d\u00e9di\u00e9e \u00e0 l&rsquo;approvisionnement en fabrication sur mesure. Le site Web Xometry Pro est cr\u00e9\u00e9 pour les ing\u00e9nieurs, les designers de produits et les passionn\u00e9s de technologie.<\/p>\n\n\n\n<p>Sur cette page, vous apprendrez comment fonctionne notre site Web et explorerez ses diff\u00e9rentes sections :<\/p>\n\n\n\n<ul class=\"wp-block-list\">\n<li>Communaut\u00e9<\/li>\n\n\n\n<li>Biblioth\u00e8que de mat\u00e9riaux<\/li>\n\n\n\n<li>Articles<\/li>\n\n\n\n<li>E-books et guides :<\/li>\n\n\n\n<li>Webinaires<\/li>\n\n\n\n<li>Cours gratuits<\/li>\n\n\n\n<li>R\u00e9cits et exemples de cas de fabrication\n<ul class=\"wp-block-list\">\n<li>Comment partager votre r\u00e9cit ?<\/li>\n<\/ul>\n<\/li>\n\n\n\n<li>Outils gratuits<\/li>\n\n\n\n<li>Votre compte personnel<\/li>\n<\/ul>\n\n\n<h2 class=\"wp-block-heading\" id=\"communaute\"><strong>Communaut\u00e9<\/strong><\/h2>\n\n\n<p>Notre<a href=\"https:\/\/xometry.pro\/fr\/community\/\"> communaut\u00e9<\/a> est votre premi\u00e8re \u00e9tape pour partager vos exp\u00e9riences, vos r\u00e9flexions et demander conseil. Cr\u00e9ez vos propres sujets de discussion, posez des questions et participez \u00e0 des conversations initi\u00e9es par d&rsquo;autres membres de la communaut\u00e9. Pour contribuer, vous devez cr\u00e9er un compte Xometry Pro gratuit ou vous connecter en utilisant les r\u00e9seaux sociaux ou votre compte sur get.xometry.eu, get.xometry.uk ou get.xometry.com.tr.<\/p>\n\n\n<h2 class=\"wp-block-heading\" id=\"bibliotheque-de-materiaux\"><strong>Biblioth\u00e8que de mat\u00e9riaux<\/strong><\/h2>\n\n\n<p>Une<a href=\"https:\/\/xometry.pro\/fr\/materiaux\/\"> biblioth\u00e8que compl\u00e8te de mat\u00e9riaux<\/a> utilis\u00e9s dans diverses technologies de fabrication, avec des propri\u00e9t\u00e9s et des sp\u00e9cifications d\u00e9taill\u00e9es.<\/p>\n\n\n<h2 class=\"wp-block-heading\" id=\"articles\"><strong>Articles<\/strong><\/h2>\n\n\n<p>Une<a href=\"https:\/\/xometry.pro\/fr\/articles\/\"> collection d&rsquo;articles<\/a> \u00e9crits par les ing\u00e9nieurs et les professionnels de Xometry, fournissant une expertise et des informations pr\u00e9cieuses.<\/p>\n\n\n<h2 class=\"wp-block-heading\" id=\"ebooks-et-guides\"><strong>E-books et guides <\/strong><\/h2>\n\n\n<p>T\u00e9l\u00e9chargez des<a href=\"https:\/\/xometry.pro\/fr\/guides\/\"> ebooks et des guides pertinents<\/a> qui vous apporteront des connaissances approfondies et des conseils pratiques.<\/p>\n\n\n<h2 class=\"wp-block-heading\" id=\"webinaires\"><strong>Webinaires<\/strong><\/h2>\n\n\n<p>Participez \u00e0 des<a href=\"https:\/\/xometry.pro\/fr\/webinaires\/\"> webinaires<\/a> informatifs pr\u00e9sentant des experts de l&rsquo;industrie discutant des derni\u00e8res tendances, technologies et meilleures pratiques.<\/p>\n\n\n<h2 class=\"wp-block-heading\" id=\"cours-gratuits\"><strong>Cours gratuits<\/strong><\/h2>\n\n\n<p>Inscrivez-vous \u00e0<a href=\"https:\/\/xometry.pro\/fr\/cours\/\"> nos cours<\/a> pour acqu\u00e9rir des connaissances et des comp\u00e9tences pratiques, avec des le\u00e7ons structur\u00e9es et des exp\u00e9riences d&rsquo;apprentissage interactives. Pour acc\u00e9der aux cours, vous avez besoin d&rsquo;un compte Xometry Pro gratuit.<\/p>\n\n\n<h2 class=\"wp-block-heading\" id=\"exemples-de-cas-client-de-fabrication\"><strong>Exemples de cas client de fabrication<\/strong><\/h2>\n\n\n<ul class=\"wp-block-list\">\n<li>D\u00e9couvrez des<a href=\"https:\/\/xometry.pro\/fr\/temoignages\/\"> exemples de cas client de r\u00e9ussite de fabrication r\u00e9els<\/a>, pr\u00e9sentant des solutions innovantes et les meilleures pratiques.<\/li>\n\n\n\n<li>Partagez vos propres exemples de cas en mati\u00e8re de design et de fabrication de produits<\/li>\n<\/ul>\n\n\n<h2 class=\"wp-block-heading\" id=\"comment-partager-votre-cas-client-sur-xometry-pro\"><strong>Comment partager votre cas client sur Xometry Pro ?<\/strong><\/h2>\n\n\n<p>Si vous souhaitez partager un cas client montrant la mani\u00e8re dont vous avez con\u00e7u et fabriqu\u00e9 quelque chose d&rsquo;int\u00e9ressant, vous pouvez remplir <a href=\"https:\/\/xometry.pro\/fr\/temoignages\/\" target=\"_blank\" rel=\"noreferrer noopener\">ce brief<\/a> et notre responsable de contenu vous guidera tout au long du processus de publication.<\/p>\n\n\n<h2 class=\"wp-block-heading\" id=\"outils-gratuits\"><strong>Outils gratuits<\/strong><\/h2>\n\n\n<p>D\u00e9couvrez des<a href=\"https:\/\/xometry.pro\/fr\/outils\/\"> outils gratuits<\/a> con\u00e7us pour aider les ing\u00e9nieurs et les designers de produits dans leur travail, en am\u00e9liorant la productivit\u00e9.<\/p>\n\n\n<h2 class=\"wp-block-heading\" id=\"votre-compte-personnel\"><strong>Votre compte personnel<\/strong><\/h2>\n\n\n<ul class=\"wp-block-list\">\n<li>Pour laisser des commentaires, participer \u00e0 des discussions, cr\u00e9er des fils de discussion communautaires et ajouter vos articles pr\u00e9f\u00e9r\u00e9s \u00e0 vos favoris, connectez-vous \u00e0 Xometry Pro \u00e0 l&rsquo;aide de votre adresse email, de votre compte Xometry ou de votre r\u00e9seau social. De cette fa\u00e7on, vous serez automatiquement inscrit &#8211; nous obtiendrons votre nom, votre photo ainsi que votre adresse email.<br><img loading=\"lazy\" decoding=\"async\" width=\"370\" height=\"395\" src=\"https:\/\/lh7-us.googleusercontent.com\/8WLL4_5R6hq_6QTkKQKWiUuPgEDR9ZxqpQ7FNt7kPW0ctR98rwMXNjAb-DTaN674EjgmgHhcbKbyFG_x7RpiUqk1IG9vjlNfjhSQFM3c64-wTErsAwmFRjXFx2pSxyIZ6uxXZyqKXoWyKVfXlXpw6uk\"><\/li>\n\n\n\n<li>Il est important pour nous de nous assurer que c&rsquo;est vous et pas quelqu&rsquo;un d&rsquo;autre qui lit et \u00e9crit sur Xometry Pro. C&rsquo;est la raison pour laquelle nous vous demandons de fournir des donn\u00e9es r\u00e9elles pour l&rsquo;enregistrement. Si n\u00e9cessaire, vous pouvez toujours utiliser un pseudo dans<a href=\"https:\/\/xometry.pro\/fr\/account\/?tab=preferences\"> les param\u00e8tres de votre compte.<\/a> Vous pouvez utiliser un pseudo si vous le souhaitez, afin de ne pas donner votre nom aux autres utilisateurs.<\/li>\n<\/ul>\n\n\n\n<figure class=\"wp-block-image is-resized\"><img decoding=\"async\" src=\"https:\/\/lh7-us.googleusercontent.com\/uuRd5EwwFdrJ7bOPtWU4SLGhfB2CXIL5ItO4jKhtApBppYjg-2OM1xD_rg-dyGVsUBWgFP3ToSNVtfJzAuYK2F0rvC4prDzhJoeH2M7CzJLat7NTEAtP0Mey22aWVvYOpxB5PDf7pTRn5_CSKfMdbcU\" alt=\"\" style=\"max-width:434px;height:auto\"\/><\/figure>\n\n\n<h2 class=\"wp-block-heading\" id=\"reglement-de-notre-site-web\"><strong>R\u00e8glement de notre site Web<\/strong><\/h2>\n\n\n<p>En lisant Xometry Pro, vous acceptez nos conditions g\u00e9n\u00e9rales disponibles sur<a href=\"https:\/\/xometry.pro\/fr\/terms\/\"> https:\/\/xometry.pro\/fr\/terms\/.<\/a> Ce r\u00e8glement constituent un contrat entre vous en tant qu&rsquo;utilisateur de Xometry Pro et le personnel \u00e9ditorial du site. En termes simples, leurs points cl\u00e9s comprennent :<\/p>\n\n\n\n<ul class=\"wp-block-list\">\n<li>Toute publication n\u00e9cessite une connexion par email, compte Xometry ou r\u00e9seau social.<\/li>\n\n\n\n<li>Les donn\u00e9es r\u00e9elles fournies pour l&rsquo;enregistrement sont essentielles pour v\u00e9rifier l&rsquo;identit\u00e9 de l&rsquo;utilisateur.<\/li>\n\n\n\n<li>Les utilisateurs doivent poss\u00e9der ou avoir la permission d&rsquo;utiliser du texte et des images dans leurs commentaires ou publications.<\/li>\n\n\n\n<li>Xometry peut utiliser des histoires ou des commentaires \u00e0 des fins \u00e9ditoriales et marketing apr\u00e8s les avoir minutieusement \u00e9dit\u00e9es.<\/li>\n\n\n\n<li>Le contenu prohib\u00e9 comprend la diffamation, la violence, la pornographie, la sollicitation, la discrimination, les abus, les insultes et le harc\u00e8lement.<\/li>\n\n\n\n<li>Aucun faux compte, information ill\u00e9gale, spam ou dommage au site n&rsquo;est autoris\u00e9.<\/li>\n\n\n\n<li>Les litiges seront r\u00e9solus par la n\u00e9gociation avant l&rsquo;intervention d&rsquo;un tribunal.<\/li>\n\n\n\n<li>Les plaintes concernant les commentaires ou les publications rel\u00e8vent de la responsabilit\u00e9 de la personne sous le nom de laquelle le texte a \u00e9t\u00e9 publi\u00e9.<\/li>\n\n\n\n<li>Xometry Pro n&rsquo;est pas un manuel d&rsquo;instructions et le site n&rsquo;est pas responsable des cons\u00e9quences.<\/li>\n\n\n\n<li>Ce r\u00e8glement devient contraignant d\u00e8s la visite de Xometry Pro, et les utilisateurs acceptent automatiquement toute modification.<\/li>\n\n\n\n<li>Pour toute question, contactez les administrateurs \u00e0 l&rsquo;adresse <a href=\"mailto:ad***@*****ry.pro\" data-original-string=\"Cxb+m1SNxUslYNWaY3pEVQ==0224Nt8JmR\/+Je8vgGD2+Kpc4xgp1fNZGZAnweYYFCJhes=\" title=\"This contact has been encoded by Anti-Spam by CleanTalk. Click to decode. To finish the decoding make sure that JavaScript is enabled in your browser.\"><span \n                data-original-string='+um3A3zHsLZtwXnh0xYOeQ==022pXFEA\/3ibn\/36atq1n6WbY9B9AW+s+i5A2xSrhV4GcQ='\n                class='apbct-email-encoder'\n                title='This contact has been encoded by Anti-Spam by CleanTalk. Click to decode. To finish the decoding make sure that JavaScript is enabled in your browser.'>ad<span class=\"apbct-blur\">***<\/span>@<span class=\"apbct-blur\">*****<\/span>ry.pro<\/span><\/a>.<\/li>\n<\/ul>\n\n\n\n<p><\/p>\n","protected":false},"excerpt":{"rendered":"<p>Connaissances et communaut\u00e9 sur l&rsquo;ing\u00e9nierie m\u00e9canique, la fabrication et le design de produits Xometry Pro est une plate-forme multim\u00e9dia cr\u00e9\u00e9e et mod\u00e9r\u00e9e par Xometry, une plate-forme bas\u00e9e sur l&rsquo;IA d\u00e9di\u00e9e \u00e0 l&rsquo;approvisionnement en fabrication sur mesure. Le site Web Xometry Pro est cr\u00e9\u00e9 pour les ing\u00e9nieurs, les designers de produits et les passionn\u00e9s de technologie. [&hellip;]<\/p>\n","protected":false},"author":49,"featured_media":0,"parent":0,"menu_order":3,"comment_status":"closed","ping_status":"closed","template":"tpl-page.php","meta":{"_acf_changed":false,"_bbp_topic_count":0,"_bbp_reply_count":0,"_bbp_total_topic_count":0,"_bbp_total_reply_count":0,"_bbp_voice_count":0,"_bbp_anonymous_reply_count":0,"_bbp_topic_count_hidden":0,"_bbp_reply_count_hidden":0,"_bbp_forum_subforum_count":0,"inline_featured_image":false,"footnotes":""},"class_list":["post-29315","page","type-page","status-publish","hentry"],"acf":[],"yoast_head":"<!-- This site is optimized with the Yoast SEO Premium plugin v26.7 (Yoast SEO v27.3) - https:\/\/yoast.com\/product\/yoast-seo-premium-wordpress\/ -->\n<title>\u00c0 propos de Xometry Pro<\/title>\n<meta name=\"description\" content=\"Xometry Pro est une base de connaissances et une communaut\u00e9 d\u00e9di\u00e9e \u00e0 l&#039;ing\u00e9nierie m\u00e9canique, \u00e0 la fabrication et au design de produits, qui vous est pr\u00e9sent\u00e9e par Xometry, une plate-forme bas\u00e9e sur l&#039;IA d\u00e9di\u00e9e \u00e0 l&#039;approvisionnement en fabrication sur mesure.\" \/>\n<meta name=\"robots\" content=\"index, follow, max-snippet:-1, max-image-preview:large, max-video-preview:-1\" \/>\n<link rel=\"canonical\" href=\"https:\/\/xometry.pro\/fr\/about\/\" \/>\n<meta property=\"og:locale\" content=\"fr_FR\" \/>\n<meta property=\"og:type\" content=\"article\" \/>\n<meta property=\"og:title\" content=\"\u00c0 propos de Xometry Pro\" \/>\n<meta property=\"og:description\" content=\"Xometry Pro est une base de connaissances et une communaut\u00e9 d\u00e9di\u00e9e \u00e0 l&#039;ing\u00e9nierie m\u00e9canique, \u00e0 la fabrication et au design de produits, qui vous est pr\u00e9sent\u00e9e par Xometry, une plate-forme bas\u00e9e sur l&#039;IA d\u00e9di\u00e9e \u00e0 l&#039;approvisionnement en fabrication sur mesure.\" \/>\n<meta property=\"og:url\" content=\"https:\/\/xometry.pro\/fr\/about\/\" \/>\n<meta property=\"og:site_name\" content=\"Xometry Pro\" \/>\n<meta property=\"article:modified_time\" content=\"2024-02-28T15:26:18+00:00\" \/>\n<meta property=\"og:image\" content=\"https:\/\/lh7-us.googleusercontent.com\/8WLL4_5R6hq_6QTkKQKWiUuPgEDR9ZxqpQ7FNt7kPW0ctR98rwMXNjAb-DTaN674EjgmgHhcbKbyFG_x7RpiUqk1IG9vjlNfjhSQFM3c64-wTErsAwmFRjXFx2pSxyIZ6uxXZyqKXoWyKVfXlXpw6uk\" \/>\n<meta name=\"twitter:card\" content=\"summary_large_image\" \/>\n<meta name=\"twitter:label1\" content=\"Dur\u00e9e de lecture estim\u00e9e\" \/>\n\t<meta name=\"twitter:data1\" content=\"4 minutes\" \/>\n<script type=\"application\/ld+json\" class=\"yoast-schema-graph\">{\"@context\":\"https:\\\/\\\/schema.org\",\"@graph\":[{\"@type\":\"WebPage\",\"@id\":\"https:\\\/\\\/xometry.pro\\\/fr\\\/about\\\/\",\"url\":\"https:\\\/\\\/xometry.pro\\\/fr\\\/about\\\/\",\"name\":\"\u00c0 propos de Xometry Pro\",\"isPartOf\":{\"@id\":\"https:\\\/\\\/xometry.pro\\\/fr\\\/#website\"},\"primaryImageOfPage\":{\"@id\":\"https:\\\/\\\/xometry.pro\\\/fr\\\/about\\\/#primaryimage\"},\"image\":{\"@id\":\"https:\\\/\\\/xometry.pro\\\/fr\\\/about\\\/#primaryimage\"},\"thumbnailUrl\":\"https:\\\/\\\/lh7-us.googleusercontent.com\\\/8WLL4_5R6hq_6QTkKQKWiUuPgEDR9ZxqpQ7FNt7kPW0ctR98rwMXNjAb-DTaN674EjgmgHhcbKbyFG_x7RpiUqk1IG9vjlNfjhSQFM3c64-wTErsAwmFRjXFx2pSxyIZ6uxXZyqKXoWyKVfXlXpw6uk\",\"datePublished\":\"2024-01-11T11:26:39+00:00\",\"dateModified\":\"2024-02-28T15:26:18+00:00\",\"description\":\"Xometry Pro est une base de connaissances et une communaut\u00e9 d\u00e9di\u00e9e \u00e0 l'ing\u00e9nierie m\u00e9canique, \u00e0 la fabrication et au design de produits, qui vous est pr\u00e9sent\u00e9e par Xometry, une plate-forme bas\u00e9e sur l'IA d\u00e9di\u00e9e \u00e0 l'approvisionnement en fabrication sur mesure.\",\"breadcrumb\":{\"@id\":\"https:\\\/\\\/xometry.pro\\\/fr\\\/about\\\/#breadcrumb\"},\"inLanguage\":\"fr-FR\",\"potentialAction\":[{\"@type\":\"ReadAction\",\"target\":[\"https:\\\/\\\/xometry.pro\\\/fr\\\/about\\\/\"]}]},{\"@type\":\"ImageObject\",\"inLanguage\":\"fr-FR\",\"@id\":\"https:\\\/\\\/xometry.pro\\\/fr\\\/about\\\/#primaryimage\",\"url\":\"https:\\\/\\\/lh7-us.googleusercontent.com\\\/8WLL4_5R6hq_6QTkKQKWiUuPgEDR9ZxqpQ7FNt7kPW0ctR98rwMXNjAb-DTaN674EjgmgHhcbKbyFG_x7RpiUqk1IG9vjlNfjhSQFM3c64-wTErsAwmFRjXFx2pSxyIZ6uxXZyqKXoWyKVfXlXpw6uk\",\"contentUrl\":\"https:\\\/\\\/lh7-us.googleusercontent.com\\\/8WLL4_5R6hq_6QTkKQKWiUuPgEDR9ZxqpQ7FNt7kPW0ctR98rwMXNjAb-DTaN674EjgmgHhcbKbyFG_x7RpiUqk1IG9vjlNfjhSQFM3c64-wTErsAwmFRjXFx2pSxyIZ6uxXZyqKXoWyKVfXlXpw6uk\"},{\"@type\":\"BreadcrumbList\",\"@id\":\"https:\\\/\\\/xometry.pro\\\/fr\\\/about\\\/#breadcrumb\",\"itemListElement\":[{\"@type\":\"ListItem\",\"position\":1,\"name\":\"Accueil\",\"item\":\"https:\\\/\\\/xometry.pro\\\/fr\\\/\"},{\"@type\":\"ListItem\",\"position\":2,\"name\":\"\u00c0 propos de Xometry Pro\"}]},{\"@type\":\"WebSite\",\"@id\":\"https:\\\/\\\/xometry.pro\\\/fr\\\/#website\",\"url\":\"https:\\\/\\\/xometry.pro\\\/fr\\\/\",\"name\":\"Xometry Pro\",\"description\":\"Knowledge &amp; Community For Engineers &amp; Product Designers\",\"potentialAction\":[{\"@type\":\"SearchAction\",\"target\":{\"@type\":\"EntryPoint\",\"urlTemplate\":\"https:\\\/\\\/xometry.pro\\\/fr\\\/?s={search_term_string}\"},\"query-input\":{\"@type\":\"PropertyValueSpecification\",\"valueRequired\":true,\"valueName\":\"search_term_string\"}}],\"inLanguage\":\"fr-FR\"}]}<\/script>\n<!-- \/ Yoast SEO Premium plugin. -->","yoast_head_json":{"title":"\u00c0 propos de Xometry Pro","description":"Xometry Pro est une base de connaissances et une communaut\u00e9 d\u00e9di\u00e9e \u00e0 l'ing\u00e9nierie m\u00e9canique, \u00e0 la fabrication et au design de produits, qui vous est pr\u00e9sent\u00e9e par Xometry, une plate-forme bas\u00e9e sur l'IA d\u00e9di\u00e9e \u00e0 l'approvisionnement en fabrication sur mesure.","robots":{"index":"index","follow":"follow","max-snippet":"max-snippet:-1","max-image-preview":"max-image-preview:large","max-video-preview":"max-video-preview:-1"},"canonical":"https:\/\/xometry.pro\/fr\/about\/","og_locale":"fr_FR","og_type":"article","og_title":"\u00c0 propos de Xometry Pro","og_description":"Xometry Pro est une base de connaissances et une communaut\u00e9 d\u00e9di\u00e9e \u00e0 l'ing\u00e9nierie m\u00e9canique, \u00e0 la fabrication et au design de produits, qui vous est pr\u00e9sent\u00e9e par Xometry, une plate-forme bas\u00e9e sur l'IA d\u00e9di\u00e9e \u00e0 l'approvisionnement en fabrication sur mesure.","og_url":"https:\/\/xometry.pro\/fr\/about\/","og_site_name":"Xometry Pro","article_modified_time":"2024-02-28T15:26:18+00:00","og_image":[{"url":"https:\/\/lh7-us.googleusercontent.com\/8WLL4_5R6hq_6QTkKQKWiUuPgEDR9ZxqpQ7FNt7kPW0ctR98rwMXNjAb-DTaN674EjgmgHhcbKbyFG_x7RpiUqk1IG9vjlNfjhSQFM3c64-wTErsAwmFRjXFx2pSxyIZ6uxXZyqKXoWyKVfXlXpw6uk","type":"","width":"","height":""}],"twitter_card":"summary_large_image","twitter_misc":{"Dur\u00e9e de lecture estim\u00e9e":"4 minutes"},"schema":{"@context":"https:\/\/schema.org","@graph":[{"@type":"WebPage","@id":"https:\/\/xometry.pro\/fr\/about\/","url":"https:\/\/xometry.pro\/fr\/about\/","name":"\u00c0 propos de Xometry Pro","isPartOf":{"@id":"https:\/\/xometry.pro\/fr\/#website"},"primaryImageOfPage":{"@id":"https:\/\/xometry.pro\/fr\/about\/#primaryimage"},"image":{"@id":"https:\/\/xometry.pro\/fr\/about\/#primaryimage"},"thumbnailUrl":"https:\/\/lh7-us.googleusercontent.com\/8WLL4_5R6hq_6QTkKQKWiUuPgEDR9ZxqpQ7FNt7kPW0ctR98rwMXNjAb-DTaN674EjgmgHhcbKbyFG_x7RpiUqk1IG9vjlNfjhSQFM3c64-wTErsAwmFRjXFx2pSxyIZ6uxXZyqKXoWyKVfXlXpw6uk","datePublished":"2024-01-11T11:26:39+00:00","dateModified":"2024-02-28T15:26:18+00:00","description":"Xometry Pro est une base de connaissances et une communaut\u00e9 d\u00e9di\u00e9e \u00e0 l'ing\u00e9nierie m\u00e9canique, \u00e0 la fabrication et au design de produits, qui vous est pr\u00e9sent\u00e9e par Xometry, une plate-forme bas\u00e9e sur l'IA d\u00e9di\u00e9e \u00e0 l'approvisionnement en fabrication sur mesure.","breadcrumb":{"@id":"https:\/\/xometry.pro\/fr\/about\/#breadcrumb"},"inLanguage":"fr-FR","potentialAction":[{"@type":"ReadAction","target":["https:\/\/xometry.pro\/fr\/about\/"]}]},{"@type":"ImageObject","inLanguage":"fr-FR","@id":"https:\/\/xometry.pro\/fr\/about\/#primaryimage","url":"https:\/\/lh7-us.googleusercontent.com\/8WLL4_5R6hq_6QTkKQKWiUuPgEDR9ZxqpQ7FNt7kPW0ctR98rwMXNjAb-DTaN674EjgmgHhcbKbyFG_x7RpiUqk1IG9vjlNfjhSQFM3c64-wTErsAwmFRjXFx2pSxyIZ6uxXZyqKXoWyKVfXlXpw6uk","contentUrl":"https:\/\/lh7-us.googleusercontent.com\/8WLL4_5R6hq_6QTkKQKWiUuPgEDR9ZxqpQ7FNt7kPW0ctR98rwMXNjAb-DTaN674EjgmgHhcbKbyFG_x7RpiUqk1IG9vjlNfjhSQFM3c64-wTErsAwmFRjXFx2pSxyIZ6uxXZyqKXoWyKVfXlXpw6uk"},{"@type":"BreadcrumbList","@id":"https:\/\/xometry.pro\/fr\/about\/#breadcrumb","itemListElement":[{"@type":"ListItem","position":1,"name":"Accueil","item":"https:\/\/xometry.pro\/fr\/"},{"@type":"ListItem","position":2,"name":"\u00c0 propos de Xometry Pro"}]},{"@type":"WebSite","@id":"https:\/\/xometry.pro\/fr\/#website","url":"https:\/\/xometry.pro\/fr\/","name":"Xometry Pro","description":"Knowledge &amp; Community For Engineers &amp; Product Designers","potentialAction":[{"@type":"SearchAction","target":{"@type":"EntryPoint","urlTemplate":"https:\/\/xometry.pro\/fr\/?s={search_term_string}"},"query-input":{"@type":"PropertyValueSpecification","valueRequired":true,"valueName":"search_term_string"}}],"inLanguage":"fr-FR"}]}},"_links":{"self":[{"href":"https:\/\/xometry.pro\/fr\/wp-json\/wp\/v2\/pages\/29315","targetHints":{"allow":["GET"]}}],"collection":[{"href":"https:\/\/xometry.pro\/fr\/wp-json\/wp\/v2\/pages"}],"about":[{"href":"https:\/\/xometry.pro\/fr\/wp-json\/wp\/v2\/types\/page"}],"author":[{"embeddable":true,"href":"https:\/\/xometry.pro\/fr\/wp-json\/wp\/v2\/users\/49"}],"replies":[{"embeddable":true,"href":"https:\/\/xometry.pro\/fr\/wp-json\/wp\/v2\/comments?post=29315"}],"version-history":[{"count":0,"href":"https:\/\/xometry.pro\/fr\/wp-json\/wp\/v2\/pages\/29315\/revisions"}],"wp:attachment":[{"href":"https:\/\/xometry.pro\/fr\/wp-json\/wp\/v2\/media?parent=29315"}],"curies":[{"name":"wp","href":"https:\/\/api.w.org\/{rel}","templated":true}]}}