{"id":29342,"date":"2024-01-12T10:00:32","date_gmt":"2024-01-12T10:00:32","guid":{"rendered":"https:\/\/xometry.pro\/terms\/"},"modified":"2025-09-23T10:42:15","modified_gmt":"2025-09-23T08:42:15","slug":"terms","status":"publish","type":"page","link":"https:\/\/xometry.pro\/it\/terms\/","title":{"rendered":"Termini e condizioni"},"content":{"rendered":"<h1 class=\"wp-block-heading\" id=\"h-termini-e-condizioni-nell-uso-di-xometry-pro\">Termini e condizioni nell\u2019uso di Xometry Pro<\/h1>\n\n\n<p>Queste norme (di seguito denominate &#8220;Regolamento&#8221;) definiscono l&#8217;ordine di accesso e le condizioni di utilizzo del sito <a href=\"https:\/\/xometry.pro\/it\/\"><strong>Xometry Pro<\/strong><\/a>, di propriet\u00e0 di Xometry Europa GmbH (di seguito denominato &#8220;Xometry&#8221;), per i suoi visitatori e gli utenti autorizzati (di seguito denominati &#8220;Utenti\u201d) allo scopo di visualizzare le informazioni immesse sul Sito, in base agli interessi degli Utenti, pubblicare contenuti ed utilizzare altre funzioni del Sito.<\/p>\n\n\n\n<p>Accedendo o utilizzando qualsiasi funzione del Sito, gli Utenti esprimono il proprio consenso al Regolamento, indipendentemente dalla registrazione. Qualora gli Utenti non siano d&#8217;accordo con una qualsiasi delle disposizioni del Regolamento, si impegnano a cessare l&#8217;utilizzo del Sito.<\/p>\n\n\n\n<p>La versione aggiornata del Regolamento \u00e8 disponibile sul sito web all&#8217;indirizzo: <a href=\"https:\/\/xometry.pro\/it\/terms\/\">https:\/\/xometry.pro\/en\/terms\/<\/a>.<\/p>\n\n\n<h2 class=\"wp-block-heading\" id=\"h-1-registrazione-degli-utenti-sul-sito-web\"><strong>1. Registrazione degli Utenti sul sito Web<\/strong><\/h2>\n\n\n<p>1.1. Per avere accesso alla piena funzionalit\u00e0 del Sito, gli Utenti devono completare la procedura di registrazione in uno dei seguenti modi: tramite indirizzo e-mail, tramite account Xometry o social network. Dopo che gli Utenti hanno effettuato la registrazione, il Sito genera automaticamente un account importando, a seconda del metodo di registrazione, il nome, la foto, l&#8217;indirizzo email o il numero di telefono.<\/p>\n\n\n\n<p>1.2. Effettuando la procedura di registrazione, l&#8217;Utente si impegna a fornire informazioni personali accurate e sufficienti alla procedura di registrazione.<\/p>\n\n\n\n<p>1.3. Tutte le azioni eseguite sugli account degli Utenti sono considerate eseguite dagli Utenti. \u00c8 vietato cedere a terzi i dati di accesso all\u2019account degli Utenti.<\/p>\n\n\n<h2 class=\"wp-block-heading\" id=\"h-2-pubblicazione-di-contenuti-sul-sito-web\"><strong>2. Pubblicazione di contenuti sul sito web<\/strong><\/h2>\n\n\n<p>2.1. Gli Utenti possono pubblicare sul Sito commenti, risposte a domande di altri Utenti, propri testi in un modulo speciale e altre informazioni, (di seguito &#8211; Contenuti).<\/p>\n\n\n\n<p>2.2.Pubblicando Contenuti sul Sito, gli Utenti garantiscono di disporre di tutti i diritti necessari per farlo. Gli Utenti garantiscono inoltre che i Contenuti non contengono prese in prestito vietate, che i diritti su tutti gli oggetti, compresi quelli esclusivi sugli oggetti di propriet\u00e0 intellettuale e i diritti di utilizzo dell&#8217;immagine di un cittadino utilizzata nei Contenuti, appartengono agli Utenti e\/o gli Utenti hanno ottenuto la necessaria autorizzazione dal titolare dei diritti su questo oggetto. L&#8217;Utente \u00e8 autonomamente responsabile di qualsiasi informazione che carica sul Sito o che altrimenti porta a conoscenza del pubblico (pubblica) dal proprio account, compreso l&#8217;inserimento di collegamenti a siti e risorse di terzi. In caso di controversia, l&#8217;onere della prova che i Contenuti pubblicati non violano i diritti di alcuno spetta agli Utenti.<\/p>\n\n\n\n<p>2.3. Pubblicando Contenuti sul Sito Web, gli Utenti concedono automaticamente a Xometry una licenza non esclusiva per l&#8217;utilizzo dei Contenuti, in tutto o in parte, inclusa la riproduzione, copia, selezione, sistematizzazione, trasformazione, modifica, rettifica, traduzione e rielaborazione, divulgazione, distribuzione, rendendolo disponibile al pubblico, gratuitamente, incondizionatamente e irrevocabilmente. Xometry ha inoltre il diritto di trasferire i diritti di cui sopra a terzi. Gli Utenti accettano che i Contenuti pubblicati sul Sito possano essere utilizzati da Xometry sul Sito per scopi pubblicitari o di marketing.<\/p>\n\n\n\n<p>2.4. Gli Utenti accettano che pubblicando Contenuti sul Sito Web, per impostazione predefinita, forniscono l&#8217;accesso allo stesso per la visualizzazione ad altri Utenti.<\/p>\n\n\n\n<p>2.5 Pubblicando Contenuti, gli Utenti confermano di disporre delle opportune autorizzazioni da parte dell&#8217;autore o del titolare dei diritti (se gli Utenti non sono l&#8217;autore o il titolare dei diritti). Gli Utenti non sono autorizzati a caricare, trasmettere o pubblicare informazioni se non dispongono dei relativi diritti per eseguire tali azioni acquisiti o sono stati loro trasferiti.<\/p>\n\n\n\n<p>2.6. Gli Utenti si impegnano a rispettare i divieti stabiliti dal Regolamento in relazione ai Contenuti dagli stessi pubblicati e a non postare informazioni che:<\/p>\n\n\n\n<ul class=\"wp-block-list\">\n<li>Violano i diritti d&#8217;autore, i diritti sui marchi, i mezzi di individualizzazione e\/o i diritti su altri oggetti di propriet\u00e0 intellettuale appartenenti a terzi, nonch\u00e9 le informazioni che ingannano gli Utenti del Sito Web;<\/li>\n\n\n\n<li>Sono compromettenti, diffamatorie, intenzionalmente fuorvianti, moralmente offensive, dimostrano violenza e crudelt\u00e0, promuovono l&#8217;odio e\/o la discriminazione delle persone per qualsiasi motivo, contengono linguaggio volgare, insulti a qualsiasi persona o organizzazione;<\/li>\n\n\n\n<li>Contengono inviti pubblici a compiere attivit\u00e0 terroristiche o giustificano pubblicamente il terrorismo o altri materiali di natura estremista, contengono elementi di pornografia, erotismo infantile, sono una pubblicit\u00e0 di servizi intimi, anche di natura nascosta, descrivono la procedura per la produzione, l&#8217;uso o altro utilizzo di sostanze e preparati stupefacenti, esplosivi, armi;<\/li>\n\n\n\n<li>Contengono informazioni ottenute illegalmente su terze parti;<\/li>\n\n\n\n<li>Violano le leggi della Germania sulla tutela della pubblicit\u00e0 e\/o della concorrenza;<\/li>\n\n\n\n<li>Contengono virus informatici o altri file, codici o programmi informatici dannosi.<\/li>\n<\/ul>\n\n\n\n<p>2.7. Xometry non pu\u00f2 controllare tutti i Contenuti pubblicati sul Sito web. I Contenuti non sono moderati su base permanente e Xometry si riserva il diritto di rivedere qualsiasi Contenuto e rimuoverlo in caso di violazione del Regolamento e\/o della legislazione, in tutto o in parte, senza spiegare le ragioni di tale rimozione.<\/p>\n\n\n<h2 class=\"wp-block-heading\" id=\"h-3-cosa-non-e-consentito-fare-durante-l-utilizzo-del-sito-web\"><strong>3.Cosa non \u00e8 consentito fare durante l&#8217;utilizzo del sito web<\/strong><\/h2>\n\n\n<p>3.1. Registrarsi come Utente per conto o al posto di un&#8217;altra persona (&#8220;account falso&#8221;) o registrare un gruppo (associazione) di persone o una persona giuridica come Utente.<\/p>\n\n\n\n<p>3.2. Caricare, archiviare, pubblicare, distribuire e fornire accesso o utilizzare in altro modo qualsiasi informazione che non sia conforme alle leggi della Germania e al Regolamento.<\/p>\n\n\n\n<p>3.3. Effettuare invii di massa di messaggi ad altri Utenti del Sito senza il loro consenso.<\/p>\n\n\n\n<p>3.4. Utilizzare software ed eseguire azioni volte all&#8217;interruzione del normale funzionamento del Sito.<\/p>\n\n\n\n<p>3.5. Utilizzare script automatizzati per raccogliere informazioni sul sito Web e\/o interagire con il sito Web e le sue funzioni senza il permesso speciale di Xometry.<\/p>\n\n\n\n<p>3.6. Eseguire altre azioni che, a giudizio di Xometry, sono sgradite, non corrispondono agli scopi della creazione del Sito Web, violano i diritti di altri Utenti.<\/p>\n\n\n<h2 class=\"wp-block-heading\" id=\"h-4-disposizioni-finali\"><strong>4. Disposizioni finali<\/strong><\/h2>\n\n\n<p>4.1 Le regole costituiscono un accordo tra gli Utenti e Xometry riguardante l&#8217;ordine di utilizzo del Sito e delle sue funzioni.<\/p>\n\n\n\n<p>4.2 Il Regolamento sar\u00e0 normato e interpretato in conformit\u00e0 con le leggi della Germania.<\/p>\n\n\n\n<p>4.3. In caso di controversie o disaccordi relativi all&#8217;esecuzione del Regolamento, gli Utenti e i dipendenti di Xometry faranno ogni sforzo per risolverli attraverso negoziazioni. Se le controversie non vengono risolte in questo modo, saranno risolte secondo le modalit\u00e0 previste dalla legislazione vigente in Germania. In caso di mancato accordo, le Parti si rivolgono al Foro competente.<\/p>\n\n\n\n<p>4.4. Gli Utenti dovranno risolvere in modo indipendente, a proprie spese, e fornire a Xometry, agli affiliati e associati di Xometry, ai loro dipendenti e controparti protezione contro eventuali pretese, azioni e\/o reclami di terzi relativi alle azioni degli Utenti durante l&#8217;utilizzo del Sito Web, nonch\u00e9 come fornire un risarcimento per eventuali perdite e spese (incluse spese legali ragionevoli) causate da tali reclami, azioni e\/o lamentele.<\/p>\n\n\n\n<p>4.5. Gli Utenti riconoscono e accettano che Xometry non sar\u00e0 responsabile nei confronti degli Utenti per eventuali perdite che gli Utenti potrebbero subire a seguito dell&#8217;utilizzo del Sito Web o di collegamenti o Contenuti di terze parti.<\/p>\n\n\n\n<p>4.6. Il Regolamento entra in vigore per gli Utenti dal momento della loro adesione, che \u00e8 determinata dal momento in cui iniziano a utilizzare il Sito Web, e sono valide per un periodo di tempo indeterminato.<\/p>\n\n\n\n<p>4.7 Qualora, per un motivo o per l&#8217;altro, una o pi\u00f9 disposizioni del Regolamento venisse dichiarata invalida o inapplicabile, ci\u00f2 non pregiudicher\u00e0 la validit\u00e0 o l&#8217;applicabilit\u00e0 delle rimanenti disposizioni.<\/p>\n\n\n\n<p>4.8. Xometry ha il diritto di modificare il Regolamento. Continuando a utilizzare il Sito gli Utenti esprimono il loro consenso a tali modifiche.<br>4.9. In caso di domande, \u00e8 possibile contattare gli amministratori del sito all&#8217;indirizzo <a href=\"mailto:ad***@*****ry.pro\" data-original-string=\"26B1q5qsKiVUp+4jTKk+EQ==022PBebXQIgof9lzyx8ibDgxBJXYGKrH2ve8MTK2s1aQQk=\" title=\"This contact has been encoded by Anti-Spam by CleanTalk. Click to decode. To finish the decoding make sure that JavaScript is enabled in your browser.\"><span \n                data-original-string='rtly6dUVgIFc67qebwoLbA==022GMon0DMG2AX8yxbYranAUr\/rSZjqRfMC66xtOSOSY7Y='\n                class='apbct-email-encoder'\n                title='This contact has been encoded by Anti-Spam by CleanTalk. Click to decode. To finish the decoding make sure that JavaScript is enabled in your browser.'>ad<span class=\"apbct-blur\">***<\/span>@<span class=\"apbct-blur\">*****<\/span>ry.pro<\/span><\/a>.<\/p>\n\n\n\n<p><\/p>\n","protected":false},"excerpt":{"rendered":"<p>Termini e condizioni nell\u2019uso di Xometry Pro Queste norme (di seguito denominate &#8220;Regolamento&#8221;) definiscono l&#8217;ordine di accesso e le condizioni di utilizzo del sito Xometry Pro, di propriet\u00e0 di Xometry Europa GmbH (di seguito denominato &#8220;Xometry&#8221;), per i suoi visitatori e gli utenti autorizzati (di seguito denominati &#8220;Utenti\u201d) allo scopo di visualizzare le informazioni immesse [&hellip;]<\/p>\n","protected":false},"author":49,"featured_media":0,"parent":0,"menu_order":68,"comment_status":"closed","ping_status":"closed","template":"tpl-page.php","meta":{"_acf_changed":false,"_bbp_topic_count":0,"_bbp_reply_count":0,"_bbp_total_topic_count":0,"_bbp_total_reply_count":0,"_bbp_voice_count":0,"_bbp_anonymous_reply_count":0,"_bbp_topic_count_hidden":0,"_bbp_reply_count_hidden":0,"_bbp_forum_subforum_count":0,"inline_featured_image":false,"footnotes":""},"class_list":["post-29342","page","type-page","status-publish","hentry"],"acf":[],"yoast_head":"<!-- This site is optimized with the Yoast SEO Premium plugin v26.7 (Yoast SEO v27.3) - https:\/\/yoast.com\/product\/yoast-seo-premium-wordpress\/ -->\n<title>Condizioni d&#039;uso del sito web | Xometry Pro<\/title>\n<meta name=\"description\" content=\"Queste regole definiscono i termini di utilizzo del sito Web Xometry Pro per i suoi visitatori e gli utenti autorizzati.\" \/>\n<meta name=\"robots\" content=\"index, follow, max-snippet:-1, max-image-preview:large, max-video-preview:-1\" \/>\n<link rel=\"canonical\" href=\"https:\/\/xometry.pro\/it\/terms\/\" \/>\n<meta property=\"og:locale\" content=\"it_IT\" \/>\n<meta property=\"og:type\" content=\"article\" \/>\n<meta property=\"og:title\" content=\"Termini e condizioni\" \/>\n<meta property=\"og:description\" content=\"Queste regole definiscono i termini di utilizzo del sito Web Xometry Pro per i suoi visitatori e gli utenti autorizzati.\" \/>\n<meta property=\"og:url\" content=\"https:\/\/xometry.pro\/it\/terms\/\" \/>\n<meta property=\"og:site_name\" content=\"Xometry Pro\" \/>\n<meta property=\"article:modified_time\" content=\"2025-09-23T08:42:15+00:00\" \/>\n<meta name=\"twitter:card\" content=\"summary_large_image\" \/>\n<meta name=\"twitter:label1\" content=\"Tempo di lettura stimato\" \/>\n\t<meta name=\"twitter:data1\" content=\"6 minuto\" \/>\n<script type=\"application\/ld+json\" class=\"yoast-schema-graph\">{\"@context\":\"https:\\\/\\\/schema.org\",\"@graph\":[{\"@type\":\"WebPage\",\"@id\":\"https:\\\/\\\/xometry.pro\\\/it\\\/terms\\\/\",\"url\":\"https:\\\/\\\/xometry.pro\\\/it\\\/terms\\\/\",\"name\":\"Condizioni d'uso del sito web | Xometry Pro\",\"isPartOf\":{\"@id\":\"https:\\\/\\\/xometry.pro\\\/it\\\/#website\"},\"datePublished\":\"2024-01-12T10:00:32+00:00\",\"dateModified\":\"2025-09-23T08:42:15+00:00\",\"description\":\"Queste regole definiscono i termini di utilizzo del sito Web Xometry Pro per i suoi visitatori e gli utenti autorizzati.\",\"breadcrumb\":{\"@id\":\"https:\\\/\\\/xometry.pro\\\/it\\\/terms\\\/#breadcrumb\"},\"inLanguage\":\"it-IT\",\"potentialAction\":[{\"@type\":\"ReadAction\",\"target\":[\"https:\\\/\\\/xometry.pro\\\/it\\\/terms\\\/\"]}]},{\"@type\":\"BreadcrumbList\",\"@id\":\"https:\\\/\\\/xometry.pro\\\/it\\\/terms\\\/#breadcrumb\",\"itemListElement\":[{\"@type\":\"ListItem\",\"position\":1,\"name\":\"Home\",\"item\":\"https:\\\/\\\/xometry.pro\\\/it\\\/\"},{\"@type\":\"ListItem\",\"position\":2,\"name\":\"Termini e condizioni\"}]},{\"@type\":\"WebSite\",\"@id\":\"https:\\\/\\\/xometry.pro\\\/it\\\/#website\",\"url\":\"https:\\\/\\\/xometry.pro\\\/it\\\/\",\"name\":\"Xometry Pro\",\"description\":\"Knowledge &amp; Community For Engineers &amp; Product Designers\",\"potentialAction\":[{\"@type\":\"SearchAction\",\"target\":{\"@type\":\"EntryPoint\",\"urlTemplate\":\"https:\\\/\\\/xometry.pro\\\/it\\\/?s={search_term_string}\"},\"query-input\":{\"@type\":\"PropertyValueSpecification\",\"valueRequired\":true,\"valueName\":\"search_term_string\"}}],\"inLanguage\":\"it-IT\"}]}<\/script>\n<!-- \/ Yoast SEO Premium plugin. -->","yoast_head_json":{"title":"Condizioni d'uso del sito web | Xometry Pro","description":"Queste regole definiscono i termini di utilizzo del sito Web Xometry Pro per i suoi visitatori e gli utenti autorizzati.","robots":{"index":"index","follow":"follow","max-snippet":"max-snippet:-1","max-image-preview":"max-image-preview:large","max-video-preview":"max-video-preview:-1"},"canonical":"https:\/\/xometry.pro\/it\/terms\/","og_locale":"it_IT","og_type":"article","og_title":"Termini e condizioni","og_description":"Queste regole definiscono i termini di utilizzo del sito Web Xometry Pro per i suoi visitatori e gli utenti autorizzati.","og_url":"https:\/\/xometry.pro\/it\/terms\/","og_site_name":"Xometry Pro","article_modified_time":"2025-09-23T08:42:15+00:00","twitter_card":"summary_large_image","twitter_misc":{"Tempo di lettura stimato":"6 minuto"},"schema":{"@context":"https:\/\/schema.org","@graph":[{"@type":"WebPage","@id":"https:\/\/xometry.pro\/it\/terms\/","url":"https:\/\/xometry.pro\/it\/terms\/","name":"Condizioni d'uso del sito web | Xometry Pro","isPartOf":{"@id":"https:\/\/xometry.pro\/it\/#website"},"datePublished":"2024-01-12T10:00:32+00:00","dateModified":"2025-09-23T08:42:15+00:00","description":"Queste regole definiscono i termini di utilizzo del sito Web Xometry Pro per i suoi visitatori e gli utenti autorizzati.","breadcrumb":{"@id":"https:\/\/xometry.pro\/it\/terms\/#breadcrumb"},"inLanguage":"it-IT","potentialAction":[{"@type":"ReadAction","target":["https:\/\/xometry.pro\/it\/terms\/"]}]},{"@type":"BreadcrumbList","@id":"https:\/\/xometry.pro\/it\/terms\/#breadcrumb","itemListElement":[{"@type":"ListItem","position":1,"name":"Home","item":"https:\/\/xometry.pro\/it\/"},{"@type":"ListItem","position":2,"name":"Termini e condizioni"}]},{"@type":"WebSite","@id":"https:\/\/xometry.pro\/it\/#website","url":"https:\/\/xometry.pro\/it\/","name":"Xometry Pro","description":"Knowledge &amp; Community For Engineers &amp; Product Designers","potentialAction":[{"@type":"SearchAction","target":{"@type":"EntryPoint","urlTemplate":"https:\/\/xometry.pro\/it\/?s={search_term_string}"},"query-input":{"@type":"PropertyValueSpecification","valueRequired":true,"valueName":"search_term_string"}}],"inLanguage":"it-IT"}]}},"_links":{"self":[{"href":"https:\/\/xometry.pro\/it\/wp-json\/wp\/v2\/pages\/29342","targetHints":{"allow":["GET"]}}],"collection":[{"href":"https:\/\/xometry.pro\/it\/wp-json\/wp\/v2\/pages"}],"about":[{"href":"https:\/\/xometry.pro\/it\/wp-json\/wp\/v2\/types\/page"}],"author":[{"embeddable":true,"href":"https:\/\/xometry.pro\/it\/wp-json\/wp\/v2\/users\/49"}],"replies":[{"embeddable":true,"href":"https:\/\/xometry.pro\/it\/wp-json\/wp\/v2\/comments?post=29342"}],"version-history":[{"count":0,"href":"https:\/\/xometry.pro\/it\/wp-json\/wp\/v2\/pages\/29342\/revisions"}],"wp:attachment":[{"href":"https:\/\/xometry.pro\/it\/wp-json\/wp\/v2\/media?parent=29342"}],"curies":[{"name":"wp","href":"https:\/\/api.w.org\/{rel}","templated":true}]}}