{"id":30844,"date":"2024-01-11T11:26:39","date_gmt":"2024-01-11T11:26:39","guid":{"rendered":"https:\/\/xometry.pro\/about\/"},"modified":"2024-02-28T15:27:54","modified_gmt":"2024-02-28T15:27:54","slug":"about","status":"publish","type":"page","link":"https:\/\/xometry.pro\/tr\/about\/","title":{"rendered":"Xometry Pro Hakk\u0131nda"},"content":{"rendered":"<h1 class=\"wp-block-heading\" id=\"makine-muhendisligi-uretim-ve-urun-tasarimi-kutuphanesi-ve-topluluk\">Makine m\u00fchendisli\u011fi, \u00fcretim ve \u00fcr\u00fcn tasar\u0131m\u0131 k\u00fct\u00fcphanesi ve Topluluk<\/h1>\n\n\n<div style=\"height:47px\" aria-hidden=\"true\" class=\"wp-block-spacer\"><\/div>\n\n\n\n<p>Xometry Pro, talebe \u00f6zel \u00fcretime y\u00f6nelik mal ve hizmet tedariki i\u00e7in yapay zeka destekli bir platform olan Xometry taraf\u0131ndan olu\u015fturulmu\u015f olan ve y\u00f6netilen bir medya platformudur. Xometry Pro web sitesi; m\u00fchendisler, \u00fcr\u00fcn tasar\u0131mc\u0131lar\u0131 ve teknoloji merakl\u0131lar\u0131 i\u00e7in olu\u015fturulmu\u015ftur.<\/p>\n\n\n\n<p>Bu sayfada websitemizin nas\u0131l \u00e7al\u0131\u015ft\u0131\u011f\u0131n\u0131 \u00f6\u011frenebilir ve \u00e7e\u015fitli b\u00f6l\u00fcmlerini ke\u015ffedebilirsiniz:<\/p>\n\n\n\n<ul class=\"wp-block-list\">\n<li>Topluluk<\/li>\n\n\n\n<li>Malzeme k\u00fct\u00fcphanesi<\/li>\n\n\n\n<li>Makaleler<\/li>\n\n\n\n<li>E-kitaplar ve k\u0131lavuzlar<\/li>\n\n\n\n<li>Web seminerleri<\/li>\n\n\n\n<li>\u00dccretsiz kurslar<\/li>\n\n\n\n<li>\u00dcretim hikayeleri ve vakalar\u0131\n<ul class=\"wp-block-list\">\n<li>Hikayenizi nas\u0131l payla\u015fabilirsiniz?<\/li>\n<\/ul>\n<\/li>\n\n\n\n<li>\u00dccretsiz ara\u00e7lar<\/li>\n\n\n\n<li>Ki\u015fisel hesab\u0131n\u0131z<\/li>\n<\/ul>\n\n\n<h2 class=\"wp-block-heading\" id=\"topluluk\"><strong>Topluluk<\/strong><\/h2>\n\n\n<p><a href=\"https:\/\/xometry.pro\/tr\/community\/\">Topluluk<\/a>, deneyimlerinizi, d\u00fc\u015f\u00fcncelerinizi payla\u015fmak ve tavsiye almak i\u00e7in ilk ba\u015fvuraca\u011f\u0131n\u0131z yerdir. Burada, \u00fczerinde tart\u0131\u015fmak i\u00e7in kendi konular\u0131n\u0131z\u0131 olu\u015fturabilir, sorular sorabilir ve di\u011fer topluluk \u00fcyelerinin ba\u015flatt\u0131\u011f\u0131 konu\u015fmalara kat\u0131labilirsiniz. Tart\u0131\u015fmalara katk\u0131da bulunmak i\u00e7in \u00fccretsiz bir Xometry Pro hesab\u0131 olu\u015fturman\u0131z veya sosyal a\u011flar\u0131 veya get.xometry.com.tr, get.xometry.eu veya get.xometry.uk adresindeki hesab\u0131n\u0131z\u0131 kullanarak giri\u015f yapman\u0131z gerekir.<\/p>\n\n\n<h2 class=\"wp-block-heading\" id=\"malzeme-kutuphanesi\"><strong>Malzeme K\u00fct\u00fcphanesi<\/strong><\/h2>\n\n\n<p>\u00d6nemli detaylar\u0131 ve t\u00fcm \u00f6zellikleriyle beraber, \u00e7e\u015fitli \u00fcretim teknolojilerinde kullan\u0131lan <a href=\"https:\/\/xometry.pro\/tr\/malzemeler\/\">malzeme bilgilerini i\u00e7eren kapsaml\u0131 bir k\u00fct\u00fcphane<\/a>.<\/p>\n\n\n<h2 class=\"wp-block-heading\" id=\"makaleler\"><strong>Makaleler<\/strong><\/h2>\n\n\n<p>Xometry m\u00fchendisleri ve uzmanlar\u0131 taraf\u0131ndan yaz\u0131lan, de\u011ferli bilgiler ve uzman deneyimi sunan <a href=\"https:\/\/xometry.pro\/tr\/makaleler\/\">makale koleksiyonumuz<\/a>.<\/p>\n\n\n<h2 class=\"wp-block-heading\" id=\"ekitaplar-ve-kilavuzlar\"><strong>E-kitaplar ve K\u0131lavuzlar<\/strong><\/h2>\n\n\n<p>Derinlemesine bilgiler ve pratik tavsiyeler sunan ayd\u0131nlat\u0131c\u0131 <a href=\"https:\/\/xometry.pro\/tr\/kilavuzlar\/\">e-kitaplar\u0131 ve k\u0131lavuzlar\u0131<\/a> buradan indirin.<\/p>\n\n\n<h2 class=\"wp-block-heading\" id=\"webinarlar\"><strong>Webinarlar<\/strong><\/h2>\n\n\n<p>En son trendleri, teknolojileri ve en iyi uygulamalar\u0131 tart\u0131\u015fan sekt\u00f6r uzmanlar\u0131n\u0131n yer ald\u0131\u011f\u0131 bilgilendirici web seminerlerine kat\u0131labilirsiniz.<\/p>\n\n\n<h2 class=\"wp-block-heading\" id=\"ucretsiz-kurslar\"><strong>\u00dccretsiz Kurslar<\/strong><\/h2>\n\n\n<p>\u00d6zel haz\u0131rlanm\u0131\u015f dersler ve etkile\u015fimli \u00f6\u011frenme deneyimleriyle uygulamal\u0131 bilgi ve beceriler kazanmak i\u00e7in kurslar\u0131m\u0131za kay\u0131t olabilirsiniz. Kurslara eri\u015fmek i\u00e7in \u00fccretsiz bir Xometry Pro hesab\u0131n\u0131z olmas\u0131 gereklidir.<\/p>\n\n\n<h2 class=\"wp-block-heading\" id=\"uretim-hikayeleri\"><strong>\u00dcretim Hikayeleri<\/strong><\/h2>\n\n\n<ul class=\"wp-block-list\">\n<li>Yenilik\u00e7i \u00e7\u00f6z\u00fcmleri ve en iyi uygulamalar\u0131 i\u00e7eren, ger\u00e7ek d\u00fcnyadan <a href=\"https:\/\/xometry.pro\/tr\/vaka-calismalari\/\">\u00fcretim ba\u015far\u0131 hikayelerini ve vaka \u00e7al\u0131\u015fmalar\u0131n\u0131<\/a> inceleyin.<\/li>\n\n\n\n<li>Kendi \u00fcr\u00fcn tasar\u0131m ve \u00fcretim hikayenizi payla\u015f\u0131n.<\/li>\n<\/ul>\n\n\n<h3 class=\"wp-block-heading\" id=\"uretim-hikayenizi-nasil-paylasabilirsiniz\"><strong>\u00dcretim Hikayenizi Nas\u0131l Payla\u015fabilirsiniz?<\/strong><\/h3>\n\n\n<p>M\u00fckemmel bir \u00fcr\u00fcn\u00fc nas\u0131l tasarlad\u0131\u011f\u0131n\u0131za ve \u00fcretti\u011finize dair notlar\u0131n\u0131z\u0131 <a href=\"https:\/\/xometry.pro\/tr\/vaka-calismalari\/\" target=\"_blank\" rel=\"noreferrer noopener\">bu \u00f6zet formunu doldurman\u0131z<\/a> yeterli. Daha sonra \u0130\u00e7erik y\u00f6neticimiz yay\u0131na alma s\u00fcrecinde size rehberlik edecektir.<\/p>\n\n\n<h2 class=\"wp-block-heading\" id=\"ucretsiz-araclar\"><strong>\u00dccretsiz Ara\u00e7lar<\/strong><\/h2>\n\n\n<p>M\u00fchendislere ve \u00fcr\u00fcn tasar\u0131mc\u0131lar\u0131na \u00e7al\u0131\u015fmalar\u0131nda yard\u0131mc\u0131 olmak ve verimlili\u011fi art\u0131rmak i\u00e7in tasarlanm\u0131\u015f <a href=\"https:\/\/xometry.pro\/tr\/araclar\/\">\u00fccretsiz ara\u00e7lar\u0131<\/a> ke\u015ffedin.<\/p>\n\n\n<h2 class=\"wp-block-heading\" id=\"kisisel-hesabiniz\"><strong>Ki\u015fisel Hesab\u0131n\u0131z<\/strong><\/h2>\n\n\n<ul class=\"wp-block-list\">\n<li>Yorum b\u0131rakmak, tart\u0131\u015fmalara kat\u0131lmak, topluluk sohbetleri olu\u015fturmak ve favori makalelerinize yer i\u015fareti koymak i\u00e7in e-posta adresinizi, Xometry hesab\u0131n\u0131z\u0131 veya bir sosyal medya hesab\u0131 ile Xometry Pro&#8217;da oturum a\u00e7\u0131n. Profesyoneller i\u00e7in Xometry platformuna otomatik olarak kay\u0131t olun.<img decoding=\"async\" width=\"393\" height=\"446\" src=\"https:\/\/lh7-us.googleusercontent.com\/k20QXyF5nY8Z6mBaJHa4NY2aX8bDjCVgRD51qpVJlhAvNLB3nIdjNcTESFPRDj0WQhRPt_sguwjRyjR1ISbQWWD9Ye3TejB9S0vtz53IpxpGOhbdnJ_6DNn9JSUnQYzjfapqrP3UOL0oYh57JxXCXIk\"><\/li>\n\n\n\n<li>Xometry Pro&#8217;da yaz\u0131lar\u0131 okuyan ve yazan\u0131n kim oldu\u011fundan emin olmak bizler i\u00e7in \u00f6nemlidir. Bu nedenle sizden kay\u0131t s\u0131ras\u0131nda ger\u00e7ek kimlik bilgilerinizi vermenizi rica ediyoruz. Gerekirse diledi\u011finiz zaman, <a href=\"https:\/\/xometry.pro\/tr\/musteri-hesabi\/\">hesap ayarlar\u0131n\u0131z<\/a> \u00fczerinden bir takma ad kullanmaya ba\u015flayabilirsiniz. Bu \u015fekilde ad\u0131n\u0131z\u0131 di\u011fer kullan\u0131c\u0131lardan gizli tutarak bir nickname yaratabilirsiniz.<\/li>\n<\/ul>\n\n\n\n<figure class=\"wp-block-image is-resized\"><img decoding=\"async\" src=\"https:\/\/lh7-us.googleusercontent.com\/uuRd5EwwFdrJ7bOPtWU4SLGhfB2CXIL5ItO4jKhtApBppYjg-2OM1xD_rg-dyGVsUBWgFP3ToSNVtfJzAuYK2F0rvC4prDzhJoeH2M7CzJLat7NTEAtP0Mey22aWVvYOpxB5PDf7pTRn5_CSKfMdbcU\" alt=\"\" style=\"max-width:434px;height:auto\"\/><\/figure>\n\n\n<h2 class=\"wp-block-heading\" id=\"kurallar\"><strong>Kurallar<\/strong><\/h2>\n\n\n<p>Xometry Pro&#8217;daki \u00dcyelik S\u00f6zle\u015fmesini okuyarak <a href=\"https:\/\/xometry.pro\/tr\/terms\/\">https:\/\/xometry.pro\/tr\/terms\/<\/a> adresinde bulunan \u015fartlar ve kurallar\u0131m\u0131z\u0131 kabul etmi\u015f olursunuz. Bunlar, bir Xometry Pro kullan\u0131c\u0131s\u0131 olarak siz ve siteyi d\u00fczenleyen ekip aras\u0131nda bir s\u00f6zle\u015fme niteli\u011findedir.\u00a0<\/p>\n\n\n\n<p>K\u0131saca ifade etmek gerekirse kurallar\u0131n temel noktalar\u0131 a\u015fa\u011f\u0131dakilerden olu\u015fur:<\/p>\n\n\n\n<ul class=\"wp-block-list\">\n<li>Sitede g\u00f6nderi payla\u015fmak i\u00e7in e-posta adresiniz, Xometry hesab\u0131n\u0131z veya bir sosyal a\u011f arac\u0131l\u0131\u011f\u0131yla oturum a\u00e7man\u0131z gerekir.<\/li>\n\n\n\n<li>Kullan\u0131c\u0131 kimli\u011fini do\u011frulamak i\u00e7in kay\u0131t s\u0131ras\u0131nda ger\u00e7ek kimlik bilgileri girilmesi gereklidir.<\/li>\n\n\n\n<li>Kullan\u0131c\u0131lar\u0131n yorumlar\u0131ndaki ve g\u00f6nderilerinde kulland\u0131klar\u0131 metin ve g\u00f6rsellerin sahibi olmas\u0131 veya kullanma iznine sahip olmas\u0131 gerekir.<\/li>\n\n\n\n<li>Xometry, hikayeleri ve yorumlar\u0131, dikkatli bir d\u00fczenlemenin ard\u0131ndan sitede yay\u0131nlama ve pazarlama amac\u0131yla kullanabilir.<\/li>\n\n\n\n<li>Yasakl\u0131 i\u00e7erikler aras\u0131nda karalama, \u015fiddet, pornografi, su\u00e7a te\u015fvik, ayr\u0131mc\u0131l\u0131k, istismar, hakaret ve taciz yer almaktad\u0131r.<\/li>\n\n\n\n<li>Sahte hesaplar, yasa d\u0131\u015f\u0131 bilgiler, spam (istenmeyen mesajlar) ve siteye zarar verilmesi yasakt\u0131r.<\/li>\n\n\n\n<li>Anla\u015fmazl\u0131klar mahkemeye ba\u015fvurmadan \u00f6nce m\u00fczakere yoluyla \u00e7\u00f6z\u00fclecektir.<\/li>\n\n\n\n<li>Yorumlara veya g\u00f6nderilere ili\u015fkin \u015fikayetler, yay\u0131nlanan metni g\u00f6nderen ki\u015finin sorumlulu\u011fundad\u0131r.<\/li>\n\n\n\n<li>Xometry Pro bir kullan\u0131m k\u0131lavuzu de\u011fildir ve site sonu\u00e7lardan sorumlu de\u011fildir.<\/li>\n\n\n\n<li>Xometry Pro&#8217;yu ziyaret etti\u011finizde bu kurallar ba\u011flay\u0131c\u0131 hale gelir ve kullan\u0131c\u0131lar kurallarda yap\u0131lan de\u011fi\u015fiklikleri otomatik olarak kabul etmi\u015f say\u0131l\u0131rlar.<\/li>\n\n\n\n<li>Sorular\u0131n\u0131z i\u00e7in <a href=\"mailto:ad***@*****ry.pro\" data-original-string=\"Zh0i+BGOlOchGylViXL38g==022hpA29w\/edJftrEh7YglXEMPNyLN7yB5AwX81\/jjPoYg=\" title=\"This contact has been encoded by Anti-Spam by CleanTalk. Click to decode. To finish the decoding make sure that JavaScript is enabled in your browser.\"><span \n                data-original-string='BXkZte08RJ8vMPI7I1HE\/Q==022DokYA9QusqbGQ+y4Kqn0q\/3Dvm\/axvKwsf0BkuyiYcA='\n                class='apbct-email-encoder'\n                title='This contact has been encoded by Anti-Spam by CleanTalk. Click to decode. To finish the decoding make sure that JavaScript is enabled in your browser.'>ad<span class=\"apbct-blur\">***<\/span>@<span class=\"apbct-blur\">*****<\/span>ry.pro<\/span><\/a> adresinden y\u00f6neticilerle ileti\u015fime ge\u00e7ebilirsiniz.<\/li>\n<\/ul>\n\n\n\n<p><\/p>\n","protected":false},"excerpt":{"rendered":"<p>Makine m\u00fchendisli\u011fi, \u00fcretim ve \u00fcr\u00fcn tasar\u0131m\u0131 k\u00fct\u00fcphanesi ve Topluluk Xometry Pro, talebe \u00f6zel \u00fcretime y\u00f6nelik mal ve hizmet tedariki i\u00e7in yapay zeka destekli bir platform olan Xometry taraf\u0131ndan olu\u015fturulmu\u015f olan ve y\u00f6netilen bir medya platformudur. Xometry Pro web sitesi; m\u00fchendisler, \u00fcr\u00fcn tasar\u0131mc\u0131lar\u0131 ve teknoloji merakl\u0131lar\u0131 i\u00e7in olu\u015fturulmu\u015ftur. Bu sayfada websitemizin nas\u0131l \u00e7al\u0131\u015ft\u0131\u011f\u0131n\u0131 \u00f6\u011frenebilir ve \u00e7e\u015fitli [&hellip;]<\/p>\n","protected":false},"author":49,"featured_media":0,"parent":0,"menu_order":88,"comment_status":"closed","ping_status":"closed","template":"tpl-page.php","meta":{"_acf_changed":false,"_bbp_topic_count":0,"_bbp_reply_count":0,"_bbp_total_topic_count":0,"_bbp_total_reply_count":0,"_bbp_voice_count":0,"_bbp_anonymous_reply_count":0,"_bbp_topic_count_hidden":0,"_bbp_reply_count_hidden":0,"_bbp_forum_subforum_count":0,"inline_featured_image":false,"footnotes":""},"class_list":["post-30844","page","type-page","status-publish","hentry"],"acf":[],"yoast_head":"<!-- This site is optimized with the Yoast SEO Premium plugin v26.7 (Yoast SEO v27.3) - https:\/\/yoast.com\/product\/yoast-seo-premium-wordpress\/ -->\n<title>Xometry Pro Hakk\u0131nda<\/title>\n<meta name=\"description\" content=\"M\u00fc\u015fteri talebine \u00f6zel \u00fcretime y\u00f6nelik mal ve hizmet tedariki i\u00e7in yapay zeka destekli bir platform olan Xometry taraf\u0131ndan sizler i\u00e7in haz\u0131rlanm\u0131\u015f Xometry Pro; makine m\u00fchendisli\u011fi, \u00fcretim ve \u00fcr\u00fcn tasar\u0131m\u0131na adanm\u0131\u015f bir topluluk ve bilgi taban\u0131 platformudur.\" \/>\n<meta name=\"robots\" content=\"index, follow, max-snippet:-1, max-image-preview:large, max-video-preview:-1\" \/>\n<link rel=\"canonical\" href=\"https:\/\/xometry.pro\/tr\/about\/\" \/>\n<meta property=\"og:locale\" content=\"tr_TR\" \/>\n<meta property=\"og:type\" content=\"article\" \/>\n<meta property=\"og:title\" content=\"Xometry Pro Hakk\u0131nda\" \/>\n<meta property=\"og:description\" content=\"M\u00fc\u015fteri talebine \u00f6zel \u00fcretime y\u00f6nelik mal ve hizmet tedariki i\u00e7in yapay zeka destekli bir platform olan Xometry taraf\u0131ndan sizler i\u00e7in haz\u0131rlanm\u0131\u015f Xometry Pro; makine m\u00fchendisli\u011fi, \u00fcretim ve \u00fcr\u00fcn tasar\u0131m\u0131na adanm\u0131\u015f bir topluluk ve bilgi taban\u0131 platformudur.\" \/>\n<meta property=\"og:url\" content=\"https:\/\/xometry.pro\/tr\/about\/\" \/>\n<meta property=\"og:site_name\" content=\"Xometry Pro\" \/>\n<meta property=\"article:modified_time\" content=\"2024-02-28T15:27:54+00:00\" \/>\n<meta property=\"og:image\" content=\"https:\/\/lh7-us.googleusercontent.com\/k20QXyF5nY8Z6mBaJHa4NY2aX8bDjCVgRD51qpVJlhAvNLB3nIdjNcTESFPRDj0WQhRPt_sguwjRyjR1ISbQWWD9Ye3TejB9S0vtz53IpxpGOhbdnJ_6DNn9JSUnQYzjfapqrP3UOL0oYh57JxXCXIk\" \/>\n<meta name=\"twitter:card\" content=\"summary_large_image\" \/>\n<meta name=\"twitter:label1\" content=\"Tahmini okuma s\u00fcresi\" \/>\n\t<meta name=\"twitter:data1\" content=\"3 dakika\" \/>\n<script type=\"application\/ld+json\" class=\"yoast-schema-graph\">{\"@context\":\"https:\\\/\\\/schema.org\",\"@graph\":[{\"@type\":\"WebPage\",\"@id\":\"https:\\\/\\\/xometry.pro\\\/tr\\\/about\\\/\",\"url\":\"https:\\\/\\\/xometry.pro\\\/tr\\\/about\\\/\",\"name\":\"Xometry Pro Hakk\u0131nda\",\"isPartOf\":{\"@id\":\"https:\\\/\\\/xometry.pro\\\/tr\\\/#website\"},\"primaryImageOfPage\":{\"@id\":\"https:\\\/\\\/xometry.pro\\\/tr\\\/about\\\/#primaryimage\"},\"image\":{\"@id\":\"https:\\\/\\\/xometry.pro\\\/tr\\\/about\\\/#primaryimage\"},\"thumbnailUrl\":\"https:\\\/\\\/lh7-us.googleusercontent.com\\\/k20QXyF5nY8Z6mBaJHa4NY2aX8bDjCVgRD51qpVJlhAvNLB3nIdjNcTESFPRDj0WQhRPt_sguwjRyjR1ISbQWWD9Ye3TejB9S0vtz53IpxpGOhbdnJ_6DNn9JSUnQYzjfapqrP3UOL0oYh57JxXCXIk\",\"datePublished\":\"2024-01-11T11:26:39+00:00\",\"dateModified\":\"2024-02-28T15:27:54+00:00\",\"description\":\"M\u00fc\u015fteri talebine \u00f6zel \u00fcretime y\u00f6nelik mal ve hizmet tedariki i\u00e7in yapay zeka destekli bir platform olan Xometry taraf\u0131ndan sizler i\u00e7in haz\u0131rlanm\u0131\u015f Xometry Pro; makine m\u00fchendisli\u011fi, \u00fcretim ve \u00fcr\u00fcn tasar\u0131m\u0131na adanm\u0131\u015f bir topluluk ve bilgi taban\u0131 platformudur.\",\"breadcrumb\":{\"@id\":\"https:\\\/\\\/xometry.pro\\\/tr\\\/about\\\/#breadcrumb\"},\"inLanguage\":\"tr\",\"potentialAction\":[{\"@type\":\"ReadAction\",\"target\":[\"https:\\\/\\\/xometry.pro\\\/tr\\\/about\\\/\"]}]},{\"@type\":\"ImageObject\",\"inLanguage\":\"tr\",\"@id\":\"https:\\\/\\\/xometry.pro\\\/tr\\\/about\\\/#primaryimage\",\"url\":\"https:\\\/\\\/lh7-us.googleusercontent.com\\\/k20QXyF5nY8Z6mBaJHa4NY2aX8bDjCVgRD51qpVJlhAvNLB3nIdjNcTESFPRDj0WQhRPt_sguwjRyjR1ISbQWWD9Ye3TejB9S0vtz53IpxpGOhbdnJ_6DNn9JSUnQYzjfapqrP3UOL0oYh57JxXCXIk\",\"contentUrl\":\"https:\\\/\\\/lh7-us.googleusercontent.com\\\/k20QXyF5nY8Z6mBaJHa4NY2aX8bDjCVgRD51qpVJlhAvNLB3nIdjNcTESFPRDj0WQhRPt_sguwjRyjR1ISbQWWD9Ye3TejB9S0vtz53IpxpGOhbdnJ_6DNn9JSUnQYzjfapqrP3UOL0oYh57JxXCXIk\"},{\"@type\":\"BreadcrumbList\",\"@id\":\"https:\\\/\\\/xometry.pro\\\/tr\\\/about\\\/#breadcrumb\",\"itemListElement\":[{\"@type\":\"ListItem\",\"position\":1,\"name\":\"Anasayfa\",\"item\":\"https:\\\/\\\/xometry.pro\\\/tr\\\/\"},{\"@type\":\"ListItem\",\"position\":2,\"name\":\"Xometry Pro Hakk\u0131nda\"}]},{\"@type\":\"WebSite\",\"@id\":\"https:\\\/\\\/xometry.pro\\\/tr\\\/#website\",\"url\":\"https:\\\/\\\/xometry.pro\\\/tr\\\/\",\"name\":\"Xometry Pro\",\"description\":\"Knowledge &amp; Community For Engineers &amp; Product Designers\",\"potentialAction\":[{\"@type\":\"SearchAction\",\"target\":{\"@type\":\"EntryPoint\",\"urlTemplate\":\"https:\\\/\\\/xometry.pro\\\/tr\\\/?s={search_term_string}\"},\"query-input\":{\"@type\":\"PropertyValueSpecification\",\"valueRequired\":true,\"valueName\":\"search_term_string\"}}],\"inLanguage\":\"tr\"}]}<\/script>\n<!-- \/ Yoast SEO Premium plugin. -->","yoast_head_json":{"title":"Xometry Pro Hakk\u0131nda","description":"M\u00fc\u015fteri talebine \u00f6zel \u00fcretime y\u00f6nelik mal ve hizmet tedariki i\u00e7in yapay zeka destekli bir platform olan Xometry taraf\u0131ndan sizler i\u00e7in haz\u0131rlanm\u0131\u015f Xometry Pro; makine m\u00fchendisli\u011fi, \u00fcretim ve \u00fcr\u00fcn tasar\u0131m\u0131na adanm\u0131\u015f bir topluluk ve bilgi taban\u0131 platformudur.","robots":{"index":"index","follow":"follow","max-snippet":"max-snippet:-1","max-image-preview":"max-image-preview:large","max-video-preview":"max-video-preview:-1"},"canonical":"https:\/\/xometry.pro\/tr\/about\/","og_locale":"tr_TR","og_type":"article","og_title":"Xometry Pro Hakk\u0131nda","og_description":"M\u00fc\u015fteri talebine \u00f6zel \u00fcretime y\u00f6nelik mal ve hizmet tedariki i\u00e7in yapay zeka destekli bir platform olan Xometry taraf\u0131ndan sizler i\u00e7in haz\u0131rlanm\u0131\u015f Xometry Pro; makine m\u00fchendisli\u011fi, \u00fcretim ve \u00fcr\u00fcn tasar\u0131m\u0131na adanm\u0131\u015f bir topluluk ve bilgi taban\u0131 platformudur.","og_url":"https:\/\/xometry.pro\/tr\/about\/","og_site_name":"Xometry Pro","article_modified_time":"2024-02-28T15:27:54+00:00","og_image":[{"url":"https:\/\/lh7-us.googleusercontent.com\/k20QXyF5nY8Z6mBaJHa4NY2aX8bDjCVgRD51qpVJlhAvNLB3nIdjNcTESFPRDj0WQhRPt_sguwjRyjR1ISbQWWD9Ye3TejB9S0vtz53IpxpGOhbdnJ_6DNn9JSUnQYzjfapqrP3UOL0oYh57JxXCXIk","type":"","width":"","height":""}],"twitter_card":"summary_large_image","twitter_misc":{"Tahmini okuma s\u00fcresi":"3 dakika"},"schema":{"@context":"https:\/\/schema.org","@graph":[{"@type":"WebPage","@id":"https:\/\/xometry.pro\/tr\/about\/","url":"https:\/\/xometry.pro\/tr\/about\/","name":"Xometry Pro Hakk\u0131nda","isPartOf":{"@id":"https:\/\/xometry.pro\/tr\/#website"},"primaryImageOfPage":{"@id":"https:\/\/xometry.pro\/tr\/about\/#primaryimage"},"image":{"@id":"https:\/\/xometry.pro\/tr\/about\/#primaryimage"},"thumbnailUrl":"https:\/\/lh7-us.googleusercontent.com\/k20QXyF5nY8Z6mBaJHa4NY2aX8bDjCVgRD51qpVJlhAvNLB3nIdjNcTESFPRDj0WQhRPt_sguwjRyjR1ISbQWWD9Ye3TejB9S0vtz53IpxpGOhbdnJ_6DNn9JSUnQYzjfapqrP3UOL0oYh57JxXCXIk","datePublished":"2024-01-11T11:26:39+00:00","dateModified":"2024-02-28T15:27:54+00:00","description":"M\u00fc\u015fteri talebine \u00f6zel \u00fcretime y\u00f6nelik mal ve hizmet tedariki i\u00e7in yapay zeka destekli bir platform olan Xometry taraf\u0131ndan sizler i\u00e7in haz\u0131rlanm\u0131\u015f Xometry Pro; makine m\u00fchendisli\u011fi, \u00fcretim ve \u00fcr\u00fcn tasar\u0131m\u0131na adanm\u0131\u015f bir topluluk ve bilgi taban\u0131 platformudur.","breadcrumb":{"@id":"https:\/\/xometry.pro\/tr\/about\/#breadcrumb"},"inLanguage":"tr","potentialAction":[{"@type":"ReadAction","target":["https:\/\/xometry.pro\/tr\/about\/"]}]},{"@type":"ImageObject","inLanguage":"tr","@id":"https:\/\/xometry.pro\/tr\/about\/#primaryimage","url":"https:\/\/lh7-us.googleusercontent.com\/k20QXyF5nY8Z6mBaJHa4NY2aX8bDjCVgRD51qpVJlhAvNLB3nIdjNcTESFPRDj0WQhRPt_sguwjRyjR1ISbQWWD9Ye3TejB9S0vtz53IpxpGOhbdnJ_6DNn9JSUnQYzjfapqrP3UOL0oYh57JxXCXIk","contentUrl":"https:\/\/lh7-us.googleusercontent.com\/k20QXyF5nY8Z6mBaJHa4NY2aX8bDjCVgRD51qpVJlhAvNLB3nIdjNcTESFPRDj0WQhRPt_sguwjRyjR1ISbQWWD9Ye3TejB9S0vtz53IpxpGOhbdnJ_6DNn9JSUnQYzjfapqrP3UOL0oYh57JxXCXIk"},{"@type":"BreadcrumbList","@id":"https:\/\/xometry.pro\/tr\/about\/#breadcrumb","itemListElement":[{"@type":"ListItem","position":1,"name":"Anasayfa","item":"https:\/\/xometry.pro\/tr\/"},{"@type":"ListItem","position":2,"name":"Xometry Pro Hakk\u0131nda"}]},{"@type":"WebSite","@id":"https:\/\/xometry.pro\/tr\/#website","url":"https:\/\/xometry.pro\/tr\/","name":"Xometry Pro","description":"Knowledge &amp; Community For Engineers &amp; Product Designers","potentialAction":[{"@type":"SearchAction","target":{"@type":"EntryPoint","urlTemplate":"https:\/\/xometry.pro\/tr\/?s={search_term_string}"},"query-input":{"@type":"PropertyValueSpecification","valueRequired":true,"valueName":"search_term_string"}}],"inLanguage":"tr"}]}},"_links":{"self":[{"href":"https:\/\/xometry.pro\/tr\/wp-json\/wp\/v2\/pages\/30844","targetHints":{"allow":["GET"]}}],"collection":[{"href":"https:\/\/xometry.pro\/tr\/wp-json\/wp\/v2\/pages"}],"about":[{"href":"https:\/\/xometry.pro\/tr\/wp-json\/wp\/v2\/types\/page"}],"author":[{"embeddable":true,"href":"https:\/\/xometry.pro\/tr\/wp-json\/wp\/v2\/users\/49"}],"replies":[{"embeddable":true,"href":"https:\/\/xometry.pro\/tr\/wp-json\/wp\/v2\/comments?post=30844"}],"version-history":[{"count":5,"href":"https:\/\/xometry.pro\/tr\/wp-json\/wp\/v2\/pages\/30844\/revisions"}],"predecessor-version":[{"id":32235,"href":"https:\/\/xometry.pro\/tr\/wp-json\/wp\/v2\/pages\/30844\/revisions\/32235"}],"wp:attachment":[{"href":"https:\/\/xometry.pro\/tr\/wp-json\/wp\/v2\/media?parent=30844"}],"curies":[{"name":"wp","href":"https:\/\/api.w.org\/{rel}","templated":true}]}}