{"id":30848,"date":"2024-01-12T10:00:32","date_gmt":"2024-01-12T10:00:32","guid":{"rendered":"https:\/\/xometry.pro\/terms\/"},"modified":"2025-09-23T10:52:57","modified_gmt":"2025-09-23T08:52:57","slug":"terms","status":"publish","type":"page","link":"https:\/\/xometry.pro\/tr\/terms\/","title":{"rendered":"\u00dcyelik S\u00f6zle\u015fmesi"},"content":{"rendered":"<h1 class=\"wp-block-heading\" id=\"h-xometry-pro-uyelik-sozlesmesi\">Xometry Pro \u00dcyelik S\u00f6zle\u015fmesi<\/h1>\n\n\n<p>Bu kurallar (bundan sonra \u201cKurallar\u201d olarak an\u0131lacakt\u0131r), ziyaret\u00e7iler ve yetkili kullan\u0131c\u0131lar (bundan sonra \u201cKullan\u0131c\u0131lar\u201d olarak an\u0131lacakt\u0131r) i\u00e7in, Xometry Europe GmbH&#8217;ye (bundan sonra \u201cXometry\u201d olarak an\u0131lacakt\u0131r) ait olan <a href=\"https:\/\/xometry.pro\/tr\/\"><strong>Xometry Pro<\/strong><\/a><strong> <\/strong>sitesinin, Kullan\u0131c\u0131lar\u0131n ilgi alanlar\u0131na g\u00f6re siteye yerle\u015ftirilen bilgilerin g\u00f6r\u00fcnt\u00fclenmesi, i\u00e7eriklerin yay\u0131nlanmas\u0131 ve sitenin di\u011fer i\u015flevlerinin kullan\u0131lmas\u0131 amac\u0131yla eri\u015fim d\u00fczenini ve kullan\u0131m ko\u015fullar\u0131n\u0131 tan\u0131mlar.\u00a0<\/p>\n\n\n\n<p>Kullan\u0131c\u0131lar, web siteye eri\u015ferek veya sitenin herhangi bir i\u015flevini kullanarak, kay\u0131t olup olmad\u0131klar\u0131na bak\u0131lmaks\u0131z\u0131n bu Kurallar\u0131 kabul etmi\u015f olurlar. Kullan\u0131c\u0131lar bu Kurallar\u0131n herhangi bir h\u00fckm\u00fcn\u00fc kabul etmemeleri halinde siteyi kullanmay\u0131 b\u0131rakmay\u0131 taahh\u00fct ederler.<\/p>\n\n\n\n<p>Kurallar\u0131n g\u00fcncel versiyonuna <a href=\"https:\/\/xometry.pro\/tr\/terms\/\">https:\/\/xometry.pro\/en\/terms\/<\/a> adresinden ula\u015fabilirsiniz.<\/p>\n\n\n<h2 class=\"wp-block-heading\" id=\"h-1-kullanicilarin-websitesine-kaydolmasi\"><strong>1. Kullan\u0131c\u0131lar\u0131n Websitesine Kaydolmas\u0131<\/strong><\/h2>\n\n\n<p>1.1. Kullan\u0131c\u0131lar\u0131n web sitenin tam i\u015flevlerine eri\u015febilmek i\u00e7in e-posta adresiyle, Xometry hesab\u0131yla veya sosyal medya hesaplar\u0131 arac\u0131l\u0131\u011f\u0131yla kay\u0131t i\u015flemlerini tamamlamalar\u0131 gerekir. Kullan\u0131c\u0131lar kayd\u0131 tamamlad\u0131ktan sonra, kay\u0131t y\u00f6ntemine ba\u011fl\u0131 olarak isim, foto\u011fraf, e-posta adresi veya telefon numaras\u0131n\u0131 i\u00e7e aktar\u0131r ve otomatik olarak bir hesap olu\u015fturur.<\/p>\n\n\n\n<p>1.2. Kullan\u0131c\u0131lar kay\u0131t i\u015flemini ger\u00e7ekle\u015ftirirken kendileri hakk\u0131nda kay\u0131t i\u015flemi i\u00e7in yeterli olacak do\u011fru ger\u00e7ek bilgilerini sa\u011flamay\u0131 taahh\u00fct ederler.<\/p>\n\n\n\n<p>1.3. Kullan\u0131c\u0131 hesaplar\u0131 \u00fczerinden ger\u00e7ekle\u015ftirilen t\u00fcm i\u015flemlerin Kullan\u0131c\u0131lar taraf\u0131ndan ger\u00e7ekle\u015ftirildi\u011fi kabul edilir. Kullan\u0131c\u0131lar\u0131n kendi hesaplar\u0131na eri\u015fime y\u00f6nelik bilgileri \u00fc\u00e7\u00fcnc\u00fc taraflara aktarmas\u0131 yasakt\u0131r.<\/p>\n\n\n<h2 class=\"wp-block-heading\" id=\"h-2-websitesine-icerik-gonderme\"><strong>2. Websitesine \u0130\u00e7erik G\u00f6nderme<\/strong><\/h2>\n\n\n<p>2.1. Kullan\u0131c\u0131lar, Web Sitesine yorumlar, di\u011fer kullan\u0131c\u0131lar\u0131n sorular\u0131na yan\u0131tlar, \u00f6zel bir formda kendi yaz\u0131lar\u0131n\u0131 ve di\u011fer bilgileri (bundan sonra \u201c\u0130\u00e7erik\u201d olarak an\u0131lacakt\u0131r) g\u00f6nderebilir.<\/p>\n\n\n\n<p>2.2. Kullan\u0131c\u0131lar, web sitesine \u0130\u00e7erik g\u00f6nderdiklerinde, bu \u0130\u00e7eriklerle ilgili t\u00fcm haklara sahip olduklar\u0131n\u0131 taahh\u00fct ederler. Kullan\u0131c\u0131lar ayr\u0131ca \u0130\u00e7eri\u011fin yasaklanm\u0131\u015f al\u0131nt\u0131lar i\u00e7ermedi\u011fini, fikri m\u00fclkiyet nesnelerine ili\u015fkin m\u00fcnhas\u0131r haklar ve \u0130\u00e7erikte kullan\u0131lan ki\u015filerin resimlerini kullanma haklar\u0131 da dahil olmak \u00fczere t\u00fcm nesnelere ili\u015fkin haklar\u0131n Kullan\u0131c\u0131lara ait oldu\u011funu ve\/veya Kullan\u0131c\u0131lar\u0131n bu nesnelerin haklar\u0131n\u0131n sahiplerinden gerekli izinleri ald\u0131klar\u0131n\u0131 taahh\u00fct ederler. Kullan\u0131c\u0131lar, \u00fc\u00e7\u00fcnc\u00fc taraf sitelere ve kaynaklara ba\u011flant\u0131lar yerle\u015ftirmek de dahil olmak \u00fczere, hesaplar\u0131ndan Siteye y\u00fcklenen veya ba\u015fka \u015fekilde kamunun bilgisine sunulan (yay\u0131nlanan) her t\u00fcrl\u00fc bilgiden m\u00fcstakilen sorumludur. Bu konuda bir anla\u015fmazl\u0131k olmas\u0131 durumunda, yay\u0131nlanan \u0130\u00e7eri\u011fin herhangi bir ki\u015finin hakk\u0131n\u0131 ihlal etmedi\u011fini ispat y\u00fck\u00fc Kullan\u0131c\u0131lara aittir.<\/p>\n\n\n\n<p>2.3. Kullan\u0131c\u0131lar, web sitesine \u0130\u00e7erik g\u00f6ndererek, Xometry&#8217;ye otomatik olarak bu \u0130\u00e7eri\u011fin tamam\u0131n\u0131 veya bir k\u0131sm\u0131n\u0131 \u00e7o\u011faltma, kopyalama, se\u00e7me, sistemle\u015ftirme, d\u00f6n\u00fc\u015ft\u00fcrme, de\u011fi\u015ftirme, d\u00fczenleme, \u00e7eviri ve di\u011fer i\u015flemler, kamuya a\u00e7\u0131klama, da\u011f\u0131tma, kamuya sunma dahil kullanmak i\u00e7in, \u00fccretsiz olarak ve ko\u015fulsuz ve geri d\u00f6n\u00fclemez bi\u00e7imde, m\u00fcnhas\u0131r olmayan bir izin verir. Xometry ayr\u0131ca yukar\u0131daki haklar\u0131 \u00fc\u00e7\u00fcnc\u00fc taraflara devretme hakk\u0131na da sahiptir. Kullan\u0131c\u0131lar, Web sitesinde yay\u0131nlanan \u0130\u00e7eriklerin Xometry taraf\u0131ndan web sitesinde reklam ve pazarlama amac\u0131yla kullan\u0131labilece\u011fini kabul ederler.<\/p>\n\n\n\n<p>2.4. Kullan\u0131c\u0131lar, web sitesine \u0130\u00e7erik g\u00f6ndererek, di\u011fer Kullan\u0131c\u0131lar\u0131n g\u00f6rmesi i\u00e7in bu \u0130\u00e7eri\u011fe eri\u015fim sa\u011flad\u0131klar\u0131n\u0131 kabul etmi\u015f olurlar.<\/p>\n\n\n\n<p>2.5 Kullan\u0131c\u0131lar \u0130\u00e7erik g\u00f6nderdiklerinde, (Kullan\u0131c\u0131lar \u0130\u00e7eri\u011fin yazar\u0131 veya hak sahibi de\u011filse) bu \u0130\u00e7eri\u011fin yazar\u0131ndan veya hak sahibinden gerekli izinleri veya yetkiyi alm\u0131\u015f olduklar\u0131n\u0131 onaylarlar. Kullan\u0131c\u0131lar, bu t\u00fcr eylemleri ger\u00e7ekle\u015ftirmek i\u00e7in gereken haklara sahip olmad\u0131klar\u0131 veya bu haklar kendilerine aktar\u0131lmad\u0131\u011f\u0131 takdirde, bu \u0130\u00e7eriklerin y\u00fcklenmesi, iletilmesi veya yay\u0131nlanmas\u0131 yasakt\u0131r.<\/p>\n\n\n\n<p>2.6. Kullan\u0131c\u0131lar, yay\u0131nlad\u0131klar\u0131 \u0130\u00e7eriklerle ilgili olarak Kurallarda belirtilen yasaklara uymay\u0131 ve a\u015fa\u011f\u0131daki \u00f6zelliklere sahip \u0130\u00e7erikleri yay\u0131nlamamay\u0131 taahh\u00fct eder:<\/p>\n\n\n\n<ul class=\"wp-block-list\">\n<li>\u00dc\u00e7\u00fcnc\u00fc taraflara ait telif haklar\u0131n\u0131, ticari marka haklar\u0131n\u0131, ki\u015fiselle\u015ftirme ara\u00e7lar\u0131n\u0131 ve\/veya di\u011fer fikri m\u00fclkiyet nesnelerinin haklar\u0131n\u0131 ihlal eden veya web sitesinin Kullan\u0131c\u0131lar\u0131n\u0131 yan\u0131ltan;<\/li>\n\n\n\n<li>\u0130tibar\u0131 zedeleyici, karalay\u0131c\u0131, kas\u0131tl\u0131 olarak yan\u0131lt\u0131c\u0131, ahlaka ayk\u0131r\u0131, \u015fiddet ve zul\u00fcm i\u00e7eren, herhangi bir gerek\u00e7eyle insanlara kar\u015f\u0131 nefreti ve\/veya ayr\u0131mc\u0131l\u0131\u011f\u0131 te\u015fvik eden, k\u00fcf\u00fcr i\u00e7eren, herhangi bir ki\u015fi veya kurulu\u015fa hakaret i\u00e7eren;<\/li>\n\n\n\n<li>Halka y\u00f6nelik ter\u00f6rist faaliyetler ger\u00e7ekle\u015ftirme ama\u00e7l\u0131 \u00e7a\u011fr\u0131lar i\u00e7eren veya ter\u00f6rizmi veya a\u015f\u0131r\u0131l\u0131k\u00e7\u0131 nitelikteki di\u011fer materyalleri alenen me\u015frula\u015ft\u0131ran, pornografik \u00f6\u011feler ve \u00e7ocuklar\u0131n yer ald\u0131\u011f\u0131 erotik materyaller i\u00e7eren, a\u00e7\u0131k\u00e7a beyan edilmeyenler de dahil olmak \u00fczere para kar\u015f\u0131l\u0131\u011f\u0131 cinsel ili\u015fki reklam\u0131 olan, narkotik maddelerin ve ila\u00e7 m\u00fcstahzarlar\u0131n\u0131n, patlay\u0131c\u0131lar\u0131n, silahlar\u0131n \u00fcretim, kullan\u0131m veya ba\u015fka \u015fekilde i\u015flemlerini a\u00e7\u0131klayan prosed\u00fcrler i\u00e7eren;<\/li>\n\n\n\n<li>\u00dc\u00e7\u00fcnc\u00fc taraflar hakk\u0131nda yasa d\u0131\u015f\u0131 olarak elde edilmi\u015f bilgileri i\u00e7eren;<\/li>\n\n\n\n<li>Almanya veya T\u00fcrkiye&#8217;nin reklam ve\/veya rekabeti koruma yasalar\u0131n\u0131 ihlal eden;<\/li>\n\n\n\n<li>Bilgisayar vir\u00fcsleri veya di\u011fer zararl\u0131 bilgisayar dosyalar\u0131, kodlar\u0131 veya programlar\u0131 i\u00e7eren.<\/li>\n<\/ul>\n\n\n\n<p>2.7. Xometry\u2019nin web sitesine g\u00f6nderilen t\u00fcm \u0130\u00e7erikleri kontrol etmesi m\u00fcmk\u00fcn de\u011fildir. \u0130\u00e7erikler \u00fczerinde s\u00fcrekli bir denetim uygulanmamaktad\u0131r ve Xometry, t\u00fcm \u0130\u00e7erikleri denetleme ve Kurallar\u0131n ve\/veya ilgili mevzuat\u0131n tamamen veya k\u0131smen ihlal edilmesi durumunda, kald\u0131rman\u0131n nedenlerini a\u00e7\u0131klamadan bu \u0130\u00e7erikleri Siteden kald\u0131rma hakk\u0131n\u0131 sakl\u0131 tutar.<\/p>\n\n\n<h2 class=\"wp-block-heading\" id=\"h-3-websitesini-kullanirken-yapilmasi-yasak-olan-seyler\"><strong>3. Websitesini Kullan\u0131rken Yap\u0131lmas\u0131 Yasak Olan \u015eeyler<\/strong><\/h2>\n\n\n<p>3.1. Ba\u015fka bir ki\u015fi ad\u0131na veya onun yerine Kullan\u0131c\u0131 olarak kaydolmak (&#8220;sahte hesap&#8221;) veya bir ki\u015fi grubunu (dernek) veya bir t\u00fczel ki\u015fiyi Kullan\u0131c\u0131 olarak kaydetmek.<\/p>\n\n\n\n<p>3.2. Almanya ve T\u00fcrkiye yasalar\u0131na ve Kurallara uymayan herhangi bir bilgiyi y\u00fcklemek, saklamak, yay\u0131nlamak, da\u011f\u0131tmak ve eri\u015fim sa\u011flamak veya ba\u015fka \u015fekilde kullanmak.<\/p>\n\n\n\n<p>3.3. Sitenin di\u011fer kullan\u0131c\u0131lar\u0131na r\u0131zalar\u0131 olmadan toplu mesaj g\u00f6ndermek.<\/p>\n\n\n\n<p>3.4. Sitenin normal i\u015fleyi\u015fini bozmaya y\u00f6nelik yaz\u0131l\u0131m kullanmak ve eylemlerde bulunmak.<\/p>\n\n\n\n<p>3.5. Xometry&#8217;nin \u00f6zel izni olmadan web sitesinde bilgi toplamak ve\/veya web sitesi ve i\u015flevleriyle etkile\u015fimde bulunmak i\u00e7in otomatik komut dosyalar\u0131 kullanmak.<\/p>\n\n\n\n<p>3.6. Xometry&#8217;nin g\u00f6r\u00fc\u015f\u00fcne g\u00f6re istenmeyen, web sitesinin olu\u015fturulma ama\u00e7lar\u0131na uymayan, di\u011fer kullan\u0131c\u0131lar\u0131n haklar\u0131n\u0131 ihlal eden di\u011fer eylemleri ger\u00e7ekle\u015ftirmek.<\/p>\n\n\n\n<p>4. Nihai H\u00fck\u00fcmler<\/p>\n\n\n\n<p>4.1 Bu Kurallar, Kullan\u0131c\u0131lar ve Xometry aras\u0131nda Sitenin ve i\u015flevlerinin kullan\u0131m d\u00fczenine ili\u015fkin bir anla\u015fma te\u015fkil eder.<\/p>\n\n\n\n<p>4.2 Kurallar, Almanya yasalar\u0131na uygun olarak d\u00fczenlenecek ve yorumlanacakt\u0131r.<\/p>\n\n\n\n<p>4.3. D\u00fczenlemelerin uygulanmas\u0131yla ilgili herhangi bir anla\u015fmazl\u0131k veya anla\u015fmazl\u0131k olmas\u0131 durumunda, Kullan\u0131c\u0131lar ve Xometry \u00e7al\u0131\u015fanlar\u0131, bu anla\u015fmazl\u0131klar\u0131 m\u00fczakere yoluyla \u00e7\u00f6zmek i\u00e7in her t\u00fcrl\u00fc \u00e7abay\u0131 g\u00f6stereceklerdir. Anla\u015fmazl\u0131klar\u0131n bu \u015fekilde \u00e7\u00f6z\u00fclmemesi halinde, Almanya&#8217;n\u0131n y\u00fcr\u00fcrl\u00fckteki yasal mevzuat\u0131n\u0131n \u00f6ng\u00f6rd\u00fc\u011f\u00fc \u015fekilde \u00e7\u00f6z\u00fclecektir. Anla\u015fmaya var\u0131lamamas\u0131 halinde Taraflar yetkili mahkemeye ba\u015fvuracakt\u0131r.<\/p>\n\n\n\n<p>4.4. Kullan\u0131c\u0131lar m\u00fcstakilen ve masraflar\u0131 kendilerine ait olmak \u00fczere, Xometry, Xometry&#8217;nin ba\u011fl\u0131 \u015firketleri ve ortaklar\u0131, \u00e7al\u0131\u015fanlar\u0131 ve kar\u015f\u0131 taraflar i\u00e7in, Kullan\u0131c\u0131lar\u0131n web sitesini kullan\u0131rken ger\u00e7ekle\u015ftirdikleri eylemlerle ilgili \u00fc\u00e7\u00fcnc\u00fc taraflar\u0131n hak iddialar\u0131na, a\u00e7t\u0131\u011f\u0131 davalara ve\/veya \u015fikayetlerine kar\u015f\u0131, ayr\u0131ca bu t\u00fcr hak iddialar\u0131, davalar ve\/veya \u015fikayetlerden kaynaklanan her t\u00fcrl\u00fc kay\u0131p ve masraflara (makul yasal masraflar dahil) kar\u015f\u0131 koruma sa\u011flayacak ve zararlar\u0131n\u0131 tazmin edecektir.<\/p>\n\n\n\n<p>4.5. Kullan\u0131c\u0131lar, Kullan\u0131c\u0131lar\u0131n web sitesini veya \u00fc\u00e7\u00fcnc\u00fc taraf ba\u011flant\u0131lar\u0131n\u0131 veya \u0130\u00e7eriklerini kullanmas\u0131 sonucunda u\u011frayabilece\u011fi olas\u0131 zararlardan Xometry&#8217;nin Kullan\u0131c\u0131lara kar\u015f\u0131 sorumlu olmayaca\u011f\u0131n\u0131 kabul ve beyan eder.<\/p>\n\n\n\n<p>4.6. Bu Kurallar, Kullan\u0131c\u0131lar taraf\u0131ndan eri\u015filebilir olduklar\u0131 andan itibaren (bu an, Websitesini kullanmaya ba\u015flad\u0131klar\u0131 an olarak kabul edilir) ge\u00e7erli olur ve s\u00fcresiz olarak ge\u00e7erlidir.<\/p>\n\n\n\n<p>4.7 Herhangi bir nedenle Kurallar\u0131n bir veya daha fazla h\u00fckm\u00fcn\u00fcn ge\u00e7ersiz veya uygulanamaz olarak ilan edilmesi (a\u00e7\u0131klanmas\u0131) halinde, bu durum geriye kalan h\u00fck\u00fcmlerin ge\u00e7erlili\u011fini ve uygulanabilirli\u011fini etkilemeyecektir.<\/p>\n\n\n\n<p>4.8. Xometry Kurallarda de\u011fi\u015fiklikler yapma hakk\u0131na sahiptir. Kullan\u0131c\u0131lar, web sitesini kullanmaya devam ederek s\u00f6z konusu de\u011fi\u015fiklikleri kabul ettiklerini beyan etmi\u015f olurlar.<br>4.9. Sorular\u0131n\u0131z olmas\u0131 durumunda <a href=\"mailto:ad***@*****ry.pro\" data-original-string=\"MhdBoqMzFHUM9JwIfb7Kkg==022uPXgGMSq4HzMhL5yawvYvll75WbawZhpwWMWqhtyNIQ=\" title=\"This contact has been encoded by Anti-Spam by CleanTalk. Click to decode. To finish the decoding make sure that JavaScript is enabled in your browser.\"><span \n                data-original-string='iYVUvMTv9plJjrb1sYVhxA==022xBUeu2yo\/7DOPtGtSS3Ocu74D\/Mt1nzSqo5Jj7De68E='\n                class='apbct-email-encoder'\n                title='This contact has been encoded by Anti-Spam by CleanTalk. Click to decode. To finish the decoding make sure that JavaScript is enabled in your browser.'>ad<span class=\"apbct-blur\">***<\/span>@<span class=\"apbct-blur\">*****<\/span>ry.pro<\/span><\/a> adresinden Site y\u00f6neticileriyle ileti\u015fime ge\u00e7ebilirsiniz.<\/p>\n","protected":false},"excerpt":{"rendered":"<p>Xometry Pro \u00dcyelik S\u00f6zle\u015fmesi Bu kurallar (bundan sonra \u201cKurallar\u201d olarak an\u0131lacakt\u0131r), ziyaret\u00e7iler ve yetkili kullan\u0131c\u0131lar (bundan sonra \u201cKullan\u0131c\u0131lar\u201d olarak an\u0131lacakt\u0131r) i\u00e7in, Xometry Europe GmbH&#8217;ye (bundan sonra \u201cXometry\u201d olarak an\u0131lacakt\u0131r) ait olan Xometry Pro sitesinin, Kullan\u0131c\u0131lar\u0131n ilgi alanlar\u0131na g\u00f6re siteye yerle\u015ftirilen bilgilerin g\u00f6r\u00fcnt\u00fclenmesi, i\u00e7eriklerin yay\u0131nlanmas\u0131 ve sitenin di\u011fer i\u015flevlerinin kullan\u0131lmas\u0131 amac\u0131yla eri\u015fim d\u00fczenini ve kullan\u0131m ko\u015fullar\u0131n\u0131 [&hellip;]<\/p>\n","protected":false},"author":49,"featured_media":0,"parent":0,"menu_order":87,"comment_status":"closed","ping_status":"closed","template":"tpl-page.php","meta":{"_acf_changed":false,"_bbp_topic_count":0,"_bbp_reply_count":0,"_bbp_total_topic_count":0,"_bbp_total_reply_count":0,"_bbp_voice_count":0,"_bbp_anonymous_reply_count":0,"_bbp_topic_count_hidden":0,"_bbp_reply_count_hidden":0,"_bbp_forum_subforum_count":0,"inline_featured_image":false,"footnotes":""},"class_list":["post-30848","page","type-page","status-publish","hentry"],"acf":[],"yoast_head":"<!-- This site is optimized with the Yoast SEO Premium plugin v26.7 (Yoast SEO v27.3) - https:\/\/yoast.com\/product\/yoast-seo-premium-wordpress\/ -->\n<title>\u00dcyelik S\u00f6zle\u015fmesi | Xometry Pro<\/title>\n<meta name=\"description\" content=\"Bu kurallar, ziyaret\u00e7iler ve kullan\u0131c\u0131lar i\u00e7in Xometry Pro websitesinin kullan\u0131m ko\u015fullar\u0131n\u0131 tan\u0131mlar.\" \/>\n<meta name=\"robots\" content=\"index, follow, max-snippet:-1, max-image-preview:large, max-video-preview:-1\" \/>\n<link rel=\"canonical\" href=\"https:\/\/xometry.pro\/tr\/terms\/\" \/>\n<meta property=\"og:locale\" content=\"tr_TR\" \/>\n<meta property=\"og:type\" content=\"article\" \/>\n<meta property=\"og:title\" content=\"\u00dcyelik S\u00f6zle\u015fmesi\" \/>\n<meta property=\"og:description\" content=\"Bu kurallar, ziyaret\u00e7iler ve kullan\u0131c\u0131lar i\u00e7in Xometry Pro websitesinin kullan\u0131m ko\u015fullar\u0131n\u0131 tan\u0131mlar.\" \/>\n<meta property=\"og:url\" content=\"https:\/\/xometry.pro\/tr\/terms\/\" \/>\n<meta property=\"og:site_name\" content=\"Xometry Pro\" \/>\n<meta property=\"article:modified_time\" content=\"2025-09-23T08:52:57+00:00\" \/>\n<meta name=\"twitter:card\" content=\"summary_large_image\" \/>\n<meta name=\"twitter:label1\" content=\"Tahmini okuma s\u00fcresi\" \/>\n\t<meta name=\"twitter:data1\" content=\"5 dakika\" \/>\n<script type=\"application\/ld+json\" class=\"yoast-schema-graph\">{\"@context\":\"https:\\\/\\\/schema.org\",\"@graph\":[{\"@type\":\"WebPage\",\"@id\":\"https:\\\/\\\/xometry.pro\\\/tr\\\/terms\\\/\",\"url\":\"https:\\\/\\\/xometry.pro\\\/tr\\\/terms\\\/\",\"name\":\"\u00dcyelik S\u00f6zle\u015fmesi | Xometry Pro\",\"isPartOf\":{\"@id\":\"https:\\\/\\\/xometry.pro\\\/tr\\\/#website\"},\"datePublished\":\"2024-01-12T10:00:32+00:00\",\"dateModified\":\"2025-09-23T08:52:57+00:00\",\"description\":\"Bu kurallar, ziyaret\u00e7iler ve kullan\u0131c\u0131lar i\u00e7in Xometry Pro websitesinin kullan\u0131m ko\u015fullar\u0131n\u0131 tan\u0131mlar.\",\"breadcrumb\":{\"@id\":\"https:\\\/\\\/xometry.pro\\\/tr\\\/terms\\\/#breadcrumb\"},\"inLanguage\":\"tr\",\"potentialAction\":[{\"@type\":\"ReadAction\",\"target\":[\"https:\\\/\\\/xometry.pro\\\/tr\\\/terms\\\/\"]}]},{\"@type\":\"BreadcrumbList\",\"@id\":\"https:\\\/\\\/xometry.pro\\\/tr\\\/terms\\\/#breadcrumb\",\"itemListElement\":[{\"@type\":\"ListItem\",\"position\":1,\"name\":\"Anasayfa\",\"item\":\"https:\\\/\\\/xometry.pro\\\/tr\\\/\"},{\"@type\":\"ListItem\",\"position\":2,\"name\":\"\u00dcyelik S\u00f6zle\u015fmesi\"}]},{\"@type\":\"WebSite\",\"@id\":\"https:\\\/\\\/xometry.pro\\\/tr\\\/#website\",\"url\":\"https:\\\/\\\/xometry.pro\\\/tr\\\/\",\"name\":\"Xometry Pro\",\"description\":\"Knowledge &amp; Community For Engineers &amp; Product Designers\",\"potentialAction\":[{\"@type\":\"SearchAction\",\"target\":{\"@type\":\"EntryPoint\",\"urlTemplate\":\"https:\\\/\\\/xometry.pro\\\/tr\\\/?s={search_term_string}\"},\"query-input\":{\"@type\":\"PropertyValueSpecification\",\"valueRequired\":true,\"valueName\":\"search_term_string\"}}],\"inLanguage\":\"tr\"}]}<\/script>\n<!-- \/ Yoast SEO Premium plugin. -->","yoast_head_json":{"title":"\u00dcyelik S\u00f6zle\u015fmesi | Xometry Pro","description":"Bu kurallar, ziyaret\u00e7iler ve kullan\u0131c\u0131lar i\u00e7in Xometry Pro websitesinin kullan\u0131m ko\u015fullar\u0131n\u0131 tan\u0131mlar.","robots":{"index":"index","follow":"follow","max-snippet":"max-snippet:-1","max-image-preview":"max-image-preview:large","max-video-preview":"max-video-preview:-1"},"canonical":"https:\/\/xometry.pro\/tr\/terms\/","og_locale":"tr_TR","og_type":"article","og_title":"\u00dcyelik S\u00f6zle\u015fmesi","og_description":"Bu kurallar, ziyaret\u00e7iler ve kullan\u0131c\u0131lar i\u00e7in Xometry Pro websitesinin kullan\u0131m ko\u015fullar\u0131n\u0131 tan\u0131mlar.","og_url":"https:\/\/xometry.pro\/tr\/terms\/","og_site_name":"Xometry Pro","article_modified_time":"2025-09-23T08:52:57+00:00","twitter_card":"summary_large_image","twitter_misc":{"Tahmini okuma s\u00fcresi":"5 dakika"},"schema":{"@context":"https:\/\/schema.org","@graph":[{"@type":"WebPage","@id":"https:\/\/xometry.pro\/tr\/terms\/","url":"https:\/\/xometry.pro\/tr\/terms\/","name":"\u00dcyelik S\u00f6zle\u015fmesi | Xometry Pro","isPartOf":{"@id":"https:\/\/xometry.pro\/tr\/#website"},"datePublished":"2024-01-12T10:00:32+00:00","dateModified":"2025-09-23T08:52:57+00:00","description":"Bu kurallar, ziyaret\u00e7iler ve kullan\u0131c\u0131lar i\u00e7in Xometry Pro websitesinin kullan\u0131m ko\u015fullar\u0131n\u0131 tan\u0131mlar.","breadcrumb":{"@id":"https:\/\/xometry.pro\/tr\/terms\/#breadcrumb"},"inLanguage":"tr","potentialAction":[{"@type":"ReadAction","target":["https:\/\/xometry.pro\/tr\/terms\/"]}]},{"@type":"BreadcrumbList","@id":"https:\/\/xometry.pro\/tr\/terms\/#breadcrumb","itemListElement":[{"@type":"ListItem","position":1,"name":"Anasayfa","item":"https:\/\/xometry.pro\/tr\/"},{"@type":"ListItem","position":2,"name":"\u00dcyelik S\u00f6zle\u015fmesi"}]},{"@type":"WebSite","@id":"https:\/\/xometry.pro\/tr\/#website","url":"https:\/\/xometry.pro\/tr\/","name":"Xometry Pro","description":"Knowledge &amp; Community For Engineers &amp; Product Designers","potentialAction":[{"@type":"SearchAction","target":{"@type":"EntryPoint","urlTemplate":"https:\/\/xometry.pro\/tr\/?s={search_term_string}"},"query-input":{"@type":"PropertyValueSpecification","valueRequired":true,"valueName":"search_term_string"}}],"inLanguage":"tr"}]}},"_links":{"self":[{"href":"https:\/\/xometry.pro\/tr\/wp-json\/wp\/v2\/pages\/30848","targetHints":{"allow":["GET"]}}],"collection":[{"href":"https:\/\/xometry.pro\/tr\/wp-json\/wp\/v2\/pages"}],"about":[{"href":"https:\/\/xometry.pro\/tr\/wp-json\/wp\/v2\/types\/page"}],"author":[{"embeddable":true,"href":"https:\/\/xometry.pro\/tr\/wp-json\/wp\/v2\/users\/49"}],"replies":[{"embeddable":true,"href":"https:\/\/xometry.pro\/tr\/wp-json\/wp\/v2\/comments?post=30848"}],"version-history":[{"count":3,"href":"https:\/\/xometry.pro\/tr\/wp-json\/wp\/v2\/pages\/30848\/revisions"}],"predecessor-version":[{"id":123259,"href":"https:\/\/xometry.pro\/tr\/wp-json\/wp\/v2\/pages\/30848\/revisions\/123259"}],"wp:attachment":[{"href":"https:\/\/xometry.pro\/tr\/wp-json\/wp\/v2\/media?parent=30848"}],"curies":[{"name":"wp","href":"https:\/\/api.w.org\/{rel}","templated":true}]}}